{"id":832,"date":"2022-11-04T20:23:29","date_gmt":"2022-11-04T12:23:29","guid":{"rendered":"https:\/\/zzlcmachinery.com\/?post_type=product&#038;p=832"},"modified":"2022-11-26T00:47:32","modified_gmt":"2022-11-25T16:47:32","slug":"lc-jklg60-aotumatic-multi-function-round-pipe-twisting-machine","status":"publish","type":"product","link":"https:\/\/zzlcmachinery.com\/cs\/produkt\/lc-jklg60-aotumatic-multi-function-round-pipe-twisting-machine\/","title":{"rendered":"LC-JKLG60 Aotumatick\u00fd multifunk\u010dn\u00ed stroj na st\u00e1\u010den\u00ed kulat\u00fdch trubek"},"content":{"rendered":"","protected":false},"excerpt":{"rendered":"<p>Tento multifunk\u010dn\u00ed stroj na kroucen\u00ed kulat\u00fdch trubek LC-JKLG60 Aotumatic dok\u00e1\u017ee kreslit a zpracov\u00e1vat spir\u00e1lov\u00e9 kulat\u00e9 trubky, liniov\u00e9 \u010dtvercov\u00e9 trubky, ploch\u00e9 trubky s r\u016fzn\u00fdmi tlou\u0161\u0165kami a vzory.<br \/>\nStroj m\u016f\u017ee vyr\u00e1b\u011bt a zpracov\u00e1vat kulat\u00e9 trubky o pr\u016fm\u011bru maxim\u00e1ln\u011b 60 mm a tlou\u0161\u0165ce men\u0161\u00ed ne\u017e 1,2 mm do spir\u00e1lov\u00fdch trubek. Z kulat\u00e9 trubky lze vyrobit \u010dtvercovou trubku, 6 rohov\u00fdch trubek, 8 rohov\u00fdch trubek, 16 rohov\u00fdch trubek a dal\u0161\u00ed vzory.<br \/>\nTahov\u00fd stroj dok\u00e1\u017ee zpracov\u00e1vat r\u016fzn\u00e9 vzory z nerezov\u00e9 oceli pod speci\u00e1ln\u00edmi formami. Zpracovan\u00fd materi\u00e1l je nejen kr\u00e1sn\u00fd na pohled, odoln\u00fd a pevn\u00fd, ale tak\u00e9 proto, \u017ee je dut\u00fd. Materi\u00e1l bude dvojn\u00e1sobn\u011b vy\u0161\u0161\u00ed ne\u017e cena pevn\u00e9ho materi\u00e1lu. Je to nezbytn\u00fd stroj pro zpracov\u00e1n\u00ed dve\u0159\u00ed, oken, schod\u016f, z\u00e1bradl\u00ed a plot\u016f<br \/>\n24 hodin online slu\u017eba, dejte n\u00e1m v\u011bd\u011bt, pokud m\u00e1te n\u011bjak\u00e9 dotazy!<br \/>\n<strong>TECHNICK\u00c9 PARAMETRY<br \/>\n<\/strong><strong>Model: LC-JKLG60<br \/>\nZpracovac\u00ed materi\u00e1l: Kulat\u00e1 trubka\u2264\u03a660mmx1,2mm<br \/>\nRozm\u011bry hotov\u00e9ho v\u00fdrobku:<\/strong><br \/>\nKolo<strong> trubka<\/strong>\u2264\u03a660 mm x 1,2 mm<br \/>\nPloch\u00e1 trubka \u2264 60x30x1,2mm<br \/>\n\u010ctvercov\u00e1 trubka\u226415x15x1,2-60x60x1,2 mm<br \/>\n<strong style=\"font-family: var(--global-body-font-family);\">Nap\u00e1jen\u00ed:<\/strong><span style=\"font-family: var(--global-body-font-family);\"> 7,5 kW<br \/>\n<\/span><strong>Za voln\u00e9 kostky:<\/strong>6 sad<br \/>\n<strong>Nap\u011bt\u00ed:<\/strong>\u00a0220V\/380V\/415V<br \/>\n<strong>Rozm\u011br balen\u00ed:<\/strong>800*1200*700mm<strong><br \/>\n<\/strong><strong>NW (kg):<\/strong> 1100\u00a0 \u00a0 \u00a0<strong>GW (kg):<\/strong> 1150<\/p>","protected":false},"featured_media":848,"template":"","meta":{"_kad_post_transparent":"default","_kad_post_title":"","_kad_post_layout":"default","_kad_post_sidebar_id":"","_kad_post_content_style":"default","_kad_post_vertical_padding":"default","_kad_post_feature":"","_kad_post_feature_position":"","_kad_post_header":false,"_kad_post_footer":false},"product_brand":[],"product_cat":[20,31,29],"product_tag":[333,334,335,336,337,338,339,340,341,342,343,344,348,345,346,347],"class_list":{"0":"post-832","1":"product","2":"type-product","3":"status-publish","4":"has-post-thumbnail","6":"product_cat-wrought-iron-twisting-machine","7":"product_cat-electric-pipe-twisting-machine","8":"product_cat-electric-wrought-iron-processing-machine","9":"product_tag-aotumatic-multi-function-round-pipe-twisting-machine","10":"product_tag-automatic-rod-pipe-twisting-machine-equipment-with-best-price","11":"product_tag-automatic-tube-threading-pipe-twisting-machine","12":"product_tag-electric-metal-twisting-machine-twist-forming-metal-gate-door-processing-equipment","13":"product_tag-factory-hot-sale-automatic-round-stainless-steel-pipe-twisting-machine","14":"product_tag-finished-products-by-pipe-twisting-machine-2","15":"product_tag-fully-automatic-multi-functional-round-tube-twisting-machine","16":"product_tag-metal-wrought-iron-pipe-twisting-machine-with-factory-price","17":"product_tag-moulds-for-pipe-twisting-machine","18":"product_tag-new-automatic-round-pipe-twisting-machine-for-square-pipe-twisting-shape","19":"product_tag-ornamental-wrought-iron-round-pipe-twisting-making-machine","20":"product_tag-pipe-embossing-and-stretching-machine","21":"product_tag-round-pipe-twisting-machine","22":"product_tag-stainless-steel-pipe-twisting-forming-machine-with-square-pipe-twisting-shape","23":"product_tag-wrought-iron-pipe-twist-and-bend-machine-copper-pipe-twisting-machine","24":"product_tag-wrought-iron-tube-twisting-machine-for-steel-pipe","26":"first","27":"instock","28":"featured","29":"shipping-taxable","30":"product-type-simple","31":"entry","32":"content-bg","33":"loop-entry"},"_links":{"self":[{"href":"https:\/\/zzlcmachinery.com\/cs\/wp-json\/wp\/v2\/product\/832","targetHints":{"allow":["GET"]}}],"collection":[{"href":"https:\/\/zzlcmachinery.com\/cs\/wp-json\/wp\/v2\/product"}],"about":[{"href":"https:\/\/zzlcmachinery.com\/cs\/wp-json\/wp\/v2\/types\/product"}],"version-history":[{"count":0,"href":"https:\/\/zzlcmachinery.com\/cs\/wp-json\/wp\/v2\/product\/832\/revisions"}],"wp:featuredmedia":[{"embeddable":true,"href":"https:\/\/zzlcmachinery.com\/cs\/wp-json\/wp\/v2\/media\/848"}],"wp:attachment":[{"href":"https:\/\/zzlcmachinery.com\/cs\/wp-json\/wp\/v2\/media?parent=832"}],"wp:term":[{"taxonomy":"product_brand","embeddable":true,"href":"https:\/\/zzlcmachinery.com\/cs\/wp-json\/wp\/v2\/product_brand?post=832"},{"taxonomy":"product_cat","embeddable":true,"href":"https:\/\/zzlcmachinery.com\/cs\/wp-json\/wp\/v2\/product_cat?post=832"},{"taxonomy":"product_tag","embeddable":true,"href":"https:\/\/zzlcmachinery.com\/cs\/wp-json\/wp\/v2\/product_tag?post=832"}],"curies":[{"name":"wp","href":"https:\/\/api.w.org\/{rel}","templated":true}]}}