{"id":807,"date":"2022-11-01T20:30:06","date_gmt":"2022-11-01T12:30:06","guid":{"rendered":"https:\/\/zzlcmachinery.com\/?post_type=product&#038;p=807"},"modified":"2022-11-22T14:55:42","modified_gmt":"2022-11-22T06:55:42","slug":"lc-dk-hydraulic-folding-welding-spot-square-buckle-machine-for-forging-handrail","status":"publish","type":"product","link":"https:\/\/zzlcmachinery.com\/cs\/produkt\/lc-dk-hydraulic-folding-welding-spot-square-buckle-machine-for-forging-handrail\/","title":{"rendered":"LC-DK Hydraulick\u00fd skl\u00e1dac\u00ed sva\u0159ovac\u00ed stroj se \u010dtvercovou p\u0159ezkou pro kov\u00e1n\u00ed z\u00e1bradl\u00ed"},"content":{"rendered":"","protected":false},"excerpt":{"rendered":"<p>Tento hydraulick\u00fd skl\u00e1dac\u00ed stroj se \u010dtvercov\u00fdmi p\u0159ezkami pro bodov\u00e9 sva\u0159ov\u00e1n\u00ed LC-DK je hydraulick\u00e9 poloautomatick\u00e9 ovinovac\u00ed za\u0159\u00edzen\u00ed. Hydraulick\u00fd syst\u00e9m je hlavn\u00ed hnac\u00ed silou. Pln\u00ed p\u0159edev\u0161\u00edm funkci ov\u00edjen\u00ed na m\u00edst\u011b sva\u0159ov\u00e1n\u00ed kovan\u00fdch standardn\u00edch d\u00edl\u016f a z\u00e1bradl\u00ed schodi\u0161\u0165. Nepostradateln\u00fd stroj pro um\u011bleck\u00e9 zpracov\u00e1n\u00ed kov\u016f evropsk\u00e9ho stylu.<br \/>\nTento stroj m\u00e1 dva provozn\u00ed re\u017eimy: krokov\u00e9 zpracov\u00e1n\u00ed a automatick\u00e9 zpracov\u00e1n\u00ed. Krokov\u00e9 zpracov\u00e1n\u00ed dok\u00e1\u017ee zpracovat spony ve zpomalen\u00e9m pohybu. Pou\u017e\u00edv\u00e1 se p\u0159edev\u0161\u00edm pro strojn\u00ed lad\u011bn\u00ed a lad\u011bn\u00ed standardn\u00edch d\u00edl\u016f a v\u00fdb\u011br p\u0159ezek. Funkce automatick\u00e9ho zpracov\u00e1n\u00ed se m\u016f\u017ee nep\u0159etr\u017eit\u011b vychylovat, co\u017e \u0161et\u0159\u00ed \u010das a pr\u00e1ci.<br \/>\nFunkc\u00ed tohoto stroje je zabalit m\u00edsto sva\u0159ov\u00e1n\u00ed ocel\u00ed knofl\u00edku, aby se knofl\u00edk nezah\u0159\u00edval, co\u017e je odli\u0161n\u00e9 od minulosti. Rychl\u00e9 a efektivn\u00ed funkce se t\u011b\u0161\u00ed vysok\u00e9 pov\u011bsti v lince na v\u00fdrobu \u017eeleza.<br \/>\n24 hodin online slu\u017eba, dejte n\u00e1m v\u011bd\u011bt, pokud m\u00e1te n\u011bjak\u00e9 dotazy!<br \/>\n<strong>TECHNICK\u00c9 PARAMETRY<br \/>\n<\/strong><strong>Model: LC-DK<br \/>\nMateri\u00e1l zpracov\u00e1n\u00ed: M\u011bkk\u00e1 ocel<br \/>\nVelikost zpracovatelsk\u00e9 spony:<\/strong>\u00a0\u226436x20mm<br \/>\n<strong>Nap\u00e1jen\u00ed:<\/strong> 2,2 kW<br \/>\n<strong>Voln\u00e9 matrice: 4 sady<\/strong><br \/>\n<strong>Nap\u011bt\u00ed:<\/strong>\u00a0220V\/380V\/415V<br \/>\n<strong>Rozm\u011br balen\u00ed:<\/strong> 860\u00d7780\u00d71480 mm<br \/>\n<strong>NW (kg):<\/strong> 550\u00a0 \u00a0 \u00a0<strong>GW (kg):<\/strong> 600<\/p>","protected":false},"featured_media":809,"template":"","meta":{"_kad_post_transparent":"default","_kad_post_title":"","_kad_post_layout":"default","_kad_post_sidebar_id":"","_kad_post_content_style":"default","_kad_post_vertical_padding":"default","_kad_post_feature":"","_kad_post_feature_position":"","_kad_post_header":false,"_kad_post_footer":false},"product_brand":[],"product_cat":[29],"product_tag":[320,318,319,321,111,322],"class_list":{"0":"post-807","1":"product","2":"type-product","3":"status-publish","4":"has-post-thumbnail","6":"product_cat-electric-wrought-iron-processing-machine","7":"product_tag-hydraulic-folding-welding-spot-square-buckle-machine-for-forging-handrail","8":"product_tag-hydraulic-wrought-iron-folding-square-buckle-machine-for-fence-staircase-welding-spot","9":"product_tag-hydraulic-wrought-iron-forging-handrail-welding-spot-square-buckle-machine","10":"product_tag-welding-buckle-machine-for-wrought-iron","11":"product_tag-wrought-iron-machine","12":"product_tag-wrought-iron-metal-buckle-machine","14":"first","15":"instock","16":"shipping-taxable","17":"product-type-simple","18":"entry","19":"content-bg","20":"loop-entry"},"_links":{"self":[{"href":"https:\/\/zzlcmachinery.com\/cs\/wp-json\/wp\/v2\/product\/807","targetHints":{"allow":["GET"]}}],"collection":[{"href":"https:\/\/zzlcmachinery.com\/cs\/wp-json\/wp\/v2\/product"}],"about":[{"href":"https:\/\/zzlcmachinery.com\/cs\/wp-json\/wp\/v2\/types\/product"}],"version-history":[{"count":0,"href":"https:\/\/zzlcmachinery.com\/cs\/wp-json\/wp\/v2\/product\/807\/revisions"}],"wp:featuredmedia":[{"embeddable":true,"href":"https:\/\/zzlcmachinery.com\/cs\/wp-json\/wp\/v2\/media\/809"}],"wp:attachment":[{"href":"https:\/\/zzlcmachinery.com\/cs\/wp-json\/wp\/v2\/media?parent=807"}],"wp:term":[{"taxonomy":"product_brand","embeddable":true,"href":"https:\/\/zzlcmachinery.com\/cs\/wp-json\/wp\/v2\/product_brand?post=807"},{"taxonomy":"product_cat","embeddable":true,"href":"https:\/\/zzlcmachinery.com\/cs\/wp-json\/wp\/v2\/product_cat?post=807"},{"taxonomy":"product_tag","embeddable":true,"href":"https:\/\/zzlcmachinery.com\/cs\/wp-json\/wp\/v2\/product_tag?post=807"}],"curies":[{"name":"wp","href":"https:\/\/api.w.org\/{rel}","templated":true}]}}