{"id":779,"date":"2022-11-01T13:29:06","date_gmt":"2022-11-01T05:29:06","guid":{"rendered":"https:\/\/zzlcmachinery.com\/?post_type=product&#038;p=779"},"modified":"2023-02-09T20:58:44","modified_gmt":"2023-02-09T12:58:44","slug":"lc-a1-manual-tube-and-pipe-benders","status":"publish","type":"product","link":"https:\/\/zzlcmachinery.com\/cs\/produkt\/lc-a1-manual-tube-and-pipe-benders\/","title":{"rendered":"LC-A1 Ru\u010dn\u00ed oh\u00fdba\u010dky trubek a trubek"},"content":{"rendered":"","protected":false},"excerpt":{"rendered":"<p>Ru\u010dn\u00ed oh\u00fdba\u010dky trubek a trubek LC-A1 je profesion\u00e1ln\u00ed n\u00e1stroj pro oh\u00fdb\u00e1n\u00ed \u010dtvercov\u00fdch trubek, kulat\u00fdch trubek, \u010dtvercov\u00fdch ocel\u00ed, obd\u00e9ln\u00edkov\u00fdch trubek, trubek z nerezov\u00e9 oceli, v\u00fdztu\u017ee do oblouku, kruhov\u00fdch tvar\u016f (tlou\u0161\u0165ka 0,2-2,0 mm)<br \/>\nS t\u00edmto strojem jsou dod\u00e1v\u00e1ny 4 druhy kulat\u00fdch trubek: \u03a616 mm, \u03a619 mm, \u03a622 mm, \u03a625 mm.<br \/>\n\u010dtvercov\u00e1 trubka je dod\u00e1v\u00e1na s t\u00edmto strojem: 15x15mm, 20x20mm, 25x25mm, 30x30mm,40x40mm,<br \/>\nMezit\u00edm existuj\u00ed dva druhy \u010dtvercov\u00fdch ocelov\u00fdch matric (8-12 mm) pro selektivn\u00ed p\u00e1rov\u00e1n\u00ed, v\u0161echny mohou vytv\u00e1\u0159et kruhov\u00e9, p\u016flkruhov\u00e9, vlnov\u00e9 tvary.<br \/>\n24 hodin online slu\u017eba, dejte n\u00e1m v\u011bd\u011bt, pokud m\u00e1te n\u011bjak\u00e9 dotazy!<br \/>\n<strong>TECHNICK\u00c9 PARAMETRY<br \/>\n<\/strong><strong>Model: LC-A1<br \/>\nKulat\u00e1 trubka\u2264<\/strong>\u03a625 mm<strong><br \/>\n\u010ctvercov\u00e1 trubice<\/strong> \u226440x40mm<br \/>\n<strong>Kulat\u00e1 ocel<\/strong> \u2264\u03a68-\u03a612mm<br \/>\n<strong>\u010ctvercov\u00e1 ocel<\/strong> \u2264 12 mm * 12 mm<br \/>\n<strong>Nap\u00e1jen\u00ed:<\/strong> Manu\u00e1l<br \/>\n<strong>Rozm\u011br balen\u00ed:<\/strong> 200\u00d7200\u00d7200 mm<br \/>\n<strong>NW (kg):<\/strong>30<br \/>\n<strong>GW (kg):30<\/strong><\/p>","protected":false},"featured_media":784,"template":"","meta":{"_kad_post_transparent":"default","_kad_post_title":"","_kad_post_layout":"default","_kad_post_sidebar_id":"","_kad_post_content_style":"default","_kad_post_vertical_padding":"default","_kad_post_feature":"","_kad_post_feature_position":"","_kad_post_header":false,"_kad_post_footer":false},"product_brand":[],"product_cat":[33,26,34],"product_tag":[287,296,289,295,294,286,298,297,285,284,288,290,283,293,291,292],"class_list":{"0":"post-779","1":"product","2":"type-product","3":"status-publish","4":"has-post-thumbnail","6":"product_cat-manual-wrounght-iron-processing-tools","7":"product_cat-electric-pipe-bending-machine","8":"product_cat-manual-scroll-bender","9":"product_tag-best-manual-tube-bender","10":"product_tag-buy-tube-benders-online","11":"product_tag-hand-tube-bender","12":"product_tag-hand-tube-bender-manual","13":"product_tag-manual-180-tube-bender","14":"product_tag-manual-pipe-tube-bender-set","15":"product_tag-manual-round-tubing-bender","16":"product_tag-manual-square-tube-bending-tool","17":"product_tag-manual-tube-and-pipe-benders","18":"product_tag-manual-tube-bender","19":"product_tag-manual-tube-bender-dies","20":"product_tag-manual-tube-bender-for-sale","21":"product_tag-manual-tubing-benders","22":"product_tag-pipe-bending-machine","23":"product_tag-steel-tube-bender","24":"product_tag-tube-bending-machine","26":"first","27":"instock","28":"shipping-taxable","29":"product-type-simple","30":"entry","31":"content-bg","32":"loop-entry"},"_links":{"self":[{"href":"https:\/\/zzlcmachinery.com\/cs\/wp-json\/wp\/v2\/product\/779","targetHints":{"allow":["GET"]}}],"collection":[{"href":"https:\/\/zzlcmachinery.com\/cs\/wp-json\/wp\/v2\/product"}],"about":[{"href":"https:\/\/zzlcmachinery.com\/cs\/wp-json\/wp\/v2\/types\/product"}],"version-history":[{"count":0,"href":"https:\/\/zzlcmachinery.com\/cs\/wp-json\/wp\/v2\/product\/779\/revisions"}],"wp:featuredmedia":[{"embeddable":true,"href":"https:\/\/zzlcmachinery.com\/cs\/wp-json\/wp\/v2\/media\/784"}],"wp:attachment":[{"href":"https:\/\/zzlcmachinery.com\/cs\/wp-json\/wp\/v2\/media?parent=779"}],"wp:term":[{"taxonomy":"product_brand","embeddable":true,"href":"https:\/\/zzlcmachinery.com\/cs\/wp-json\/wp\/v2\/product_brand?post=779"},{"taxonomy":"product_cat","embeddable":true,"href":"https:\/\/zzlcmachinery.com\/cs\/wp-json\/wp\/v2\/product_cat?post=779"},{"taxonomy":"product_tag","embeddable":true,"href":"https:\/\/zzlcmachinery.com\/cs\/wp-json\/wp\/v2\/product_tag?post=779"}],"curies":[{"name":"wp","href":"https:\/\/api.w.org\/{rel}","templated":true}]}}