{"id":766,"date":"2022-11-01T00:17:04","date_gmt":"2022-10-31T16:17:04","guid":{"rendered":"https:\/\/zzlcmachinery.com\/?post_type=product&#038;p=766"},"modified":"2022-11-22T15:10:56","modified_gmt":"2022-11-22T07:10:56","slug":"w12-professional-manual-scroll-bending-tool-with-12-free-dies-for-wrought-iron","status":"publish","type":"product","link":"https:\/\/zzlcmachinery.com\/cs\/produkt\/w12-professional-manual-scroll-bending-tool-with-12-free-dies-for-wrought-iron\/","title":{"rendered":"W12 Professional ru\u010dn\u00ed oh\u00fdbac\u00ed n\u00e1stroj s 12 voln\u00fdmi matricemi pro kujn\u00e9 \u017eelezo"},"content":{"rendered":"","protected":false},"excerpt":{"rendered":"<p>Tento profesion\u00e1ln\u00ed ru\u010dn\u00ed oh\u00fdbac\u00ed n\u00e1stroj LC-W12 s 12 voln\u00fdmi matricemi na kujn\u00e9 \u017eelezo je ru\u010dn\u00ed n\u00e1stroj pro kutily pro zpracov\u00e1n\u00ed ploch\u00e9ho \u017eeleza, \u010dtvercov\u00e9 oceli a kruhov\u00e9 oceli do tvaru \u201eS\u201c, \u201eC\u201c a \u201eP\u201c.<br \/>\nTato ru\u010dn\u00ed oh\u00fdba\u010dka m\u00e1 12 sad voln\u00fdch oh\u00fdbac\u00edch n\u00e1stroj\u016f, co\u017e je sada oh\u00fdbac\u00edch stroj\u016f s nejv\u011bt\u0161\u00edm po\u010dtem forem v oh\u00fdba\u010dce. Tato v\u00fdhoda nepochybn\u011b zvy\u0161uje rozsah zpracov\u00e1n\u00ed stroje v nejv\u011bt\u0161\u00ed m\u00ed\u0159e a obohacuje typy vzor\u016f, kter\u00e9 lze dotv\u00e1\u0159et. Jedn\u00e1 se o \u0159adu ru\u010dn\u00edch oh\u00fdba\u010dek nezbytn\u00fdch pro dom\u00e1c\u00ed kutily a ranou f\u00e1zi kov\u00e1\u0159sk\u00e9 d\u00edlny.<br \/>\nTento stroj m\u00e1 pouze funkci rolovac\u00edho oh\u00fdb\u00e1n\u00ed kv\u011btin, m\u016f\u017ee oh\u00fdbat ploch\u00e9 \u017eelezo, \u010dtvercovou ocel a kruhovou ocel ve tvaru \u201eS\u201c, \u201eC\u201c a \u201eP\u201c.<br \/>\n24 hodin online slu\u017eba, dejte n\u00e1m v\u011bd\u011bt, pokud m\u00e1te n\u011bjak\u00e9 dotazy!<br \/>\n<strong>TECHNICK\u00c9 PARAMETRY<br \/>\n<\/strong><strong>Model: LC-W12<br \/>\nPloch\u00e1 \u017eehli\u010dka\u00a0<\/strong> \u00a0 \u2264 5 mm * 30 mm<br \/>\n<strong>Kulat\u00e1 ocel<\/strong> \u2264\u03a610 mm<br \/>\n<strong>\u010ctvercov\u00e1 ocel<\/strong> \u226410mm*10mm<br \/>\n<strong>Nap\u00e1jen\u00ed:<\/strong> Manu\u00e1l<br \/>\n<strong>Rozm\u011br balen\u00ed:<\/strong> 200\u00d7200\u00d7400 mm<br \/>\n<strong>NW (kg):<\/strong>45<br \/>\n<strong>GW (kg): 50<\/strong><\/p>","protected":false},"featured_media":776,"template":"","meta":{"_kad_post_transparent":"default","_kad_post_title":"","_kad_post_layout":"default","_kad_post_sidebar_id":"","_kad_post_content_style":"default","_kad_post_vertical_padding":"default","_kad_post_feature":"","_kad_post_feature_position":"","_kad_post_header":false,"_kad_post_footer":false},"product_brand":[],"product_cat":[33,34],"product_tag":[281,282,253,280,268,277,279,278,239,176],"class_list":{"0":"post-766","1":"product","2":"type-product","3":"status-publish","4":"has-post-thumbnail","6":"product_cat-manual-wrounght-iron-processing-tools","7":"product_cat-manual-scroll-bender","8":"product_tag-bending-machine-for-sale","9":"product_tag-buy-manual-scroll-bending-machine","10":"product_tag-buy-wrought-iron-scroll-bender","11":"product_tag-dies-for-w12-manual-scroll-bending-machine","12":"product_tag-diy-metal-working-tools","13":"product_tag-manual-scroll-bender","14":"product_tag-manual-steel-scroll-bending-tools","15":"product_tag-professional-manual-metal-scroll-bending-tool-with-12-sets-free-dies-for-wrought-iron","16":"product_tag-scroll-bender-machine-for-flat-iron-round-pipe-square-steel-square-tube","17":"product_tag-wrought-iron-scroll-bender-for-sale","19":"first","20":"instock","21":"shipping-taxable","22":"product-type-simple","23":"entry","24":"content-bg","25":"loop-entry"},"_links":{"self":[{"href":"https:\/\/zzlcmachinery.com\/cs\/wp-json\/wp\/v2\/product\/766","targetHints":{"allow":["GET"]}}],"collection":[{"href":"https:\/\/zzlcmachinery.com\/cs\/wp-json\/wp\/v2\/product"}],"about":[{"href":"https:\/\/zzlcmachinery.com\/cs\/wp-json\/wp\/v2\/types\/product"}],"version-history":[{"count":0,"href":"https:\/\/zzlcmachinery.com\/cs\/wp-json\/wp\/v2\/product\/766\/revisions"}],"wp:featuredmedia":[{"embeddable":true,"href":"https:\/\/zzlcmachinery.com\/cs\/wp-json\/wp\/v2\/media\/776"}],"wp:attachment":[{"href":"https:\/\/zzlcmachinery.com\/cs\/wp-json\/wp\/v2\/media?parent=766"}],"wp:term":[{"taxonomy":"product_brand","embeddable":true,"href":"https:\/\/zzlcmachinery.com\/cs\/wp-json\/wp\/v2\/product_brand?post=766"},{"taxonomy":"product_cat","embeddable":true,"href":"https:\/\/zzlcmachinery.com\/cs\/wp-json\/wp\/v2\/product_cat?post=766"},{"taxonomy":"product_tag","embeddable":true,"href":"https:\/\/zzlcmachinery.com\/cs\/wp-json\/wp\/v2\/product_tag?post=766"}],"curies":[{"name":"wp","href":"https:\/\/api.w.org\/{rel}","templated":true}]}}