{"id":755,"date":"2022-10-31T19:03:30","date_gmt":"2022-10-31T11:03:30","guid":{"rendered":"https:\/\/zzlcmachinery.com\/?post_type=product&#038;p=755"},"modified":"2022-11-22T15:16:02","modified_gmt":"2022-11-22T07:16:02","slug":"lc-w13-manual-metal-craft-wrought-iron-scroll-bender","status":"publish","type":"product","link":"https:\/\/zzlcmachinery.com\/cs\/produkt\/lc-w13-manual-metal-craft-wrought-iron-scroll-bender\/","title":{"rendered":"LC-W13 Ru\u010dn\u00ed oh\u00fdba\u010dka svitk\u016f z tepan\u00e9ho \u017eeleza"},"content":{"rendered":"","protected":false},"excerpt":{"rendered":"<p>LC-W13 mantal kovov\u00e9 \u0159emesln\u00e9 kovan\u00e9 svitkov\u00e9 oh\u00fdba\u010dky je DIY ru\u010dn\u00ed n\u00e1stroj pro \u0159ez\u00e1n\u00ed kovu, oh\u00fdb\u00e1n\u00ed a kroucen\u00ed kovu. Ru\u010dn\u00ed spir\u00e1lov\u00e1 oh\u00fdba\u010dka m\u016f\u017ee b\u00fdt pou\u017eita pro zpracov\u00e1n\u00ed ploch\u00e9ho \u017eeleza, \u010dtvercov\u00e9 oceli a kruhov\u00e9 oceli. M\u016f\u017ee oh\u00fdbat ploch\u00e9 \u017eelezo, \u010dtvercovou ocel a kruhovou ocel ve tvaru \u201eS\u201c, \u201eC\u201c a \u201eP\u201c. M\u016f\u017ee tak\u00e9 realizovat funkci v\u00fdroby \u010dty\u0159dr\u00e1tov\u00fdch kv\u011btinov\u00fdch ko\u0161\u016f. Tato sada n\u00e1stroj\u016f se skl\u00e1d\u00e1 z 9 n\u00e1stroj\u016f s r\u016fzn\u00fdmi funkcemi<br \/>\n6 oh\u00fdbac\u00edch n\u00e1stroj\u016f pro oh\u00fdb\u00e1n\u00ed kovov\u00e9ho materi\u00e1lu vzor \u201eS\u201c \u201eC\u201c \u201eP\u201c.<br \/>\n1 \u0159ezn\u00fd n\u00e1stroj pro \u0159ez\u00e1n\u00ed kovov\u00fdch materi\u00e1l\u016f<br \/>\n1 oto\u010dn\u00fd n\u00e1stroj pro funkci kv\u011btinov\u00e9ho ko\u0161e<br \/>\n1 n\u00e1stroj speci\u00e1ln\u00edho tvaru m\u00e1 funkce sr\u00e1\u017een\u00ed hran, zaoblen\u00ed a oblouku kovu.<br \/>\n24 hodin online slu\u017eba, dejte n\u00e1m v\u011bd\u011bt, pokud m\u00e1te n\u011bjak\u00e9 dotazy!<br \/>\n<strong>TECHNICK\u00c9 PARAMETRY<br \/>\n<\/strong><strong>Model: LC-W13<br \/>\n\u017dehli\u010dka:<\/strong> \u226440*6mm,<br \/>\n<strong>Kulat\u00e1 ocel:<\/strong> \u2264\u03c612 mm,<br \/>\n<strong>\u010ctvercov\u00e1 ocel:<\/strong> \u226416*16mm<br \/>\n<strong>Nap\u00e1jen\u00ed:<\/strong> Manu\u00e1l<br \/>\n<strong>Rozm\u011br balen\u00ed:<\/strong> 500\u00d7500\u00d7500 mm<br \/>\n<strong>NW (kg):<\/strong>80<br \/>\n<strong>GW (kg): 80<\/strong><\/p>","protected":false},"featured_media":762,"template":"","meta":{"_kad_post_transparent":"default","_kad_post_title":"","_kad_post_layout":"default","_kad_post_sidebar_id":"","_kad_post_content_style":"default","_kad_post_vertical_padding":"default","_kad_post_feature":"","_kad_post_feature_position":"","_kad_post_header":false,"_kad_post_footer":false},"product_brand":[],"product_cat":[33,34],"product_tag":[273,268,271,274,188,261,272,276,250,72,275,265],"class_list":{"0":"post-755","1":"product","2":"type-product","3":"status-publish","4":"has-post-thumbnail","6":"product_cat-manual-wrounght-iron-processing-tools","7":"product_cat-manual-scroll-bender","8":"product_tag-bender-hand-tools","9":"product_tag-diy-metal-working-tools","10":"product_tag-diy-scroll-bender-without-welding-for-steel-brass-cooper-aluminum","11":"product_tag-homemade-metal-bender-tools","12":"product_tag-make-a-metal-scroll-bender","13":"product_tag-manual-metal-craft-scroll-bending-tools","14":"product_tag-manual-metal-craft-wrought-iron-scroll","15":"product_tag-metal-bender-tool","16":"product_tag-metal-craft-bending-tools-ornametal-scroll-bender","17":"product_tag-metal-scroll-bender","18":"product_tag-scroll-bender-plans","19":"product_tag-wrought-iron-metal-scroll-bender","21":"first","22":"instock","23":"shipping-taxable","24":"product-type-simple","25":"entry","26":"content-bg","27":"loop-entry"},"_links":{"self":[{"href":"https:\/\/zzlcmachinery.com\/cs\/wp-json\/wp\/v2\/product\/755","targetHints":{"allow":["GET"]}}],"collection":[{"href":"https:\/\/zzlcmachinery.com\/cs\/wp-json\/wp\/v2\/product"}],"about":[{"href":"https:\/\/zzlcmachinery.com\/cs\/wp-json\/wp\/v2\/types\/product"}],"version-history":[{"count":0,"href":"https:\/\/zzlcmachinery.com\/cs\/wp-json\/wp\/v2\/product\/755\/revisions"}],"wp:featuredmedia":[{"embeddable":true,"href":"https:\/\/zzlcmachinery.com\/cs\/wp-json\/wp\/v2\/media\/762"}],"wp:attachment":[{"href":"https:\/\/zzlcmachinery.com\/cs\/wp-json\/wp\/v2\/media?parent=755"}],"wp:term":[{"taxonomy":"product_brand","embeddable":true,"href":"https:\/\/zzlcmachinery.com\/cs\/wp-json\/wp\/v2\/product_brand?post=755"},{"taxonomy":"product_cat","embeddable":true,"href":"https:\/\/zzlcmachinery.com\/cs\/wp-json\/wp\/v2\/product_cat?post=755"},{"taxonomy":"product_tag","embeddable":true,"href":"https:\/\/zzlcmachinery.com\/cs\/wp-json\/wp\/v2\/product_tag?post=755"}],"curies":[{"name":"wp","href":"https:\/\/api.w.org\/{rel}","templated":true}]}}