{"id":748,"date":"2022-10-31T16:14:20","date_gmt":"2022-10-31T08:14:20","guid":{"rendered":"https:\/\/zzlcmachinery.com\/?post_type=product&#038;p=748"},"modified":"2022-11-22T15:17:33","modified_gmt":"2022-11-22T07:17:33","slug":"lc-w9-china-factory-seller-manual-scroll-bender-for-sale","status":"publish","type":"product","link":"https:\/\/zzlcmachinery.com\/cs\/produkt\/lc-w9-china-factory-seller-manual-scroll-bender-for-sale\/","title":{"rendered":"LC-W9 China Factory Seller Manual Scroll Bender na prodej"},"content":{"rendered":"","protected":false},"excerpt":{"rendered":"<p>Prodej ru\u010dn\u00ed svitkov\u00e9 oh\u00fdba\u010dky LC-W9 v \u010c\u00edn\u011b je ru\u010dn\u00ed ru\u010dn\u00ed n\u00e1stroj pro kutily pro \u0159ez\u00e1n\u00ed kovu, oh\u00fdb\u00e1n\u00ed a kroucen\u00ed kovu. Ru\u010dn\u00ed spir\u00e1lov\u00e1 oh\u00fdba\u010dka m\u016f\u017ee b\u00fdt pou\u017eita pro zpracov\u00e1n\u00ed ploch\u00e9ho \u017eeleza, \u010dtvercov\u00e9 oceli a kruhov\u00e9 oceli. M\u016f\u017ee oh\u00fdbat ploch\u00e9 \u017eelezo, \u010dtvercovou ocel a kruhovou ocel ve tvaru \u201eS\u201c, \u201eC\u201c a \u201eP\u201c. M\u016f\u017ee tak\u00e9 realizovat funkci v\u00fdroby \u010dty\u0159dr\u00e1tov\u00fdch kv\u011btinov\u00fdch ko\u0161\u016f. Tato sada n\u00e1stroj\u016f se skl\u00e1d\u00e1 z 9 n\u00e1stroj\u016f s r\u016fzn\u00fdmi funkcemi<br \/>\n6 oh\u00fdbac\u00edch n\u00e1stroj\u016f pro oh\u00fdb\u00e1n\u00ed kovov\u00e9ho materi\u00e1lu vzor \u201eS\u201c \u201eC\u201c \u201eP\u201c.<br \/>\n1 \u0159ezn\u00fd n\u00e1stroj pro \u0159ez\u00e1n\u00ed kovov\u00fdch materi\u00e1l\u016f<br \/>\n1 oto\u010dn\u00fd n\u00e1stroj pro funkci kv\u011btinov\u00e9ho ko\u0161e<br \/>\n1 n\u00e1stroj speci\u00e1ln\u00edho tvaru m\u00e1 funkce sr\u00e1\u017een\u00ed hran, zaoblen\u00ed a oblouku kovu.<br \/>\n24 hodin online slu\u017eba, dejte n\u00e1m v\u011bd\u011bt, pokud m\u00e1te n\u011bjak\u00e9 dotazy!<br \/>\n<strong>TECHNICK\u00c9 PARAMETRY<br \/>\n<\/strong><strong>Model: LC-W9<br \/>\n\u017dehli\u010dka: \u226440*6mm,<br \/>\nKruhov\u00e1 ocel: \u2264\u03c612 mm,<br \/>\n\u010ctvercov\u00e1 ocel: \u226416*16mm<\/strong><br \/>\n<strong>Nap\u00e1jen\u00ed:<\/strong> Manu\u00e1l<br \/>\n<strong>Rozm\u011br balen\u00ed:<\/strong> 500\u00d7500\u00d7500 mm<br \/>\n<strong>NW (kg):<\/strong>80<br \/>\n<strong>GW (kg): 80<\/strong><\/p>","protected":false},"featured_media":752,"template":"","meta":{"_kad_post_transparent":"default","_kad_post_title":"","_kad_post_layout":"default","_kad_post_sidebar_id":"","_kad_post_content_style":"default","_kad_post_vertical_padding":"default","_kad_post_feature":"","_kad_post_feature_position":"","_kad_post_header":false,"_kad_post_footer":false},"product_brand":[],"product_cat":[33,34],"product_tag":[260,270,268,258,262,261,264,267,269,259,263,266,265],"class_list":{"0":"post-748","1":"product","2":"type-product","3":"status-publish","4":"has-post-thumbnail","6":"product_cat-manual-wrounght-iron-processing-tools","7":"product_cat-manual-scroll-bender","8":"product_tag-buy-metal-craft-tool","9":"product_tag-diy-homework-metal-craft-processing-tools","10":"product_tag-diy-metal-working-tools","11":"product_tag-ellsen-wrought-iron-machinery-factory","12":"product_tag-iron-manual-scroll-bender","13":"product_tag-manual-metal-craft-scroll-bending-tools","14":"product_tag-manual-steel-scroll-bending-machine","15":"product_tag-metalcraft-tool-set-master","16":"product_tag-scroll-former-tool-metalcraft","17":"product_tag-steel-bender","18":"product_tag-steel-scroll-bender","19":"product_tag-wrought-iron-equiment","20":"product_tag-wrought-iron-metal-scroll-bender","22":"first","23":"instock","24":"shipping-taxable","25":"product-type-simple","26":"entry","27":"content-bg","28":"loop-entry"},"_links":{"self":[{"href":"https:\/\/zzlcmachinery.com\/cs\/wp-json\/wp\/v2\/product\/748","targetHints":{"allow":["GET"]}}],"collection":[{"href":"https:\/\/zzlcmachinery.com\/cs\/wp-json\/wp\/v2\/product"}],"about":[{"href":"https:\/\/zzlcmachinery.com\/cs\/wp-json\/wp\/v2\/types\/product"}],"version-history":[{"count":0,"href":"https:\/\/zzlcmachinery.com\/cs\/wp-json\/wp\/v2\/product\/748\/revisions"}],"wp:featuredmedia":[{"embeddable":true,"href":"https:\/\/zzlcmachinery.com\/cs\/wp-json\/wp\/v2\/media\/752"}],"wp:attachment":[{"href":"https:\/\/zzlcmachinery.com\/cs\/wp-json\/wp\/v2\/media?parent=748"}],"wp:term":[{"taxonomy":"product_brand","embeddable":true,"href":"https:\/\/zzlcmachinery.com\/cs\/wp-json\/wp\/v2\/product_brand?post=748"},{"taxonomy":"product_cat","embeddable":true,"href":"https:\/\/zzlcmachinery.com\/cs\/wp-json\/wp\/v2\/product_cat?post=748"},{"taxonomy":"product_tag","embeddable":true,"href":"https:\/\/zzlcmachinery.com\/cs\/wp-json\/wp\/v2\/product_tag?post=748"}],"curies":[{"name":"wp","href":"https:\/\/api.w.org\/{rel}","templated":true}]}}