{"id":727,"date":"2022-10-30T20:46:07","date_gmt":"2022-10-30T12:46:07","guid":{"rendered":"https:\/\/zzlcmachinery.com\/?post_type=product&#038;p=727"},"modified":"2022-11-22T15:27:33","modified_gmt":"2022-11-22T07:27:33","slug":"lc-hd14-multifunction-wrought-iron-ornamental-scroll-bender","status":"publish","type":"product","link":"https:\/\/zzlcmachinery.com\/cs\/produkt\/lc-hd14-multifunction-wrought-iron-ornamental-scroll-bender\/","title":{"rendered":"LC-HD14 Manu\u00e1ln\u00ed dom\u00e1c\u00ed oh\u00fdba\u010dka na kovov\u00e9 \u0159emeslo"},"content":{"rendered":"","protected":false},"excerpt":{"rendered":"<p>LC-HD14 ru\u010dn\u00ed kovov\u00e1 \u0159emesln\u00e1 dom\u00e1c\u00ed rolovac\u00ed oh\u00fdba\u010dka, d\u00edky technick\u00e9 integraci a \u00faprav\u011b, tato ru\u010dn\u00ed oh\u00fdba\u010dka kombinuje n\u011bkolik origin\u00e1ln\u00edch ru\u010dn\u00edch oh\u00fdba\u010dek do multifunk\u010dn\u00edho ru\u010dn\u00edho oh\u00fdbac\u00edho stroje, kter\u00fd se zm\u011bnil z p\u016fvodn\u00ed mal\u00e9 zpracovatelsk\u00e9 kapacity na zpracovatelskou kapacitu, kter\u00e1 dok\u00e1\u017ee jsou nyn\u00ed srovnateln\u00e9 s elektrick\u00fdmi stroji. Zlep\u0161ete p\u0159esnost a pevnost produktu a existuj\u00ed manu\u00e1ly, formy pro za\u0159\u00edzen\u00ed a formy pro elektrick\u00e9 oh\u00fdba\u010dky, kter\u00e9 jsou b\u011b\u017en\u00e9, snadno se obsluhuj\u00ed, \u0161et\u0159\u00ed energii a jsou \u0161etrn\u00e9 k \u017eivotn\u00edmu prost\u0159ed\u00ed.<br \/>\nTento produkt m\u016f\u017ee zpracov\u00e1vat \u010dtvercovou ocel, \u010dtvercovou trubku, ploch\u00e9 \u017eelezo, kulatou ocel, kulatou trubku ve tvaru P, S, C, tyto vzory mohou b\u00fdt \u0161iroce pou\u017e\u00edv\u00e1ny p\u0159i zpracov\u00e1n\u00ed, br\u00e1ny, schody, ploty, kovan\u00fd n\u00e1bytek atd. Ru\u010dn\u00ed oh\u00fdb\u00e1n\u00ed stroj je rozhodn\u011b dobrou volbou pro po\u010d\u00e1te\u010dn\u00ed f\u00e1zi kov\u00e1\u0159ovy kari\u00e9ry.<br \/>\n24 hodin online slu\u017eba, dejte n\u00e1m v\u011bd\u011bt, pokud m\u00e1te n\u011bjak\u00e9 dotazy!<br \/>\n<strong>TECHNICK\u00c9 PARAMETRY<br \/>\n<\/strong><strong>Model: LC-HD14<br \/>\n\u017dehli\u010dka:<\/strong>\u226430*6mm<br \/>\n<strong>Kulat\u00e1 ocel:<\/strong> \u2264\u03c614 mm<br \/>\n<strong>\u010ctvercov\u00e1 ocel:<\/strong>\u226414*14mm<br \/>\n<strong>\u010ctvercov\u00e1 trubice:<\/strong>\u226414*14mm<br \/>\n<strong>Kulat\u00e1 trubka:<\/strong>\u2264\u03c619 mm<br \/>\n<strong>Nap\u00e1jen\u00ed:<\/strong> Manu\u00e1l<br \/>\n<strong>Rozm\u011br balen\u00ed:<\/strong> 600\u00d7600\u00d7600 mm<br \/>\n<strong>NW (kg):<\/strong>50<br \/>\n<strong>GW (kg):<\/strong>55<\/p>","protected":false},"featured_media":729,"template":"","meta":{"_kad_post_transparent":"default","_kad_post_title":"","_kad_post_layout":"default","_kad_post_sidebar_id":"","_kad_post_content_style":"default","_kad_post_vertical_padding":"default","_kad_post_feature":"","_kad_post_feature_position":"","_kad_post_header":false,"_kad_post_footer":false},"product_brand":[],"product_cat":[33,34],"product_tag":[232,235,49,182,237,236,231,233,234,238,185,192,194,189,111,193],"class_list":{"0":"post-727","1":"product","2":"type-product","3":"status-publish","4":"has-post-thumbnail","6":"product_cat-manual-wrounght-iron-processing-tools","7":"product_cat-manual-scroll-bender","8":"product_tag-buy-metal-scroll-bender","9":"product_tag-buy-metal-tube-bender-with-free-dies","10":"product_tag-electric-scroll-bending-machine","11":"product_tag-iron-pattern-bender","12":"product_tag-manual-metal-craft-homemade-scroll-bender","13":"product_tag-manual-metal-craft-tools-for-sale","14":"product_tag-manual-metal-scroll-bender","15":"product_tag-manual-metal-scroll-wrought-iron-craft-bending","16":"product_tag-metal-tube-bender","17":"product_tag-scroll-bender-tools","18":"product_tag-scroll-bending-machine-for-sale","19":"product_tag-scroll-making-machine","20":"product_tag-scroll-pattern-bender-equipment","21":"product_tag-scroll-pattern-bending-machine","22":"product_tag-wrought-iron-machine","23":"product_tag-wrought-iron-scrolling-bending-machine","25":"first","26":"instock","27":"shipping-taxable","28":"product-type-simple","29":"entry","30":"content-bg","31":"loop-entry"},"_links":{"self":[{"href":"https:\/\/zzlcmachinery.com\/cs\/wp-json\/wp\/v2\/product\/727","targetHints":{"allow":["GET"]}}],"collection":[{"href":"https:\/\/zzlcmachinery.com\/cs\/wp-json\/wp\/v2\/product"}],"about":[{"href":"https:\/\/zzlcmachinery.com\/cs\/wp-json\/wp\/v2\/types\/product"}],"version-history":[{"count":0,"href":"https:\/\/zzlcmachinery.com\/cs\/wp-json\/wp\/v2\/product\/727\/revisions"}],"wp:featuredmedia":[{"embeddable":true,"href":"https:\/\/zzlcmachinery.com\/cs\/wp-json\/wp\/v2\/media\/729"}],"wp:attachment":[{"href":"https:\/\/zzlcmachinery.com\/cs\/wp-json\/wp\/v2\/media?parent=727"}],"wp:term":[{"taxonomy":"product_brand","embeddable":true,"href":"https:\/\/zzlcmachinery.com\/cs\/wp-json\/wp\/v2\/product_brand?post=727"},{"taxonomy":"product_cat","embeddable":true,"href":"https:\/\/zzlcmachinery.com\/cs\/wp-json\/wp\/v2\/product_cat?post=727"},{"taxonomy":"product_tag","embeddable":true,"href":"https:\/\/zzlcmachinery.com\/cs\/wp-json\/wp\/v2\/product_tag?post=727"}],"curies":[{"name":"wp","href":"https:\/\/api.w.org\/{rel}","templated":true}]}}