{"id":708,"date":"2022-10-29T23:52:18","date_gmt":"2022-10-29T15:52:18","guid":{"rendered":"https:\/\/zzlcmachinery.com\/?post_type=product&#038;p=708"},"modified":"2022-11-22T15:31:38","modified_gmt":"2022-11-22T07:31:38","slug":"lc-jkdn25c-wrought-iron-metal-twisting-machine","status":"publish","type":"product","link":"https:\/\/zzlcmachinery.com\/cs\/produkt\/lc-jkdn25c-wrought-iron-metal-twisting-machine\/","title":{"rendered":"LC-JKDN25C Twisting Machine z tepan\u00e9ho \u017eeleza"},"content":{"rendered":"","protected":false},"excerpt":{"rendered":"<p>Kovov\u00fd z\u00e1krut LC-JKDN25C je d\u016fle\u017eit\u00fd stroj pro v\u00fdrobu bran, plot\u016f, z\u00e1bradl\u00ed, schodi\u0161\u0165, n\u00e1bytku, \u017eelezn\u00fdch postel\u00ed, \u017eidl\u00ed a stol\u016f, kovan\u00fdch \u017eelezn\u00fdch ty\u010d\u00ed, d\u00edl\u016f, girlandov\u00fdch hlav pro kov\u00e1\u0159e. Zkrucovac\u00ed stroj vylep\u0161uje technologii na z\u00e1klad\u011b p\u016fvodn\u00edho elektrick\u00e9ho skac\u00edho stroje. Program stroje je automaticky korigov\u00e1n, p\u0159i\u010dem\u017e v\u0161echny produkty z\u016fst\u00e1vaj\u00ed stejn\u00e9, tak\u017ee m\u016f\u017ee dos\u00e1hnout \u00fa\u010delu hromadn\u00e9 v\u00fdroby, LC-JKDN25C tento stroj m\u00e1 pouze funkci kroucen\u00ed.<br \/>\nPo vylep\u0161en\u00ed stroje. Tento stroj m\u016f\u017ee libovoln\u011b p\u0159ep\u00ednat mezi mechanismem navij\u00e1ku a origin\u00e1ln\u00edm kon\u00edkem. Demontujte teleskopickou posuvnou kolejnici oto\u010dn\u00e9ho zadn\u00edho sedadla a pot\u00e9 zatla\u010dte na mechanismus kv\u011btinov\u00e9ho ko\u0161e, abyste jej spojili s origin\u00e1ln\u00ed z\u00e1suvkou, aby se kv\u011btinov\u00fd ko\u0161 oto\u010dil. Proto mohou z\u00e1kazn\u00edci o tomto stroji uva\u017eovat, kdy\u017e je rozpo\u010det omezen\u00fd, a kdy\u017e je rozpo\u010det dostate\u010dn\u00fd, lze formu doplnit o funkci kroucec\u00edho stroje na kv\u011btinov\u00e9 ko\u0161e.<br \/>\nNejen, \u017ee m\u016f\u017eete kroutit tvar precl\u00edku, m\u016f\u017eete tak\u00e9 kroutit kv\u011btinov\u00e9 ko\u0161e (pta\u010d\u00ed klece).<br \/>\nForma je dod\u00e1v\u00e1na se strojem a poskytuje 9 sad forem.<br \/>\n24 hodin online slu\u017eba, dejte n\u00e1m v\u011bd\u011bt, pokud m\u00e1te n\u011bjak\u00e9 dotazy!<br \/>\n<strong>TECHNICK\u00c9 PARAMETRY<br \/>\n<\/strong><strong>Model: LC-JKDN25C<br \/>\nMaxim\u00e1ln\u00ed pracovn\u00ed schopnost:<\/strong> D\u00e9lka\u2264200-800 mm<br \/>\n<strong>\u010ctvercov\u00e1 ocel<\/strong> \u226425\u00d725 mm<br \/>\n<strong>Ploch\u00e1 \u017eehli\u010dka<\/strong> \u2264 80 x 10 mm<br \/>\n<strong>Nap\u00e1jen\u00ed:<\/strong> 5,2 kW<br \/>\n<strong>Za voln\u00e9 kostky:<\/strong>6 sad \u010dtvercov\u00fdch ocelov\u00fdch z\u00e1pustek, 3 sady z\u00e1pustek z ploch\u00e9ho \u017eeleza<br \/>\n<strong>Nap\u011bt\u00ed:<\/strong>\u00a0220V\/380V\/415V<br \/>\n<strong>Rozm\u011br balen\u00ed:<\/strong> 1400\u00d7620\u00d71100 mm<br \/>\n<strong>NW (kg):<\/strong> 480\u00a0 \u00a0 \u00a0 <strong>GW (kg):<\/strong> 550<\/p>","protected":false},"featured_media":721,"template":"","meta":{"_kad_post_transparent":"default","_kad_post_title":"","_kad_post_layout":"default","_kad_post_sidebar_id":"","_kad_post_content_style":"default","_kad_post_vertical_padding":"default","_kad_post_feature":"","_kad_post_feature_position":"","_kad_post_header":false,"_kad_post_footer":false},"product_brand":[],"product_cat":[20,29],"product_tag":[196,230,229,204,197,209],"class_list":{"0":"post-708","1":"product","2":"type-product","3":"status-publish","4":"has-post-thumbnail","6":"product_cat-wrought-iron-twisting-machine","7":"product_cat-electric-wrought-iron-processing-machine","8":"product_tag-automatic-wrought-iron-twisting-machine","9":"product_tag-electric-metal-twisting-machine","10":"product_tag-finished-product-of-wrought-iron-twisting-machine","11":"product_tag-multifunctional-wrought-iron-machine","12":"product_tag-twisting-machine-at-best-price-in-china","13":"product_tag-wrought-iron-twist-machine","15":"first","16":"instock","17":"shipping-taxable","18":"product-type-simple","19":"entry","20":"content-bg","21":"loop-entry"},"_links":{"self":[{"href":"https:\/\/zzlcmachinery.com\/cs\/wp-json\/wp\/v2\/product\/708","targetHints":{"allow":["GET"]}}],"collection":[{"href":"https:\/\/zzlcmachinery.com\/cs\/wp-json\/wp\/v2\/product"}],"about":[{"href":"https:\/\/zzlcmachinery.com\/cs\/wp-json\/wp\/v2\/types\/product"}],"version-history":[{"count":0,"href":"https:\/\/zzlcmachinery.com\/cs\/wp-json\/wp\/v2\/product\/708\/revisions"}],"wp:featuredmedia":[{"embeddable":true,"href":"https:\/\/zzlcmachinery.com\/cs\/wp-json\/wp\/v2\/media\/721"}],"wp:attachment":[{"href":"https:\/\/zzlcmachinery.com\/cs\/wp-json\/wp\/v2\/media?parent=708"}],"wp:term":[{"taxonomy":"product_brand","embeddable":true,"href":"https:\/\/zzlcmachinery.com\/cs\/wp-json\/wp\/v2\/product_brand?post=708"},{"taxonomy":"product_cat","embeddable":true,"href":"https:\/\/zzlcmachinery.com\/cs\/wp-json\/wp\/v2\/product_cat?post=708"},{"taxonomy":"product_tag","embeddable":true,"href":"https:\/\/zzlcmachinery.com\/cs\/wp-json\/wp\/v2\/product_tag?post=708"}],"curies":[{"name":"wp","href":"https:\/\/api.w.org\/{rel}","templated":true}]}}