{"id":707,"date":"2022-10-29T23:51:51","date_gmt":"2022-10-29T15:51:51","guid":{"rendered":"https:\/\/zzlcmachinery.com\/?post_type=product&#038;p=707"},"modified":"2022-11-22T15:34:49","modified_gmt":"2022-11-22T07:34:49","slug":"lc-jkdn25e-electric-8-wires-basket-twisting-machine-iron-craft-bird-cage-making-machine-wrought-iron-machine","status":"publish","type":"product","link":"https:\/\/zzlcmachinery.com\/cs\/produkt\/lc-jkdn25e-electric-8-wires-basket-twisting-machine-iron-craft-bird-cage-making-machine-wrought-iron-machine\/","title":{"rendered":"LC-JKDN25E Elektrick\u00fd 8vodi\u010dov\u00fd ko\u0161 na kroucen\u00ed Stroj na v\u00fdrobu \u017eelezn\u00fdch klec\u00ed Stroj na v\u00fdrobu klec\u00ed pro pt\u00e1ky"},"content":{"rendered":"","protected":false},"excerpt":{"rendered":"<p>LC-JKDN25E Elektrick\u00fd 8vodi\u010dov\u00fd stroj na zkrucov\u00e1n\u00ed ko\u0161\u016f \u017eelezn\u00fd stroj na v\u00fdrobu pta\u010d\u00edch klec\u00ed stroj na v\u00fdrobu kovan\u00e9ho \u017eeleza je profesion\u00e1ln\u00ed n\u00e1stroj na zpracov\u00e1n\u00ed kov\u016f speci\u00e1ln\u011b pou\u017e\u00edvan\u00fd pro zpracov\u00e1n\u00ed v\u00edcedr\u00e1tov\u00fdch pta\u010d\u00edch klec\u00ed. Dok\u00e1\u017ee zpracovat 8dr\u00e1tov\u00e9 kv\u011btinov\u00e9 ko\u0161e, 4dr\u00e1tov\u00e9 kv\u011btinov\u00e9 ko\u0161e a 12dr\u00e1tov\u00e9 kv\u011btinov\u00e9 ko\u0161e (12dr\u00e1tov\u00e9 kv\u011btinov\u00e9 ko\u0161e jako p\u0159izp\u016fsobiteln\u00e1 mo\u017enost pro z\u00e1kazn\u00edky). B\u011bhem zpracov\u00e1n\u00ed je t\u0159eba nejprve zpracovat 4 nebo 8 dr\u00e1t\u016f materi\u00e1lu: P\u0159ed zpracov\u00e1n\u00edm je t\u0159eba oba konce materi\u00e1lu sva\u0159it.<br \/>\nZejm\u00e9na v\u00fdroba 8-dr\u00e1tov\u00fdch kv\u011btinov\u00fdch ko\u0161\u016f mus\u00ed b\u00fdt p\u0159ed zpracov\u00e1n\u00edm kalcinov\u00e1na a ochlazena a kone\u010dn\u00fd produkt je vynikaj\u00edc\u00ed. Maxim\u00e1ln\u00ed pr\u016fm\u011br zpracov\u00e1n\u00ed tohoto stroje je 25 mm \u010dtvercov\u00e1 ocel. Maxim\u00e1ln\u00ed kapacita zpracov\u00e1n\u00ed tohoto stroje je 12 \u0159ad kv\u011btinov\u00fdch ko\u0161\u016f. Stroj n\u00e1hodn\u011b poskytuje voln\u00e9 formy. 5 sad forem na kv\u011btinov\u00e9 ko\u0161\u00edky je poskytov\u00e1no zdarma (v\u010detn\u011b 8 dr\u00e1t\u011bn\u00e9ho kv\u011btinov\u00e9ho ko\u0161\u00edku a 4 ko\u0161\u00edkov\u00e9ho kv\u011btinov\u00e9ho ko\u0161\u00edku): Pr\u016fm\u011br matrice na zpracov\u00e1n\u00ed je 12 mm, 14 mm, 18 mm, 20 mm. 24 hodin online servis, dejte n\u00e1m v\u011bd\u011bt, zda m\u00e1te n\u011bjak\u00e9 ot\u00e1zky!<br \/>\n<strong>TECHNICK\u00c9 PARAMETRY<br \/>\n<\/strong><strong>Model: LC-JKDN25D<br \/>\nMaxim\u00e1ln\u00ed pracovn\u00ed schopnost:<\/strong> D\u00e9lka\u2264200-800 mm<br \/>\n<strong>\u010ctvercov\u00e1 ocel<\/strong> \u226425\u00d725 mm Kruhov\u00e1 ocel :\u03a66mm,\u03a68mm<br \/>\n<strong>Ploch\u00e1 \u017eehli\u010dka<\/strong> \u2264 80 x 10 mm<br \/>\n<strong>Nap\u00e1jen\u00ed:<\/strong> 5,2 kW<br \/>\n<strong>Za voln\u00e9 kostky:<\/strong>6 sad \u010dtvercov\u00fdch ocelov\u00fdch raznic, 3 sady ploch\u00fdch \u017eelezn\u00fdch razidel, 5 sad ko\u0161\u00ed\u010dkov\u00fdch razidel na kv\u011btiny<br \/>\n<strong>Nap\u011bt\u00ed:<\/strong>\u00a0220V\/380V\/415V<br \/>\n<strong>Rozm\u011br balen\u00ed:<\/strong> 1400\u00d7620\u00d71100 mm<br \/>\n<strong>NW (kg):<\/strong> 480\u00a0 \u00a0 \u00a0 <strong>GW (kg):<\/strong> 550<\/p>","protected":false},"featured_media":710,"template":"","meta":{"_kad_post_transparent":"default","_kad_post_title":"","_kad_post_layout":"default","_kad_post_sidebar_id":"","_kad_post_content_style":"default","_kad_post_vertical_padding":"default","_kad_post_feature":"","_kad_post_feature_position":"","_kad_post_header":false,"_kad_post_footer":false},"product_brand":[],"product_cat":[20,29],"product_tag":[214,223,221,228,212,210,226,219,211,225,216,220,222,218,227,224,213,215,111,217],"class_list":{"0":"post-707","1":"product","2":"type-product","3":"status-publish","4":"has-post-thumbnail","6":"product_cat-wrought-iron-twisting-machine","7":"product_cat-electric-wrought-iron-processing-machine","8":"product_tag-basket-maker","9":"product_tag-basket-twister","10":"product_tag-buy-basket-making-tool","11":"product_tag-buy-used-wrought-iron-machines","12":"product_tag-electric-4-wires-basket-twisting-machine","13":"product_tag-electric-8-wires-basket-making-machine","14":"product_tag-ellsen-metalcraft-machinery","15":"product_tag-ellsen-ornamental-wrought-iron","16":"product_tag-iron-craft-bird-cage-making-machine","17":"product_tag-metal-bar-twisting-basket-making-machine","18":"product_tag-metal-craft-basket-making-machine","19":"product_tag-metal-craft-making-attachemnt-steel-twister-tool","20":"product_tag-metal-craft-twister-tool","21":"product_tag-metal-twisting-machine","22":"product_tag-metal-twisting-wrought-iron-machine-for-making-wire-basket","23":"product_tag-steel-basket-twist-tool","24":"product_tag-wire-twister-machine","25":"product_tag-wrought-iron-basket-machine","26":"product_tag-wrought-iron-machine","27":"product_tag-wrought-iron-twisting-machine-manufacturers","29":"first","30":"instock","31":"shipping-taxable","32":"product-type-simple","33":"entry","34":"content-bg","35":"loop-entry"},"_links":{"self":[{"href":"https:\/\/zzlcmachinery.com\/cs\/wp-json\/wp\/v2\/product\/707","targetHints":{"allow":["GET"]}}],"collection":[{"href":"https:\/\/zzlcmachinery.com\/cs\/wp-json\/wp\/v2\/product"}],"about":[{"href":"https:\/\/zzlcmachinery.com\/cs\/wp-json\/wp\/v2\/types\/product"}],"version-history":[{"count":0,"href":"https:\/\/zzlcmachinery.com\/cs\/wp-json\/wp\/v2\/product\/707\/revisions"}],"wp:featuredmedia":[{"embeddable":true,"href":"https:\/\/zzlcmachinery.com\/cs\/wp-json\/wp\/v2\/media\/710"}],"wp:attachment":[{"href":"https:\/\/zzlcmachinery.com\/cs\/wp-json\/wp\/v2\/media?parent=707"}],"wp:term":[{"taxonomy":"product_brand","embeddable":true,"href":"https:\/\/zzlcmachinery.com\/cs\/wp-json\/wp\/v2\/product_brand?post=707"},{"taxonomy":"product_cat","embeddable":true,"href":"https:\/\/zzlcmachinery.com\/cs\/wp-json\/wp\/v2\/product_cat?post=707"},{"taxonomy":"product_tag","embeddable":true,"href":"https:\/\/zzlcmachinery.com\/cs\/wp-json\/wp\/v2\/product_tag?post=707"}],"curies":[{"name":"wp","href":"https:\/\/api.w.org\/{rel}","templated":true}]}}