{"id":687,"date":"2022-10-28T18:36:53","date_gmt":"2022-10-28T10:36:53","guid":{"rendered":"https:\/\/zzlcmachinery.com\/?post_type=product&#038;p=687"},"modified":"2022-10-30T18:14:10","modified_gmt":"2022-10-30T10:14:10","slug":"lc-jkdn25d-muliti-function-wrought-iron-metal-twisting-machine-design-for-sale","status":"publish","type":"product","link":"https:\/\/zzlcmachinery.com\/cs\/produkt\/lc-jkdn25d-muliti-function-wrought-iron-metal-twisting-machine-design-for-sale\/","title":{"rendered":"LC-JKDN25D Multifunk\u010dn\u00ed kovan\u00e1 \u017eelezn\u00e1 konstrukce kroucec\u00edho stroje na prodej"},"content":{"rendered":"","protected":false},"excerpt":{"rendered":"<p>LC-JKDN25D Multifunk\u010dn\u00ed kovan\u00fd kovov\u00fd kroucec\u00ed stroj na prodej je nejuniverz\u00e1ln\u011bj\u0161\u00ed kovov\u00fd kroucec\u00ed stroj, kter\u00fd dok\u00e1\u017ee kroutit ploch\u00e9 \u017eelezo, \u010dtvercovou ocel, kulatou ocel a \u010dtvercovou trubku. Dok\u00e1\u017ee nejen zpracov\u00e1vat kovov\u00e9 materi\u00e1ly do tvaru zkroucen\u00ed, ale tak\u00e9 zkroutit v\u00edce \u010dtvercov\u00fdch ocel\u00ed nebo kulat\u00fdch ocel\u00ed dohromady, aby vytvo\u0159ily v\u00edce vzor\u016f Twist nebo ko\u0161\u00edku, co\u017e v\u00fdrazn\u011b obohacuje um\u011bleckou strukturu zpracov\u00e1n\u00ed z\u00e1bradl\u00ed dve\u0159\u00ed a oken.<br \/>\nMaxim\u00e1ln\u011b lze zkroutit 25x25mm \u010dtvercovou ocel, 30x8mm ploch\u00e9 \u017eelezo, m\u016f\u017ee zkroutit 4 kusy \u03a612mm kulat\u00e9 oceli, 4 kusy 12x12mm \u010dtvercov\u00e9 oceli st\u0159\u00eddav\u011b do tvaru 4-strann\u00e9ho kv\u011btinov\u00e9ho ko\u0161e.<br \/>\nK dispozici jsou 4pramenn\u00e9 ko\u0161e, 8pramenn\u00e9 a 12pramenn\u00e9 ko\u0161e. Materi\u00e1ly zpracov\u00e1van\u00e9 do ko\u0161\u00ed\u010dkov\u00e9 kv\u011btiny jsou tak\u00e9 velmi b\u011b\u017en\u00e9 \u010dtvercov\u00e9 oceli o rozm\u011brech 4x4mm, 6x6mm, 7x7mm, 8x8mm a kruhov\u00e9 oceli o pr\u016fm\u011brech 6mm a 8 mm.<br \/>\nTento stroj n\u00e1hodn\u011b distribuuje 12 sad forem a formy pro 8pramenn\u00e9 a 12pramenn\u00e9 kv\u011btinov\u00e9 ko\u0161e si z\u00e1kazn\u00edci mus\u00ed zakoupit.<br \/>\n24 hodin online slu\u017eba, dejte n\u00e1m v\u011bd\u011bt, pokud m\u00e1te n\u011bjak\u00e9 dotazy!<br \/>\n<strong>TECHNICK\u00c9 PARAMETRY<br \/>\n<\/strong><strong>Model: LC-JKDN25D<br \/>\nMaxim\u00e1ln\u00ed pracovn\u00ed schopnost:<\/strong> D\u00e9lka\u2264200-800 mm<br \/>\n<strong>\u010ctvercov\u00e1 ocel<\/strong> \u226425\u00d725 mm Kruhov\u00e1 ocel :\u03a66mm,\u03a68mm<br \/>\n<strong>Ploch\u00e1 \u017eehli\u010dka<\/strong> \u2264 80 x 10 mm<br \/>\n<strong>Nap\u00e1jen\u00ed:<\/strong> 5,2 kW<br \/>\n<strong>Za voln\u00e9 kostky:<\/strong>6 sad \u010dtvercov\u00fdch ocelov\u00fdch raznic, 3 sady ploch\u00fdch \u017eelezn\u00fdch razidel, 4 sady 4-ramenn\u00fdch ko\u0161ov\u00fdch raznic na kv\u011btiny<br \/>\n<strong>Nap\u011bt\u00ed:<\/strong>\u00a0220V\/380V\/415V<br \/>\n<strong>Rozm\u011br balen\u00ed:<\/strong> 1400\u00d7620\u00d71100 mm<br \/>\n<strong>NW (kg):<\/strong> 480\u00a0 \u00a0 \u00a0 <strong>GW (kg):<\/strong> 550<\/p>","protected":false},"featured_media":690,"template":"","meta":{"_kad_post_transparent":"default","_kad_post_title":"","_kad_post_layout":"default","_kad_post_sidebar_id":"","_kad_post_content_style":"default","_kad_post_vertical_padding":"default","_kad_post_feature":"","_kad_post_feature_position":"","_kad_post_header":false,"_kad_post_footer":false},"product_brand":[],"product_cat":[20,29],"product_tag":[207,208,196,198,206,202,205,200,204,203,197,199,201,209],"class_list":{"0":"post-687","1":"product","2":"type-product","3":"status-publish","4":"has-post-thumbnail","6":"product_cat-wrought-iron-twisting-machine","7":"product_cat-electric-wrought-iron-processing-machine","8":"product_tag-4-strand-flower-basket-electric-twisting-machine","9":"product_tag-8-strand-flower-basket-electric-twisting-machine","10":"product_tag-automatic-wrought-iron-twisting-machine","11":"product_tag-ellsen-wrought-iron-machine","12":"product_tag-flower-ball-twisting-machine-for-wrought-iron","13":"product_tag-high-quality-wrought-iron-twisting-machine","14":"product_tag-muliti-function-wrought-iron-metal-twisting-machine-design","15":"product_tag-multi-function-wrought-iron-machine-for-sale","16":"product_tag-multifunctional-wrought-iron-machine","17":"product_tag-twisting-machine","18":"product_tag-twisting-machine-at-best-price-in-china","19":"product_tag-twisting-machines","20":"product_tag-wrought-iron-metal-twisting-machine-for-sale","21":"product_tag-wrought-iron-twist-machine","23":"first","24":"instock","25":"shipping-taxable","26":"product-type-simple","27":"entry","28":"content-bg","29":"loop-entry"},"_links":{"self":[{"href":"https:\/\/zzlcmachinery.com\/cs\/wp-json\/wp\/v2\/product\/687","targetHints":{"allow":["GET"]}}],"collection":[{"href":"https:\/\/zzlcmachinery.com\/cs\/wp-json\/wp\/v2\/product"}],"about":[{"href":"https:\/\/zzlcmachinery.com\/cs\/wp-json\/wp\/v2\/types\/product"}],"version-history":[{"count":0,"href":"https:\/\/zzlcmachinery.com\/cs\/wp-json\/wp\/v2\/product\/687\/revisions"}],"wp:featuredmedia":[{"embeddable":true,"href":"https:\/\/zzlcmachinery.com\/cs\/wp-json\/wp\/v2\/media\/690"}],"wp:attachment":[{"href":"https:\/\/zzlcmachinery.com\/cs\/wp-json\/wp\/v2\/media?parent=687"}],"wp:term":[{"taxonomy":"product_brand","embeddable":true,"href":"https:\/\/zzlcmachinery.com\/cs\/wp-json\/wp\/v2\/product_brand?post=687"},{"taxonomy":"product_cat","embeddable":true,"href":"https:\/\/zzlcmachinery.com\/cs\/wp-json\/wp\/v2\/product_cat?post=687"},{"taxonomy":"product_tag","embeddable":true,"href":"https:\/\/zzlcmachinery.com\/cs\/wp-json\/wp\/v2\/product_tag?post=687"}],"curies":[{"name":"wp","href":"https:\/\/api.w.org\/{rel}","templated":true}]}}