{"id":670,"date":"2022-10-26T00:24:58","date_gmt":"2022-10-25T16:24:58","guid":{"rendered":"https:\/\/zzlcmachinery.com\/?post_type=product&#038;p=670"},"modified":"2022-11-22T15:47:14","modified_gmt":"2022-11-22T07:47:14","slug":"lc-jk30-program-controlled-pattern-bender-metal-scroll-bending-machine","status":"publish","type":"product","link":"https:\/\/zzlcmachinery.com\/cs\/produkt\/lc-jk30-program-controlled-pattern-bender-metal-scroll-bending-machine\/","title":{"rendered":"LC-JK30 Programem \u0159\u00edzen\u00e1 oh\u00fdba\u010dka vzor\u016f oh\u00fdba\u010dka kovov\u00fdch svitk\u016f"},"content":{"rendered":"","protected":false},"excerpt":{"rendered":"<p>LC-JK30 Programov\u011b \u0159\u00edzen\u00e1 oh\u00fdba\u010dka vzoru oh\u00fdba\u010dka kovov\u00fdch spir\u00e1l je vrcholem kr\u00e1le mezi mnoha modely spir\u00e1lov\u00e9 oh\u00fdba\u010dky. Tento stroj m\u00e1 nejv\u011bt\u0161\u00ed rozsah zpracov\u00e1n\u00ed mezi v\u0161emi stroji stejn\u00e9ho typu. M\u016f\u017ee b\u00fdt pou\u017eit ke zpracov\u00e1n\u00ed ploch\u00e9ho \u017eeleza, \u010dtvercov\u00e9 oceli, kruhov\u00e9 oceli, \u010dtvercov\u00e9 trubky, kruhov\u00e9 trubky a 6 sad bude dod\u00e1v\u00e1no se strojem, kdy\u017e bude stroj odesl\u00e1n, t\u011bchto 6 sad matric m\u016f\u017ee vytv\u00e1\u0159et vzory P, S, C s maxim\u00e1ln\u00ed pr\u016fm\u011br 50 cm. Z\u00e1kazn\u00edci si mohou p\u0159izp\u016fsobit formy podle sv\u00fdch vlastn\u00edch pot\u0159eb. Maxim\u00e1ln\u00ed pr\u016fm\u011br formy lze p\u0159izp\u016fsobit vzoru P, S, C je 100 cm.<br \/>\nStroj je vybaven no\u017en\u00edm sp\u00edna\u010dem. Obsluha je pohodln\u00e1 a rychl\u00e1 a strojov\u00e9 u\u010den\u00ed se rychle u\u010d\u00ed. Ka\u017ed\u00fd kov\u00e1\u0159 se mus\u00ed nau\u010dit n\u00e1vody a provozn\u00ed videa<br \/>\n24 hodin online slu\u017eba, dejte n\u00e1m v\u011bd\u011bt, pokud m\u00e1te n\u011bjak\u00e9 dotazy!<br \/>\n<strong>TECHNICK\u00c9 PARAMETRY<br \/>\n<\/strong><strong>Model: LC-JK30<br \/>\n\u017dehli\u010dka:<\/strong>\u2264 80 x 20 mm<br \/>\n<strong>Kulat\u00e1 ocel:<\/strong> \u2264\u03c630 mm<br \/>\n<strong>\u010ctvercov\u00e1 ocel:<\/strong>\u2264 30 x 30 mm<br \/>\n<strong>\u010ctvercov\u00e1 trubice:<\/strong>\u226440x40mm Tlou\u0161\u0165ka \u010dtvercov\u00e9 trubky\u22644mm<br \/>\n<strong>Kulat\u00e1 trubka:<\/strong>\u2264\u03c642mm Tlou\u0161\u0165ka kulat\u00e9 trubky\u22644mm<br \/>\n<strong>Rychlost zpracov\u00e1n\u00ed:<\/strong> 200 ks \/H<br \/>\n<strong>Nap\u00e1jen\u00ed:<\/strong> 5,5 kW<br \/>\n<strong>Nap\u011bt\u00ed:<\/strong>\u00a0220V\/380V\/415V<br \/>\n<strong>Rozm\u011br balen\u00ed:<\/strong> 1000\u00d71500\u00d71800 mm<br \/>\n<strong>NW (kg):<\/strong> 750<br \/>\n<strong>GW (kg):<\/strong> 800<\/p>","protected":false},"featured_media":683,"template":"","meta":{"_kad_post_transparent":"default","_kad_post_title":"","_kad_post_layout":"default","_kad_post_sidebar_id":"","_kad_post_content_style":"default","_kad_post_vertical_padding":"default","_kad_post_feature":"","_kad_post_feature_position":"","_kad_post_header":false,"_kad_post_footer":false},"product_brand":[],"product_cat":[29,27],"product_tag":[195,191,182,188,187,186,184,183,185,190,192,194,189,111,193],"class_list":{"0":"post-670","1":"product","2":"type-product","3":"status-publish","4":"has-post-thumbnail","6":"product_cat-electric-wrought-iron-processing-machine","7":"product_cat-electric-scroll-bending-machine","8":"product_tag-automatoic-metal-craft-scroll-bender-machine","9":"product_tag-buy-wrought-iron-scroll-bending-machines","10":"product_tag-iron-pattern-bender","11":"product_tag-make-a-metal-scroll-bender","12":"product_tag-metal-craft-scroll-bending-machine-for-sale","13":"product_tag-ornamental-iron-machines","14":"product_tag-program-controiied-scroll-bending-machine","15":"product_tag-program-controlled-pattern-bender-metal-scroll-bending-machine","16":"product_tag-scroll-bending-machine-for-sale","17":"product_tag-scroll-bending-mchinae-programmed-controlled-panels","18":"product_tag-scroll-making-machine","19":"product_tag-scroll-pattern-bender-equipment","20":"product_tag-scroll-pattern-bending-machine","21":"product_tag-wrought-iron-machine","22":"product_tag-wrought-iron-scrolling-bending-machine","24":"first","25":"instock","26":"shipping-taxable","27":"product-type-simple","28":"entry","29":"content-bg","30":"loop-entry"},"_links":{"self":[{"href":"https:\/\/zzlcmachinery.com\/cs\/wp-json\/wp\/v2\/product\/670","targetHints":{"allow":["GET"]}}],"collection":[{"href":"https:\/\/zzlcmachinery.com\/cs\/wp-json\/wp\/v2\/product"}],"about":[{"href":"https:\/\/zzlcmachinery.com\/cs\/wp-json\/wp\/v2\/types\/product"}],"version-history":[{"count":0,"href":"https:\/\/zzlcmachinery.com\/cs\/wp-json\/wp\/v2\/product\/670\/revisions"}],"wp:featuredmedia":[{"embeddable":true,"href":"https:\/\/zzlcmachinery.com\/cs\/wp-json\/wp\/v2\/media\/683"}],"wp:attachment":[{"href":"https:\/\/zzlcmachinery.com\/cs\/wp-json\/wp\/v2\/media?parent=670"}],"wp:term":[{"taxonomy":"product_brand","embeddable":true,"href":"https:\/\/zzlcmachinery.com\/cs\/wp-json\/wp\/v2\/product_brand?post=670"},{"taxonomy":"product_cat","embeddable":true,"href":"https:\/\/zzlcmachinery.com\/cs\/wp-json\/wp\/v2\/product_cat?post=670"},{"taxonomy":"product_tag","embeddable":true,"href":"https:\/\/zzlcmachinery.com\/cs\/wp-json\/wp\/v2\/product_tag?post=670"}],"curies":[{"name":"wp","href":"https:\/\/api.w.org\/{rel}","templated":true}]}}