{"id":664,"date":"2022-10-25T23:47:44","date_gmt":"2022-10-25T15:47:44","guid":{"rendered":"https:\/\/zzlcmachinery.com\/?post_type=product&#038;p=664"},"modified":"2022-11-22T15:50:34","modified_gmt":"2022-11-22T07:50:34","slug":"lc-jk16-diy-wrought-iron-flat-steel-scrolling-bending-machine-metal-scroll-bender","status":"publish","type":"product","link":"https:\/\/zzlcmachinery.com\/cs\/produkt\/lc-jk16-diy-wrought-iron-flat-steel-scrolling-bending-machine-metal-scroll-bender\/","title":{"rendered":"LC-JK16 DIY kovan\u00e9 \u017eelezo Ploch\u00e1 ocel rolovac\u00ed oh\u00fdba\u010dka Metal Scroll Bender"},"content":{"rendered":"","protected":false},"excerpt":{"rendered":"<p>LC-JK16 DIY oh\u00fdba\u010dka ploch\u00e9 oceli z tepan\u00e9ho \u017eeleza oh\u00fdba\u010dka kovov\u00e1 spir\u00e1la se tak\u00e9 pou\u017e\u00edv\u00e1 k v\u00fdrob\u011b um\u011bleck\u00fdch kovan\u00fdch vzor\u016f ve tvaru C, P, S, U a je nav\u00edc vybavena blokov\u00e1n\u00edm \u03c650 mm, \u03c6, 30 mm, \u03c620 mm kole\u010dka, kter\u00e1 jsou vhodn\u00e1 pro zpracov\u00e1n\u00ed r\u016fzn\u00fdch velikost\u00ed vzor\u016f. Rozd\u00edl je v tom, \u017ee tento oh\u00fdbac\u00ed stroj m\u016f\u017ee zpracov\u00e1vat nejen ploch\u00e9 \u017eelezo, kruhovou ocel, \u010dtvercovou ocel, ale tak\u00e9 kruhov\u00e9 trubky a \u010dtvercov\u00e9 trubky.<br \/>\nTato spir\u00e1lov\u00e1 oh\u00fdba\u010dka dok\u00e1\u017ee zpracovat a\u017e 20x20 mm \u010dtvercovou trubku o tlou\u0161\u0165ce maxim\u00e1ln\u011b 3 mm a pr\u016fm\u011bru 20 mm a kruhovou trubku o tlou\u0161\u0165ce maxim\u00e1ln\u011b 3 mm.<br \/>\nStroj je vybaven 6 sadami forem zdarma.<br \/>\n24 hodin online slu\u017eba, dejte n\u00e1m v\u011bd\u011bt, pokud m\u00e1te n\u011bjak\u00e9 dotazy!<br \/>\n<strong>TECHNICK\u00c9 PARAMETRY<br \/>\n<\/strong><strong>Model: LC-JK16<br \/>\n\u017dehli\u010dka:<\/strong>\u2264 8 \u00d7 50 mm<br \/>\n<strong>Kulat\u00e1 ocel:<\/strong> \u2264\u03c616 mm<br \/>\n<strong>\u010ctvercov\u00e1 ocel:<\/strong>\u2264 16 \u00d7 16 mm<br \/>\n<strong>\u010ctvercov\u00e1 trubice:<\/strong>\u226420\u00d720mm Tlou\u0161\u0165ka \u010dtvercov\u00e9 trubky\u22643mm<br \/>\n<strong>Kulat\u00e1 trubka:<\/strong>\u2264\u03c620mm Tlou\u0161\u0165ka kulat\u00e9 trubky\u22643mm<br \/>\n<strong>Rychlost zpracov\u00e1n\u00ed:<\/strong> 500 ks \/H<br \/>\n<strong>Nap\u00e1jen\u00ed:<\/strong> 2,2 kW<br \/>\n<strong>Nap\u011bt\u00ed:<\/strong>\u00a0220V\/380V\/415V<br \/>\n<strong>Rozm\u011br balen\u00ed:<\/strong> 800\u00d7600\u00d71200 mm<br \/>\n<strong>NW (kg):<\/strong> 350<br \/>\n<strong>GW (kg):<\/strong> 400<\/p>","protected":false},"featured_media":673,"template":"","meta":{"_kad_post_transparent":"default","_kad_post_title":"","_kad_post_layout":"default","_kad_post_sidebar_id":"","_kad_post_content_style":"default","_kad_post_vertical_padding":"default","_kad_post_feature":"","_kad_post_feature_position":"","_kad_post_header":false,"_kad_post_footer":false},"product_brand":[],"product_cat":[29,27],"product_tag":[178,180,175,76,49,182,177,179,72,181],"class_list":{"0":"post-664","1":"product","2":"type-product","3":"status-publish","4":"has-post-thumbnail","6":"product_cat-electric-wrought-iron-processing-machine","7":"product_cat-electric-scroll-bending-machine","8":"product_tag-buy-scroll-bender","9":"product_tag-china-wrought-iron-machine-and-metal-craft-machine","10":"product_tag-diy-wrought-iron-flat-steel-scrolling-bending-machine-metal-scroll-bender","11":"product_tag-electric-flat-iron-scroll-bending-machine","12":"product_tag-electric-scroll-bending-machine","13":"product_tag-iron-pattern-bender","14":"product_tag-manual-meta-scroll-bender","15":"product_tag-metal-craft-bending-tools","16":"product_tag-metal-scroll-bender","17":"product_tag-ornamental-iron-machine-manufacturer","19":"first","20":"instock","21":"shipping-taxable","22":"product-type-simple","23":"entry","24":"content-bg","25":"loop-entry"},"_links":{"self":[{"href":"https:\/\/zzlcmachinery.com\/cs\/wp-json\/wp\/v2\/product\/664","targetHints":{"allow":["GET"]}}],"collection":[{"href":"https:\/\/zzlcmachinery.com\/cs\/wp-json\/wp\/v2\/product"}],"about":[{"href":"https:\/\/zzlcmachinery.com\/cs\/wp-json\/wp\/v2\/types\/product"}],"version-history":[{"count":0,"href":"https:\/\/zzlcmachinery.com\/cs\/wp-json\/wp\/v2\/product\/664\/revisions"}],"wp:featuredmedia":[{"embeddable":true,"href":"https:\/\/zzlcmachinery.com\/cs\/wp-json\/wp\/v2\/media\/673"}],"wp:attachment":[{"href":"https:\/\/zzlcmachinery.com\/cs\/wp-json\/wp\/v2\/media?parent=664"}],"wp:term":[{"taxonomy":"product_brand","embeddable":true,"href":"https:\/\/zzlcmachinery.com\/cs\/wp-json\/wp\/v2\/product_brand?post=664"},{"taxonomy":"product_cat","embeddable":true,"href":"https:\/\/zzlcmachinery.com\/cs\/wp-json\/wp\/v2\/product_cat?post=664"},{"taxonomy":"product_tag","embeddable":true,"href":"https:\/\/zzlcmachinery.com\/cs\/wp-json\/wp\/v2\/product_tag?post=664"}],"curies":[{"name":"wp","href":"https:\/\/api.w.org\/{rel}","templated":true}]}}