{"id":653,"date":"2022-10-23T22:37:30","date_gmt":"2022-10-23T14:37:30","guid":{"rendered":"https:\/\/zzlcmachinery.com\/?post_type=product&#038;p=653"},"modified":"2022-11-22T15:52:22","modified_gmt":"2022-11-22T07:52:22","slug":"china-manufacture-metalcraft-hytraulic-moulder-wrought-iron-machine","status":"publish","type":"product","link":"https:\/\/zzlcmachinery.com\/cs\/produkt\/china-manufacture-metalcraft-hytraulic-moulder-wrought-iron-machine\/","title":{"rendered":"\u010c\u00edna vyr\u00e1b\u00ed Metalcraft Hytraulic Mulder kujn\u00fd stroj"},"content":{"rendered":"","protected":false},"excerpt":{"rendered":"<p>LCYY16 \u010c\u00edna vyr\u00e1b\u00ed metalcraft hytraulick\u00fd kujn\u00fd stroj s tov\u00e1rn\u00ed cenou, tento hydraulick\u00fd tv\u00e1\u0159ec\u00ed stroj je v sou\u010dasn\u00e9 dob\u011b nejfunk\u010dn\u011bj\u0161\u00edm hydroformovac\u00edm strojem v pr\u016fmyslu zpracov\u00e1n\u00ed kov\u016f. Na z\u00e1klad\u011b zpracov\u00e1n\u00ed ploch\u00e9ho \u017eeleza, kruhov\u00e9 oceli a \u010dty\u0159hrann\u00e9 oceli m\u016f\u017ee zpracov\u00e1vat tak\u00e9 \u010dtvercov\u00e9 trubky a kruhov\u00e9 trubky. N\u00e1r\u016fst zpracovatelsk\u00fdch materi\u00e1l\u016f m\u016f\u017ee d\u00e1le roz\u0161\u00ed\u0159it rozmanitost tvarovac\u00edch vzor\u016f. Tato kovov\u00e1 \u0159emesln\u00e1 hytraulick\u00e1 formi\u010dka m\u016f\u017ee vytla\u010dovat \u010dtvercovou ocel, kulatou ocel, ploch\u00e9 \u017eelezo, kulat\u00e9 trubky a \u010dtvercov\u00e9 trubky do r\u016fzn\u00fdch tvar\u016f, jako je kruh, oblouk a \u00fahel najednou.<br \/>\nToto vybaven\u00ed no\u017en\u00edho sp\u00edna\u010de m\u016f\u017ee uvolnit ruce oper\u00e1torovi stroje, zlep\u0161it efektivitu pr\u00e1ce, u\u0161et\u0159it pr\u00e1ci a pohodln\u00e9 a jednoduch\u00e9 ovl\u00e1d\u00e1n\u00ed v\u00e1m umo\u017en\u00ed rychle za\u010d\u00edt.<br \/>\nV\u00fdm\u011bna brusn\u00e9ho n\u00e1stroje m\u016f\u017ee b\u00fdt dokon\u010dena za 5 minut a z\u00e1kazn\u00edk si m\u016f\u017ee vybrat 4 sady forem.<br \/>\nHydraulick\u00fd formova\u010d ho n\u00e1hodn\u011b doprov\u00e1z\u00ed, aby rozbil 4 sady voln\u00fdch forem (1 sada pro \u00fahlov\u00e9 oh\u00fdb\u00e1n\u00ed a dus\u00e1n\u00ed kulat\u00fdch forem, 1 sada obloukov\u00fdch rovn\u00e1n\u00ed a vyrovn\u00e1v\u00e1n\u00ed, 2 sady formovac\u00edch forem) a z\u00e1kazn\u00edci si mohou vybrat formy.<br \/>\n24 hodin online slu\u017eba, dejte n\u00e1m v\u011bd\u011bt, pokud m\u00e1te n\u011bjak\u00e9 dotazy!<br \/>\n<strong>TECHNICK\u00c9 PARAMETRY<br \/>\n<\/strong><strong>Model: LC-YY16<br \/>\nMaxim\u00e1ln\u00ed pracovn\u00ed schopnost:<\/strong> \u017dehli\u010dka\u226410x50mm<br \/>\nKruhov\u00e1 ocel \u2264\u03a616mm \u010ctvercov\u00e1 ocel\u226416x16mm<br \/>\nKruhov\u00e1 trubka\u2264\u03a680mm \u010ctvercov\u00e1 trubka\u226480x80mm<br \/>\n<strong>Nap\u00e1jen\u00ed:<\/strong>7,5 kW<br \/>\n<strong>Nap\u011bt\u00ed:<\/strong>\u00a0220V\/380V\/415V<br \/>\n<strong>Rozm\u011br balen\u00ed:<\/strong> 1300\u00d7700\u00d71400 mm<br \/>\n<strong>NW (kg):<\/strong> 780\u00a0 \u00a0 \u00a0 <strong>GW (kg):<\/strong> 850<\/p>","protected":false},"featured_media":659,"template":"","meta":{"_kad_post_transparent":"default","_kad_post_title":"","_kad_post_layout":"default","_kad_post_sidebar_id":"","_kad_post_content_style":"default","_kad_post_vertical_padding":"default","_kad_post_feature":"","_kad_post_feature_position":"","_kad_post_header":false,"_kad_post_footer":false},"product_brand":[],"product_cat":[29,23],"product_tag":[172,133,174,131,173,171,129,51,111],"class_list":{"0":"post-653","1":"product","2":"type-product","3":"status-publish","4":"has-post-thumbnail","6":"product_cat-electric-wrought-iron-processing-machine","7":"product_cat-wrought-iron-hydraulic-moulder","8":"product_tag-blacksmith-equipment","9":"product_tag-buy-metal-craft-hydraulic-moulder","10":"product_tag-china-iron-moulder","11":"product_tag-hydraulic-bending-machine","12":"product_tag-hydraulic-moulder-lanchen-reputable-wrought-iron-supplier","13":"product_tag-lc-yy16-china-manufacture-metalcraft-hytraulic-moulder-wrought-iron-machine","14":"product_tag-metal-craft-hydraulic-moulder","15":"product_tag-wrought-iron-bending-machine","16":"product_tag-wrought-iron-machine","18":"first","19":"instock","20":"shipping-taxable","21":"product-type-simple","22":"entry","23":"content-bg","24":"loop-entry"},"_links":{"self":[{"href":"https:\/\/zzlcmachinery.com\/cs\/wp-json\/wp\/v2\/product\/653","targetHints":{"allow":["GET"]}}],"collection":[{"href":"https:\/\/zzlcmachinery.com\/cs\/wp-json\/wp\/v2\/product"}],"about":[{"href":"https:\/\/zzlcmachinery.com\/cs\/wp-json\/wp\/v2\/types\/product"}],"version-history":[{"count":0,"href":"https:\/\/zzlcmachinery.com\/cs\/wp-json\/wp\/v2\/product\/653\/revisions"}],"wp:featuredmedia":[{"embeddable":true,"href":"https:\/\/zzlcmachinery.com\/cs\/wp-json\/wp\/v2\/media\/659"}],"wp:attachment":[{"href":"https:\/\/zzlcmachinery.com\/cs\/wp-json\/wp\/v2\/media?parent=653"}],"wp:term":[{"taxonomy":"product_brand","embeddable":true,"href":"https:\/\/zzlcmachinery.com\/cs\/wp-json\/wp\/v2\/product_brand?post=653"},{"taxonomy":"product_cat","embeddable":true,"href":"https:\/\/zzlcmachinery.com\/cs\/wp-json\/wp\/v2\/product_cat?post=653"},{"taxonomy":"product_tag","embeddable":true,"href":"https:\/\/zzlcmachinery.com\/cs\/wp-json\/wp\/v2\/product_tag?post=653"}],"curies":[{"name":"wp","href":"https:\/\/api.w.org\/{rel}","templated":true}]}}