{"id":645,"date":"2022-10-23T16:57:20","date_gmt":"2022-10-23T08:57:20","guid":{"rendered":"https:\/\/zzlcmachinery.com\/?post_type=product&#038;p=645"},"modified":"2022-11-22T15:55:02","modified_gmt":"2022-11-22T07:55:02","slug":"electric-decorative-metal-craft-wrought-iron-fishtail-making-machine","status":"publish","type":"product","link":"https:\/\/zzlcmachinery.com\/cs\/produkt\/electric-decorative-metal-craft-wrought-iron-fishtail-making-machine\/","title":{"rendered":"Elektrick\u00fd dekorativn\u00ed kovov\u00fd \u0159emesln\u00fd stroj na v\u00fdrobu ryb\u00edho ocasu"},"content":{"rendered":"","protected":false},"excerpt":{"rendered":"<p>LC-YW16 Elektrick\u00fd dekorativn\u00ed kovov\u00fd \u0159emesln\u00fd kovan\u00fd stroj na v\u00fdrobu ryb\u00edch ocas\u016f je super modelem v\u00fdzkumu a v\u00fdvoje na\u0161\u00ed spole\u010dnosti a zku\u0161ebn\u00edm testem v kovac\u00edch stroj\u00edch. Tento stroj na v\u00fdrobu ryb\u00edch ocas\u016f za tepla m\u016f\u017ee zpracov\u00e1vat \u010dtvercov\u00e9 trubky, \u010dtvercovou ocel, ploch\u00e9 \u017eelezo, kulatou ocel a dal\u0161\u00ed materi\u00e1ly.<br \/>\nZejm\u00e9na funkce zpracov\u00e1n\u00ed \u010dtvercov\u00fdch trubek je jedine\u010dn\u00e1 pro tento kovov\u00fd \u0159emesln\u00fd stroj na v\u00fdrobu ryb\u00edch ocas\u016f, kter\u00fd dok\u00e1\u017ee zpracovat \u010dtvercov\u00e9 trubky o velikosti 14x14mm, 16x16mm, 15x15mm, 20x20mm.<br \/>\nZpracovan\u00fd produkt m\u011bn\u00ed pouze d\u00e9lku a \u0161\u00ed\u0159ku, co\u017e je kr\u00e1sn\u00e9 a velkorys\u00e9. Jedn\u00e1 se o modernizaci slo\u017een\u00ed F3 a F4, kter\u00e1 m\u011bn\u00ed excentrick\u00fd v\u00e1lec na excentrick\u00fd h\u0159\u00eddel, \u010d\u00edm\u017e se v\u00e1lec m\u011bn\u00ed na t\u0159\u00eddr\u00e1\u017ekovou formu a zvy\u0161uje \u017eivotnost trojn\u00e1sobn\u011b ve srovn\u00e1n\u00ed s ostatn\u00edmi.<br \/>\nPloch\u00e9 v\u00e1le\u010dky na vn\u011bj\u0161\u00ed stran\u011b hlavy stroje s ryb\u00edm ocasem z tepan\u00e9ho \u017eeleza mohou zplo\u0161tit, naost\u0159it a ut\u011bsnit \u010dtvercov\u00e9 a kulat\u00e9 ty\u010de.<br \/>\n24 hodin online slu\u017eba, dejte n\u00e1m v\u011bd\u011bt, pokud m\u00e1te n\u011bjak\u00e9 dotazy!<br \/>\n<strong>TECHNICK\u00c9 PARAMETRY<br \/>\n<\/strong><strong>Model: LC-YW16<br \/>\n\u017dehli\u010dka:<\/strong> \u226410X60mm<br \/>\n<strong>Kulat\u00e1 ocel:<\/strong> \u03c616 mm<br \/>\n<strong>\u010ctvercov\u00e1 ocel:<\/strong> \u2264 16 \u00d7 16 mm<br \/>\n<strong>\u010ctvercov\u00e1 trubice:<\/strong>14x14mm, 16x16mm, 15x15mm, 20x20mm<br \/>\n<strong>Nap\u00e1jen\u00ed:<\/strong> 3 kW<br \/>\n<strong>Nap\u011bt\u00ed:<\/strong>\u00a0220V\/380V\/415V<br \/>\n<strong>Rozm\u011br balen\u00ed:<\/strong> 1000\u00d7600\u00d71110 mm<br \/>\n<strong>NW (kg):<\/strong>380<br \/>\n<strong>GW (kg):<\/strong> 400<\/p>","protected":false},"featured_media":648,"template":"","meta":{"_kad_post_transparent":"default","_kad_post_title":"","_kad_post_layout":"default","_kad_post_sidebar_id":"","_kad_post_content_style":"default","_kad_post_vertical_padding":"default","_kad_post_feature":"","_kad_post_feature_position":"","_kad_post_header":false,"_kad_post_footer":false},"product_brand":[],"product_cat":[29,24],"product_tag":[163,165,167,166,168,162,169,170,164,161,111],"class_list":{"0":"post-645","1":"product","2":"type-product","3":"status-publish","4":"has-post-thumbnail","6":"product_cat-electric-wrought-iron-processing-machine","7":"product_cat-wrought-iron-fishtail-forging-machine","8":"product_tag-china-hot-roll-fishtail-machine-manufacturing-for-sale","9":"product_tag-end-hot-fishtail-for-wrought-iron","10":"product_tag-fishtail-iron-processing-machine","11":"product_tag-hot-roll-end-forging-machine","12":"product_tag-hot-roll-fishtail-machine","13":"product_tag-hot-roll-fishtail-making-machine","14":"product_tag-hot-roll-fishtail-mill","15":"product_tag-hot-rolling-fishtail-forming-machine","16":"product_tag-hot-roll-fishtail-coining-machine","17":"product_tag-wrought-iron-end-press-fishtail-machine","18":"product_tag-wrought-iron-machine","20":"first","21":"instock","22":"shipping-taxable","23":"product-type-simple","24":"entry","25":"content-bg","26":"loop-entry"},"_links":{"self":[{"href":"https:\/\/zzlcmachinery.com\/cs\/wp-json\/wp\/v2\/product\/645","targetHints":{"allow":["GET"]}}],"collection":[{"href":"https:\/\/zzlcmachinery.com\/cs\/wp-json\/wp\/v2\/product"}],"about":[{"href":"https:\/\/zzlcmachinery.com\/cs\/wp-json\/wp\/v2\/types\/product"}],"version-history":[{"count":0,"href":"https:\/\/zzlcmachinery.com\/cs\/wp-json\/wp\/v2\/product\/645\/revisions"}],"wp:featuredmedia":[{"embeddable":true,"href":"https:\/\/zzlcmachinery.com\/cs\/wp-json\/wp\/v2\/media\/648"}],"wp:attachment":[{"href":"https:\/\/zzlcmachinery.com\/cs\/wp-json\/wp\/v2\/media?parent=645"}],"wp:term":[{"taxonomy":"product_brand","embeddable":true,"href":"https:\/\/zzlcmachinery.com\/cs\/wp-json\/wp\/v2\/product_brand?post=645"},{"taxonomy":"product_cat","embeddable":true,"href":"https:\/\/zzlcmachinery.com\/cs\/wp-json\/wp\/v2\/product_cat?post=645"},{"taxonomy":"product_tag","embeddable":true,"href":"https:\/\/zzlcmachinery.com\/cs\/wp-json\/wp\/v2\/product_tag?post=645"}],"curies":[{"name":"wp","href":"https:\/\/api.w.org\/{rel}","templated":true}]}}