{"id":631,"date":"2022-10-20T00:48:38","date_gmt":"2022-10-19T16:48:38","guid":{"rendered":"https:\/\/zzlcmachinery.com\/?post_type=product&#038;p=631"},"modified":"2023-02-18T16:11:26","modified_gmt":"2023-02-18T08:11:26","slug":"buy-metal-craft-steel-coil-rolling-machine-ornament-iron-making-machine","status":"publish","type":"product","link":"https:\/\/zzlcmachinery.com\/cs\/produkt\/buy-metal-craft-steel-coil-rolling-machine-ornament-iron-making-machine\/","title":{"rendered":"Kupte si stroj na v\u00fdrobu ocelov\u00fdch svitk\u016f na v\u00fdrobu ozdobn\u00fdch \u017eelez"},"content":{"rendered":"","protected":false},"excerpt":{"rendered":"<p>LC-CJ16 koupit stroj na v\u00fdrobu ocelov\u00fdch svitk\u016f na v\u00fdrobu kovov\u00fdch svitk\u016f ozdobn\u00fd stroj na v\u00fdrobu \u017eeleza, tento hydraulick\u00fd stroj na v\u00e1lcov\u00e1n\u00ed svitk\u016f se pou\u017e\u00edv\u00e1 pro hlavovou plochou ocel, \u010dtvercovou ocel, kulatou ocel a koncovou c\u00edvku po zah\u0159\u00e1t\u00ed kulat\u00e9 trubky. \u017delezn\u00fd materi\u00e1l ryb\u00edho ocasu se automaticky odvaluje. Tvar c\u00edvky je z\u00e1kladn\u00edm vzorem u v\u00fdrobk\u016f z tepan\u00e9ho \u017eeleza. Proto je v\u00e1lcovac\u00ed stroj d\u016fle\u017eit\u00fdm strojem vhodn\u00fdm pro \u017eelez\u00e1\u0159sk\u00e9 um\u011bn\u00ed, dekoraci, zahradnictv\u00ed atd.<br \/>\n\u017delezn\u00e9 materi\u00e1ly lze svinout do kv\u011btinov\u00fdch rol\u00ed o pr\u016fm\u011bru \u03a630, \u03a640, \u03a650 mm, kter\u00e9 mohou v z\u00e1sad\u011b spl\u0148ovat mezin\u00e1rodn\u00ed b\u011b\u017en\u00e9 ploch\u00e9 \u017eelezo, \u010dtvercovou ocelovou kulatou ocel a kulatou trubku (zadn\u00ed konec je t\u0159eba zpracovat na ryb\u00ed ocas) pou\u017e\u00edvan\u00e9 ve v\u00fdrobn\u00edm procesu Dve\u0159e, okna, z\u00e1bradl\u00ed a z\u00e1bradl\u00ed v evropsk\u00e9m stylu.<br \/>\nToto hydraulick\u00e9 irnament\u00e1ln\u00ed v\u00e1lcov\u00e1n\u00ed \u017eelezn\u00fdch svitk\u016f m\u00e1 v\u00fdhody rychl\u00e9ho v\u00e1lcov\u00e1n\u00ed, pohodln\u00e9ho ovl\u00e1d\u00e1n\u00ed, \u0161irok\u00e9ho rozsahu zpracov\u00e1n\u00ed, mnoha zpracovateln\u00fdch materi\u00e1l\u016f, vysok\u00e9 kvality rol\u00ed a vysok\u00e9 efektivity v\u00fdroby.<br \/>\n24 hodin online slu\u017eba, dejte n\u00e1m v\u011bd\u011bt, pokud m\u00e1te n\u011bjak\u00e9 dotazy!<br \/>\n<strong>TECHNICK\u00c9 PARAMETRY<br \/>\n<\/strong><strong>Model: LC-CJ16<br \/>\nMaxim\u00e1ln\u00ed pracovn\u00ed schopnost:<\/strong> Vyh\u0159\u00edvan\u00e1 \u017eehli\u010dka: 10x50mm<br \/>\n\u010ctvercov\u00e1 ocel \u226425x25mm<br \/>\nKruhov\u00e1 ocel \u2264\u03a625mm<br \/>\nKulat\u00e1 trubka \u2264\u03a625mm<br \/>\n<strong>Nap\u00e1jen\u00ed:<\/strong> 1,1 kW 6P<br \/>\n<strong>Nap\u011bt\u00ed:<\/strong>\u00a0220V\/380V\/415V<br \/>\n<strong>Rozm\u011br balen\u00ed:<\/strong> 1000\u00d7600\u00d71300 mm<br \/>\n<strong>NW (kg):<\/strong> 200\u00a0 \u00a0 \u00a0 <strong>GW (kg):<\/strong> 240<\/p>","protected":false},"featured_media":637,"template":"","meta":{"_kad_post_transparent":"default","_kad_post_title":"","_kad_post_layout":"default","_kad_post_sidebar_id":"","_kad_post_content_style":"default","_kad_post_vertical_padding":"default","_kad_post_feature":"","_kad_post_feature_position":"","_kad_post_header":false,"_kad_post_footer":false},"product_brand":[],"product_cat":[25,29],"product_tag":[160,158,155,153,152,159,124,157,156,154],"class_list":{"0":"post-631","1":"product","2":"type-product","3":"status-publish","4":"has-post-thumbnail","6":"product_cat-electric-make-coil-machine-for-metal-craft","7":"product_cat-electric-wrought-iron-processing-machine","8":"product_tag-automatic-blacksmith-coil-rolling-machine","9":"product_tag-buy-metal-craft-steel-coil-rolling-machine-ornament-iron-making-machine","10":"product_tag-electric-coil-rolling-machine","11":"product_tag-electric-making-coil-machine","12":"product_tag-iron-coils-making-machine","13":"product_tag-mechanical-metal-craft-flat-steel-coil-rolling-making-machine-price","14":"product_tag-metal-craft-steel-coil-rolling-machine","15":"product_tag-ornament-iron-making-machine","16":"product_tag-wrought-iron-coil-making","17":"product_tag-wrought-iron-electric-make-coil-machine-for-decorative","19":"first","20":"instock","21":"shipping-taxable","22":"product-type-simple","23":"entry","24":"content-bg","25":"loop-entry"},"_links":{"self":[{"href":"https:\/\/zzlcmachinery.com\/cs\/wp-json\/wp\/v2\/product\/631","targetHints":{"allow":["GET"]}}],"collection":[{"href":"https:\/\/zzlcmachinery.com\/cs\/wp-json\/wp\/v2\/product"}],"about":[{"href":"https:\/\/zzlcmachinery.com\/cs\/wp-json\/wp\/v2\/types\/product"}],"version-history":[{"count":0,"href":"https:\/\/zzlcmachinery.com\/cs\/wp-json\/wp\/v2\/product\/631\/revisions"}],"wp:featuredmedia":[{"embeddable":true,"href":"https:\/\/zzlcmachinery.com\/cs\/wp-json\/wp\/v2\/media\/637"}],"wp:attachment":[{"href":"https:\/\/zzlcmachinery.com\/cs\/wp-json\/wp\/v2\/media?parent=631"}],"wp:term":[{"taxonomy":"product_brand","embeddable":true,"href":"https:\/\/zzlcmachinery.com\/cs\/wp-json\/wp\/v2\/product_brand?post=631"},{"taxonomy":"product_cat","embeddable":true,"href":"https:\/\/zzlcmachinery.com\/cs\/wp-json\/wp\/v2\/product_cat?post=631"},{"taxonomy":"product_tag","embeddable":true,"href":"https:\/\/zzlcmachinery.com\/cs\/wp-json\/wp\/v2\/product_tag?post=631"}],"curies":[{"name":"wp","href":"https:\/\/api.w.org\/{rel}","templated":true}]}}