{"id":618,"date":"2022-10-19T15:15:26","date_gmt":"2022-10-19T07:15:26","guid":{"rendered":"https:\/\/zzlcmachinery.com\/?post_type=product&#038;p=618"},"modified":"2022-11-22T15:59:15","modified_gmt":"2022-11-22T07:59:15","slug":"lc-gp40-high-frequency-metal-induction-heater-for-sale","status":"publish","type":"product","link":"https:\/\/zzlcmachinery.com\/cs\/produkt\/lc-gp40-high-frequency-metal-induction-heater-for-sale\/","title":{"rendered":"Prod\u00e1m vysokofrekven\u010dn\u00ed kovov\u00fd induk\u010dn\u00ed oh\u0159\u00edva\u010d LC-GP40"},"content":{"rendered":"","protected":false},"excerpt":{"rendered":"<p><strong>Prod\u00e1m vysokofrekven\u010dn\u00ed kovov\u00fd induk\u010dn\u00ed oh\u0159\u00edva\u010d LC-GP40.<\/strong><br \/>\nNov\u00e1 generace vysokofrekven\u010dn\u00edho oh\u0159\u00edva\u010de se skl\u00e1d\u00e1 ze dvou \u010d\u00e1st\u00ed: topn\u00e9ho t\u011blesa a chladic\u00edho za\u0159\u00edzen\u00ed. Zv\u011bt\u0161en\u00e1 n\u00e1dr\u017e na vodu a \u010dty\u0159i ventil\u00e1tory dok\u00e1\u017eou stroj zprovoznit del\u0161\u00ed dobu, i v Africe, kde jsou ve sv\u011bt\u011b velmi vysok\u00e9 teploty, se d\u00e1 pou\u017e\u00edvat dlouhodob\u011b.<br \/>\nTento kovov\u00fd rychlooh\u0159ev. Nap\u00e1jen\u00ed stroje je plynule nastaviteln\u00e9 od 2KW do 20KW. R\u016fzn\u00e9 KW lze volit podle r\u016fzn\u00fdch velikost\u00ed materi\u00e1l\u016f, co\u017e je velmi energeticky \u00fasporn\u00e9. Obvykle je stroj v pohotovostn\u00edm stavu bez topen\u00ed a nepl\u00fdtv\u00e1 elekt\u0159inou. Design \u00faspory elektrick\u00e9 energie je u\u017eivatelsky velmi p\u0159\u00edv\u011btiv\u00fd.<br \/>\nVysokofrekven\u010dn\u00ed topn\u00fd stroj je nav\u00edc vybaven no\u017en\u00edm sp\u00edna\u010dem pro uvoln\u011bn\u00ed rukou pracovn\u00edka. Nezku\u0161en\u00fd \u010dlov\u011bk se m\u016f\u017ee nau\u010dit a ovl\u00e1dat tento stroj do 10 minut,<br \/>\nN\u00edzk\u00e9 n\u00e1klady na \u00fadr\u017ebu, pot\u0159ebujete pouze \u010distou vodu a mazac\u00ed olej,<br \/>\nStroj lze pou\u017e\u00edt nejen k oh\u0159evu b\u011b\u017en\u00e9ho \u017eeleza, ale tak\u00e9 k taven\u00ed zlata a st\u0159\u00edbra.<br \/>\n24 hodin online slu\u017eba, dejte n\u00e1m v\u011bd\u011bt, pokud m\u00e1te n\u011bjak\u00e9 dotazy!<br \/>\n<strong>TECHNICK\u00c9 PARAMETRY<br \/>\n<\/strong><strong>Model: LC-GPIV36<br \/>\nMaxim\u00e1ln\u00ed pracovn\u00ed schopnost:<\/strong> \u017dehli\u010dka\u22646x50mm<br \/>\n\u010ctvercov\u00e1 ocel \u226420X20mm<br \/>\nKruhov\u00e1 ocel\u226420 mm<br \/>\n<strong>Nap\u00e1jen\u00ed:<\/strong>v\u00fdstupn\u00ed r\u00e1zov\u00fd elektrick\u00fd proud: 300A-1400A<br \/>\nVstupn\u00ed elektrick\u00fd proud: 5-36A<br \/>\n<strong>Nap\u011bt\u00ed:<\/strong> Rozsah vstupn\u00edho nap\u011bt\u00ed: 320-420v 50HZ<br \/>\n<strong>Rozm\u011br balen\u00ed:<\/strong> 500x700x700mm + 1200x600x800mm<br \/>\n<strong>NW (kg):<\/strong> 180\u00a0 \u00a0 <strong>GW (kg):<\/strong> 200<\/p>","protected":false},"featured_media":626,"template":"","meta":{"_kad_post_transparent":"default","_kad_post_title":"","_kad_post_layout":"default","_kad_post_sidebar_id":"","_kad_post_content_style":"default","_kad_post_vertical_padding":"default","_kad_post_feature":"","_kad_post_feature_position":"","_kad_post_header":false,"_kad_post_footer":false},"product_brand":[],"product_cat":[29,32],"product_tag":[149,147,150,145,146,151,148],"class_list":{"0":"post-618","1":"product","2":"type-product","3":"status-publish","4":"has-post-thumbnail","6":"product_cat-electric-wrought-iron-processing-machine","7":"product_cat-power-of-iron-effcient-heater","8":"product_tag-application-of-high-frequency-metal-induction-heater-for-sale","9":"product_tag-featured-metal-induction-heater-for-sale","10":"product_tag-high-frequency-metal-induction-heater-for-sale","11":"product_tag-induction-heating-equipment","12":"product_tag-induction-heating-machine-for-metal-forging","13":"product_tag-the-power-of-iron-effcient-heater","14":"product_tag-wrought-iron-machine-induction-heating-forging-equipment","16":"first","17":"instock","18":"shipping-taxable","19":"product-type-simple","20":"entry","21":"content-bg","22":"loop-entry"},"_links":{"self":[{"href":"https:\/\/zzlcmachinery.com\/cs\/wp-json\/wp\/v2\/product\/618","targetHints":{"allow":["GET"]}}],"collection":[{"href":"https:\/\/zzlcmachinery.com\/cs\/wp-json\/wp\/v2\/product"}],"about":[{"href":"https:\/\/zzlcmachinery.com\/cs\/wp-json\/wp\/v2\/types\/product"}],"version-history":[{"count":0,"href":"https:\/\/zzlcmachinery.com\/cs\/wp-json\/wp\/v2\/product\/618\/revisions"}],"wp:featuredmedia":[{"embeddable":true,"href":"https:\/\/zzlcmachinery.com\/cs\/wp-json\/wp\/v2\/media\/626"}],"wp:attachment":[{"href":"https:\/\/zzlcmachinery.com\/cs\/wp-json\/wp\/v2\/media?parent=618"}],"wp:term":[{"taxonomy":"product_brand","embeddable":true,"href":"https:\/\/zzlcmachinery.com\/cs\/wp-json\/wp\/v2\/product_brand?post=618"},{"taxonomy":"product_cat","embeddable":true,"href":"https:\/\/zzlcmachinery.com\/cs\/wp-json\/wp\/v2\/product_cat?post=618"},{"taxonomy":"product_tag","embeddable":true,"href":"https:\/\/zzlcmachinery.com\/cs\/wp-json\/wp\/v2\/product_tag?post=618"}],"curies":[{"name":"wp","href":"https:\/\/api.w.org\/{rel}","templated":true}]}}