{"id":608,"date":"2022-10-18T17:16:42","date_gmt":"2022-10-18T09:16:42","guid":{"rendered":"https:\/\/zzlcmachinery.com\/?post_type=product&#038;p=608"},"modified":"2022-11-22T17:02:01","modified_gmt":"2022-11-22T09:02:01","slug":"iron-efficient-power-heater-for-wrought-iron","status":"publish","type":"product","link":"https:\/\/zzlcmachinery.com\/cs\/produkt\/iron-efficient-power-heater-for-wrought-iron\/","title":{"rendered":"\u017dehli\u010dka efektivn\u00ed oh\u0159\u00edva\u010d energie pro tepan\u00e9ho \u017eeleza"},"content":{"rendered":"","protected":false},"excerpt":{"rendered":"<p>\u017dehli\u010dka \u00fa\u010dinn\u00fd elektrick\u00fd oh\u0159\u00edva\u010d pro kovan\u00e9 \u017eelezo z tov\u00e1rny pro kovod\u011bln\u00e9 \u0159emesla.<br \/>\nKovov\u00fd induk\u010dn\u00ed oh\u0159\u00edva\u010d je rychl\u00fd, bezpe\u010dn\u00fd a \u00fa\u010dinn\u00fd zp\u016fsob oh\u0159evu \u0161iroce pou\u017e\u00edvan\u00fd v pr\u016fmyslu zpracov\u00e1n\u00ed kov\u016f a kov\u00e1n\u00ed. Za\u0159\u00edzen\u00ed vyu\u017e\u00edv\u00e1 vysokofrekven\u010dn\u00ed induk\u010dn\u00ed oh\u0159ev, chlazen\u00ed cirkuluj\u00edc\u00ed vodou, chlazen\u00ed ventil\u00e1torem a dal\u0161\u00ed technologie, kter\u00e9 umo\u017e\u0148uj\u00ed stroji nep\u0159etr\u017eit\u011b zah\u0159\u00edvat po dlouhou dobu. Vysokofrekven\u010dn\u00ed topn\u00fd stroj je \u0161iroce pou\u017e\u00edv\u00e1n p\u0159i kov\u00e1n\u00ed kov\u016f, jako je oh\u0159ev ploch\u00e9ho \u017eeleza, \u010dtvercov\u00e9 oceli, kruhov\u00e9 oceli v \u017eelez\u00e1\u0159sk\u00e9m um\u011bn\u00ed topn\u00e9ho in\u017een\u00fdrstv\u00ed, oh\u0159ev d\u00edl\u016f v procesu kalen\u00ed,<br \/>\nNejv\u011bt\u0161\u00ed v\u00fdhodou tohoto stroje je, \u017ee dok\u00e1\u017ee dokon\u010dit oh\u0159ev 16x16mm \u010dtvercov\u00e9 oceli za 5 sekund, s men\u0161\u00ed spot\u0159ebou energie, rychl\u00fdm oh\u0159evem, bezpe\u010dnostn\u00ed ochranou a n\u00e1hradn\u00edmi topn\u00fdmi spir\u00e1lami. Je hluboce milov\u00e1n kov\u00e1\u0159i a tov\u00e1rnami na zpracov\u00e1n\u00ed dve\u0159\u00ed a oken<br \/>\n24 hodin online slu\u017eba, dejte n\u00e1m v\u011bd\u011bt, pokud m\u00e1te n\u011bjak\u00e9 dotazy!<br \/>\n<strong>TECHNICK\u00c9 PARAMETRY<br \/>\n<\/strong><strong>Model: LC-GPIV36<br \/>\nMaxim\u00e1ln\u00ed pracovn\u00ed schopnost:<\/strong> \u017dehli\u010dka\u226410x50mm<br \/>\n\u010ctvercov\u00e1 ocel \u226420X20mm<br \/>\nPr\u016fm\u011br jin\u00e9ho obrobku\u226430 mm<br \/>\n<strong>Nap\u00e1jen\u00ed:<\/strong>v\u00fdstupn\u00ed r\u00e1zov\u00fd elektrick\u00fd proud: 300A-1400A<br \/>\nVstupn\u00ed elektrick\u00fd proud: 4-36A<br \/>\n<strong>Nap\u011bt\u00ed:<\/strong> Rozsah vstupn\u00edho nap\u011bt\u00ed: 320-420v 50HZ<br \/>\n<strong>Rozm\u011br balen\u00ed:<\/strong> 1050\u00d7680\u00d71520 mm<br \/>\n<strong>NW (kg):<\/strong> 230\u00a0 \u00a0 \u00a0<strong>GW (kg):<\/strong> 260<\/p>","protected":false},"featured_media":610,"template":"","meta":{"_kad_post_transparent":"default","_kad_post_title":"","_kad_post_layout":"default","_kad_post_sidebar_id":"","_kad_post_content_style":"default","_kad_post_vertical_padding":"default","_kad_post_feature":"","_kad_post_feature_position":"","_kad_post_header":false,"_kad_post_footer":false},"product_brand":[],"product_cat":[29,32],"product_tag":[140,136,138,142,137,144,139,141,143],"class_list":{"0":"post-608","1":"product","2":"type-product","3":"status-publish","4":"has-post-thumbnail","6":"product_cat-electric-wrought-iron-processing-machine","7":"product_cat-power-of-iron-effcient-heater","8":"product_tag-china-the-power-of-iron-efficient-heate","9":"product_tag-high-frequency-heating-machine","10":"product_tag-iron-efficient-power-heater","11":"product_tag-metal-craft-machines","12":"product_tag-ornamental-iron-machine","13":"product_tag-reliable-quality-iron-effcient-heater","14":"product_tag-the-power-of-iron-efficienet-heater","15":"product_tag-wholesale-el-gp-iv-36-the-power-machine-of-iron-efficient-heater","16":"product_tag-wrought-iron-heating-machine","18":"first","19":"instock","20":"shipping-taxable","21":"product-type-simple","22":"entry","23":"content-bg","24":"loop-entry"},"_links":{"self":[{"href":"https:\/\/zzlcmachinery.com\/cs\/wp-json\/wp\/v2\/product\/608","targetHints":{"allow":["GET"]}}],"collection":[{"href":"https:\/\/zzlcmachinery.com\/cs\/wp-json\/wp\/v2\/product"}],"about":[{"href":"https:\/\/zzlcmachinery.com\/cs\/wp-json\/wp\/v2\/types\/product"}],"version-history":[{"count":0,"href":"https:\/\/zzlcmachinery.com\/cs\/wp-json\/wp\/v2\/product\/608\/revisions"}],"wp:featuredmedia":[{"embeddable":true,"href":"https:\/\/zzlcmachinery.com\/cs\/wp-json\/wp\/v2\/media\/610"}],"wp:attachment":[{"href":"https:\/\/zzlcmachinery.com\/cs\/wp-json\/wp\/v2\/media?parent=608"}],"wp:term":[{"taxonomy":"product_brand","embeddable":true,"href":"https:\/\/zzlcmachinery.com\/cs\/wp-json\/wp\/v2\/product_brand?post=608"},{"taxonomy":"product_cat","embeddable":true,"href":"https:\/\/zzlcmachinery.com\/cs\/wp-json\/wp\/v2\/product_cat?post=608"},{"taxonomy":"product_tag","embeddable":true,"href":"https:\/\/zzlcmachinery.com\/cs\/wp-json\/wp\/v2\/product_tag?post=608"}],"curies":[{"name":"wp","href":"https:\/\/api.w.org\/{rel}","templated":true}]}}