{"id":596,"date":"2022-10-16T20:39:30","date_gmt":"2022-10-16T12:39:30","guid":{"rendered":"https:\/\/zzlcmachinery.com\/?post_type=product&#038;p=596"},"modified":"2022-11-22T16:51:37","modified_gmt":"2022-11-22T08:51:37","slug":"wrought-iron-hydraulic-moulder-machine-for-metal-craft","status":"publish","type":"product","link":"https:\/\/zzlcmachinery.com\/cs\/produkt\/wrought-iron-hydraulic-moulder-machine-for-metal-craft\/","title":{"rendered":"Kovan\u00e9 \u017eelezo Hydraulick\u00fd formovac\u00ed stroj pro kovov\u00e9 \u0159emeslo"},"content":{"rendered":"","protected":false},"excerpt":{"rendered":"<p>Hydraulick\u00fd formovac\u00ed stroj LCDY16 pro kovov\u00e9 \u0159emeslo pro kovan\u00e9 \u017eelezo s tov\u00e1rn\u00ed cenou, Tento stroj dok\u00e1\u017ee zpracov\u00e1vat a oh\u00fdbat \u010dtvercovou ocel, kulatou ocel a ploch\u00e9 \u017eelezo. M\u00e1 t\u0159i funkce: ohybov\u00fd oblouk, rovn\u00e1n\u00ed a oh\u00fdb\u00e1n\u00ed pod \u00fahlem. Mechanismus lze oh\u00fdbat v r\u016fzn\u00fdch \u00fahlech. Vysok\u00e1 efektivita v\u00fdroby, v\u00fdrobky lze vyr\u00e1b\u011bt v d\u00e1vk\u00e1ch, je ide\u00e1ln\u00edm za\u0159\u00edzen\u00edm pro dekorace, n\u00e1bytek, obecn\u00ed zahrady, stavebn\u00ed a dve\u0159n\u00ed a okenn\u00ed kov\u00e1rny.<br \/>\nStroj ho n\u00e1hodn\u011b doprov\u00e1z\u00ed k rozbit\u00ed 4 sad voln\u00fdch forem (1 sada pro \u00fahlov\u00e9 oh\u00fdb\u00e1n\u00ed a dus\u00e1n\u00ed kulat\u00fdch forem, 1 sada obloukov\u00fdch rovn\u00e1n\u00ed a vyrovn\u00e1v\u00e1n\u00ed, 2 sady formovac\u00edch forem) a z\u00e1kazn\u00edci si mohou vybrat formy.<br \/>\n24 hodin online slu\u017eba, dejte n\u00e1m v\u011bd\u011bt, pokud m\u00e1te n\u011bjak\u00e9 dotazy!<br \/>\n<strong>TECHNICK\u00c9 PARAMETRY<br \/>\n<\/strong><strong>Model: LC-DY16A<br \/>\nMaxim\u00e1ln\u00ed pracovn\u00ed schopnost:<\/strong> \u017dehli\u010dka\u226410x50mm<br \/>\nKruhov\u00e1 ocel \u2264\u03a616mm \u010ctvercov\u00e1 ocel\u226416x16mm<br \/>\n<strong>Nap\u00e1jen\u00ed:<\/strong>7,5 kW<br \/>\n<strong>Nap\u011bt\u00ed:<\/strong>\u00a0220V\/380V\/415V<br \/>\n<strong>Rozm\u011br balen\u00ed:<\/strong> 1250\u00d7820\u00d71100 mm<br \/>\n<strong>NW (kg):<\/strong> 750\u00a0 \u00a0 \u00a0 <strong>GW (kg):<\/strong> 850<\/p>","protected":false},"featured_media":599,"template":"","meta":{"_kad_post_transparent":"default","_kad_post_title":"","_kad_post_layout":"default","_kad_post_sidebar_id":"","_kad_post_content_style":"default","_kad_post_vertical_padding":"default","_kad_post_feature":"","_kad_post_feature_position":"","_kad_post_header":false,"_kad_post_footer":false},"product_brand":[],"product_cat":[29,23],"product_tag":[135,134,133,132,131,130,129,128],"class_list":{"0":"post-596","1":"product","2":"type-product","3":"status-publish","4":"has-post-thumbnail","6":"product_cat-electric-wrought-iron-processing-machine","7":"product_cat-wrought-iron-hydraulic-moulder","8":"product_tag-anbang-wrought-iron-hydraulic-moulder-blacksmith-machine","9":"product_tag-blacksmith-equipengt","10":"product_tag-buy-metal-craft-hydraulic-moulder","11":"product_tag-finished-prodect-of-wrought-iron-bending-machine","12":"product_tag-hydraulic-bending-machine","13":"product_tag-hydraulic-moulder-reputable-wrought-iron-supplier","14":"product_tag-metal-craft-hydraulic-moulder","15":"product_tag-moulds-of-hydraulic-moulder-machine-for-wrought-iron","17":"first","18":"instock","19":"shipping-taxable","20":"product-type-simple","21":"entry","22":"content-bg","23":"loop-entry"},"_links":{"self":[{"href":"https:\/\/zzlcmachinery.com\/cs\/wp-json\/wp\/v2\/product\/596","targetHints":{"allow":["GET"]}}],"collection":[{"href":"https:\/\/zzlcmachinery.com\/cs\/wp-json\/wp\/v2\/product"}],"about":[{"href":"https:\/\/zzlcmachinery.com\/cs\/wp-json\/wp\/v2\/types\/product"}],"version-history":[{"count":0,"href":"https:\/\/zzlcmachinery.com\/cs\/wp-json\/wp\/v2\/product\/596\/revisions"}],"wp:featuredmedia":[{"embeddable":true,"href":"https:\/\/zzlcmachinery.com\/cs\/wp-json\/wp\/v2\/media\/599"}],"wp:attachment":[{"href":"https:\/\/zzlcmachinery.com\/cs\/wp-json\/wp\/v2\/media?parent=596"}],"wp:term":[{"taxonomy":"product_brand","embeddable":true,"href":"https:\/\/zzlcmachinery.com\/cs\/wp-json\/wp\/v2\/product_brand?post=596"},{"taxonomy":"product_cat","embeddable":true,"href":"https:\/\/zzlcmachinery.com\/cs\/wp-json\/wp\/v2\/product_cat?post=596"},{"taxonomy":"product_tag","embeddable":true,"href":"https:\/\/zzlcmachinery.com\/cs\/wp-json\/wp\/v2\/product_tag?post=596"}],"curies":[{"name":"wp","href":"https:\/\/api.w.org\/{rel}","templated":true}]}}