{"id":586,"date":"2022-10-15T23:03:30","date_gmt":"2022-10-15T15:03:30","guid":{"rendered":"https:\/\/zzlcmachinery.com\/?post_type=product&#038;p=586"},"modified":"2023-02-09T20:09:36","modified_gmt":"2023-02-09T12:09:36","slug":"hot-metal-electric-coil-making-machine-for-wrought-iron-with-factory-price","status":"publish","type":"product","link":"https:\/\/zzlcmachinery.com\/cs\/produkt\/hot-metal-electric-coil-making-machine-for-wrought-iron-with-factory-price\/","title":{"rendered":"Stroj na v\u00fdrobu c\u00edvek z hork\u00e9ho kovu na v\u00fdrobu tepan\u00e9ho \u017eeleza s tov\u00e1rn\u00ed cenou"},"content":{"rendered":"","protected":false},"excerpt":{"rendered":"<p>LC-DDG12A Stroj na v\u00fdrobu hork\u00fdch kovov\u00fdch c\u00edvek pro kovan\u00e9 \u017eelezo s tov\u00e1rn\u00ed cenou,Hydraulick\u00fd v\u00e1lcovac\u00ed stroj se speci\u00e1ln\u011b pou\u017e\u00edv\u00e1 pro v\u00e1lcov\u00e1n\u00ed kov\u016f a pou\u017e\u00edv\u00e1 se p\u0159i v\u00fdrob\u011b dve\u0159n\u00edch a okenn\u00edch z\u00e1bradl\u00ed.Vyh\u0159\u00edvan\u00e9 ploch\u00e9 \u017eelezo, \u010dtvercov\u00e1 ocel, kulat\u00e1 ocel (ryby tvar ocasu) r\u016fzn\u00fdch specifikac\u00ed lze pevn\u011b svinout do kovov\u00e9 c\u00edvky a vytvo\u0159it tvar jako pevn\u011b obalen\u00e1 ty\u010dinka, co\u017e v\u00fdrazn\u011b zlep\u0161uje elegantn\u00ed um\u011bleck\u00fd tvar zpracov\u00e1n\u00ed kov\u016f. , je to nepostradateln\u00fd a d\u016fle\u017eit\u00fd stroj v evropsk\u00e9 v\u00fdrobn\u00ed lince na zpracov\u00e1n\u00ed \u017eeleza,<br \/>\nTento stroj m\u00e1 pouze sadu voln\u00fdch forem zaslan\u00fdch se strojem.<br \/>\nPomoc\u00ed automatick\u00e9ho \u0159\u00edzen\u00ed programu je nastaven\u00ed jednoduch\u00e9, obsluha snadn\u00e1 a produkt se tvo\u0159\u00ed najednou, co\u017e v\u00fdrazn\u011b zlep\u0161uje efektivitu pr\u00e1ce.<br \/>\n24 hodin online slu\u017eba, dejte n\u00e1m v\u011bd\u011bt, pokud m\u00e1te n\u011bjak\u00e9 dotazy!<br \/>\n<strong>TECHNICK\u00c9 PARAMETRY<br \/>\n<\/strong><strong>Model: LC-DDG12A<br \/>\nMaxim\u00e1ln\u00ed pracovn\u00ed schopnost:<\/strong> \u017dehli\u010dka: 12x4mm-50x8mm<br \/>\n\u010ctvercov\u00e1 ocel \u226412x12mm<br \/>\n<strong>Nap\u00e1jen\u00ed:<\/strong> 3,5 kW<br \/>\n<strong>Nap\u011bt\u00ed:<\/strong>\u00a0220V\/380V\/415V<br \/>\n<strong>Rozm\u011br balen\u00ed:<\/strong> 1340\u00d7830\u00d71400 mm<br \/>\n<strong>NW (kg):<\/strong> 436\u00a0 \u00a0 \u00a0 <strong>GW (kg):<\/strong> 486<\/p>","protected":false},"featured_media":591,"template":"","meta":{"_kad_post_transparent":"default","_kad_post_title":"","_kad_post_layout":"default","_kad_post_sidebar_id":"","_kad_post_content_style":"default","_kad_post_vertical_padding":"default","_kad_post_feature":"","_kad_post_feature_position":"","_kad_post_header":false,"_kad_post_footer":false},"product_brand":[],"product_cat":[25,29],"product_tag":[125,126,127,124,111],"class_list":{"0":"post-586","1":"product","2":"type-product","3":"status-publish","4":"has-post-thumbnail","6":"product_cat-electric-make-coil-machine-for-metal-craft","7":"product_cat-electric-wrought-iron-processing-machine","8":"product_tag-automatic-blacksmith-wrought-iron-coil-making-machine","9":"product_tag-electric-coil-making-machine-manufacturers-suppliers","10":"product_tag-electric-iron-worker-machine","11":"product_tag-metal-craft-steel-coil-rolling-machine","12":"product_tag-wrought-iron-machine","14":"first","15":"instock","16":"shipping-taxable","17":"product-type-simple","18":"entry","19":"content-bg","20":"loop-entry"},"_links":{"self":[{"href":"https:\/\/zzlcmachinery.com\/cs\/wp-json\/wp\/v2\/product\/586","targetHints":{"allow":["GET"]}}],"collection":[{"href":"https:\/\/zzlcmachinery.com\/cs\/wp-json\/wp\/v2\/product"}],"about":[{"href":"https:\/\/zzlcmachinery.com\/cs\/wp-json\/wp\/v2\/types\/product"}],"version-history":[{"count":0,"href":"https:\/\/zzlcmachinery.com\/cs\/wp-json\/wp\/v2\/product\/586\/revisions"}],"wp:featuredmedia":[{"embeddable":true,"href":"https:\/\/zzlcmachinery.com\/cs\/wp-json\/wp\/v2\/media\/591"}],"wp:attachment":[{"href":"https:\/\/zzlcmachinery.com\/cs\/wp-json\/wp\/v2\/media?parent=586"}],"wp:term":[{"taxonomy":"product_brand","embeddable":true,"href":"https:\/\/zzlcmachinery.com\/cs\/wp-json\/wp\/v2\/product_brand?post=586"},{"taxonomy":"product_cat","embeddable":true,"href":"https:\/\/zzlcmachinery.com\/cs\/wp-json\/wp\/v2\/product_cat?post=586"},{"taxonomy":"product_tag","embeddable":true,"href":"https:\/\/zzlcmachinery.com\/cs\/wp-json\/wp\/v2\/product_tag?post=586"}],"curies":[{"name":"wp","href":"https:\/\/api.w.org\/{rel}","templated":true}]}}