{"id":573,"date":"2022-10-15T19:38:39","date_gmt":"2022-10-15T11:38:39","guid":{"rendered":"https:\/\/zzlcmachinery.com\/?post_type=product&#038;p=573"},"modified":"2022-11-22T16:46:50","modified_gmt":"2022-11-22T08:46:50","slug":"lc-dn25d-program-controlled-metal-twisting-wrought-iron-machine","status":"publish","type":"product","link":"https:\/\/zzlcmachinery.com\/cs\/produkt\/lc-dn25d-program-controlled-metal-twisting-wrought-iron-machine\/","title":{"rendered":"LC-DN25D Programem \u0159\u00edzen\u00fd kovov\u00fd kroucen\u00fd kujn\u00fd stroj"},"content":{"rendered":"","protected":false},"excerpt":{"rendered":"<p>Nejv\u00fdrazn\u011bj\u0161\u00ed v\u00fdhodou LC-DN25D Programem \u0159\u00edzen\u00e9ho kovov\u00e9ho kroucec\u00edho kovan\u00e9ho stroje je to, \u017ee m\u00e1 nejen funkci kroucen\u00ed, ale tak\u00e9 dok\u00e1\u017ee zpracov\u00e1vat kv\u011btiny z pta\u010d\u00edch klec\u00ed.<br \/>\nStroj se pou\u017e\u00edv\u00e1 pro evropsk\u00e9 um\u011bleck\u00e9 dve\u0159e, okna, z\u00e1bradl\u00ed a zpracov\u00e1n\u00ed \u017eeleza. Mezi zpracovatelsk\u00e9 materi\u00e1ly pat\u0159\u00ed ploch\u00e9 \u017eelezo, kruhov\u00e1 ocel a \u010dtvercov\u00e1 ocel mezin\u00e1rodn\u00edch b\u011b\u017en\u00fdch velikost\u00ed. Stroj ji\u017e nastavil program zpracov\u00e1n\u00ed a z\u00e1kazn\u00edci mohou tak\u00e9 p\u0159ej\u00edt na sv\u00e9 vlastn\u00ed programy. zalo\u017eit.<br \/>\nStroj n\u00e1hodn\u011b vyd\u00e1 13 sad voln\u00fdch forem a novou formu lze vym\u011bnit za 5 minut.<\/p>\n<p>Z\u00e1kruty o d\u00e9lce 200-800 mm mohou b\u00fdt krouceny a ty o d\u00e9lce v\u011bt\u0161\u00ed ne\u017e 800 mm mohou b\u00fdt krouceny po \u010d\u00e1stech. vysok\u00e1 produktivita.<\/p>\n<p>24 hodin online slu\u017eba, dejte n\u00e1m v\u011bd\u011bt, pokud m\u00e1te n\u011bjak\u00e9 dotazy!<br \/>\n<strong>TECHNICK\u00c9 PARAMETRY<br \/>\n<\/strong><strong>Model: LC-DN25C<br \/>\nMaxim\u00e1ln\u00ed pracovn\u00ed schopnost:<\/strong> D\u00e9lka\u2264200-800 mm<br \/>\n<strong>\u010ctvercov\u00e1 ocel<\/strong> \u226425\u00d725 mm<br \/>\n<strong>Ploch\u00e1 \u017eehli\u010dka<\/strong> \u226430x8mm<br \/>\n<strong>Nap\u00e1jen\u00ed:<\/strong> 4 kW<br \/>\n<strong>Za voln\u00e9 kostky:<\/strong>6 sad \u010dtvercov\u00fdch ocelov\u00fdch z\u00e1pustek, 3 sad ploch\u00fdch z\u00e1pustek<br \/>\n<strong>Nap\u011bt\u00ed:<\/strong>\u00a0220V\/380V\/415V<br \/>\n<strong>Rozm\u011br balen\u00ed:<\/strong> 1400\u00d7620\u00d71100 mm<br \/>\n<strong>NW (kg):<\/strong> 550\u00a0 \u00a0 \u00a0 <strong>GW (kg):<\/strong> 600<\/p>","protected":false},"featured_media":583,"template":"","meta":{"_kad_post_transparent":"default","_kad_post_title":"","_kad_post_layout":"default","_kad_post_sidebar_id":"","_kad_post_content_style":"default","_kad_post_vertical_padding":"default","_kad_post_feature":"","_kad_post_feature_position":"","_kad_post_header":false,"_kad_post_footer":false},"product_brand":[],"product_cat":[20,29],"product_tag":[122,123,121,119,120,115,114,116,117,118,111],"class_list":{"0":"post-573","1":"product","2":"type-product","3":"status-publish","4":"has-post-thumbnail","6":"product_cat-wrought-iron-twisting-machine","7":"product_cat-electric-wrought-iron-processing-machine","8":"product_tag-basket-flower-making-machine-for-wrought-iron","9":"product_tag-basket-twister-machine","10":"product_tag-buy-iron-twisting-machine-at-best-price","11":"product_tag-electric-wrought-iron-square-bar-twisting-machine","12":"product_tag-finished-product-of-metal-twister","13":"product_tag-lanchen-wrought-iron-machine-for-twist-square-steel-and-flat-iron","14":"product_tag-lc-dn25d-program-controlled-metal-twisting-wrought-iron-machine","15":"product_tag-metal-twisting-machine-for-sale","16":"product_tag-metal-twisting-wrought-iron-machine","17":"product_tag-twisting-mchine-for-metal-craft-precessing","18":"product_tag-wrought-iron-machine","20":"first","21":"instock","22":"shipping-taxable","23":"product-type-simple","24":"entry","25":"content-bg","26":"loop-entry"},"_links":{"self":[{"href":"https:\/\/zzlcmachinery.com\/cs\/wp-json\/wp\/v2\/product\/573","targetHints":{"allow":["GET"]}}],"collection":[{"href":"https:\/\/zzlcmachinery.com\/cs\/wp-json\/wp\/v2\/product"}],"about":[{"href":"https:\/\/zzlcmachinery.com\/cs\/wp-json\/wp\/v2\/types\/product"}],"version-history":[{"count":0,"href":"https:\/\/zzlcmachinery.com\/cs\/wp-json\/wp\/v2\/product\/573\/revisions"}],"wp:featuredmedia":[{"embeddable":true,"href":"https:\/\/zzlcmachinery.com\/cs\/wp-json\/wp\/v2\/media\/583"}],"wp:attachment":[{"href":"https:\/\/zzlcmachinery.com\/cs\/wp-json\/wp\/v2\/media?parent=573"}],"wp:term":[{"taxonomy":"product_brand","embeddable":true,"href":"https:\/\/zzlcmachinery.com\/cs\/wp-json\/wp\/v2\/product_brand?post=573"},{"taxonomy":"product_cat","embeddable":true,"href":"https:\/\/zzlcmachinery.com\/cs\/wp-json\/wp\/v2\/product_cat?post=573"},{"taxonomy":"product_tag","embeddable":true,"href":"https:\/\/zzlcmachinery.com\/cs\/wp-json\/wp\/v2\/product_tag?post=573"}],"curies":[{"name":"wp","href":"https:\/\/api.w.org\/{rel}","templated":true}]}}