{"id":552,"date":"2022-09-26T18:37:04","date_gmt":"2022-09-26T10:37:04","guid":{"rendered":"https:\/\/zzlcmachinery.com\/?post_type=product&#038;p=552"},"modified":"2022-11-22T16:42:46","modified_gmt":"2022-11-22T08:42:46","slug":"lc-dn25c-metal-processing-equipment-steel-bar-twisting-machine-for-wrought-iron","status":"publish","type":"product","link":"https:\/\/zzlcmachinery.com\/cs\/produkt\/lc-dn25c-metal-processing-equipment-steel-bar-twisting-machine-for-wrought-iron\/","title":{"rendered":"LC-DN25C Za\u0159\u00edzen\u00ed na zpracov\u00e1n\u00ed kov\u016f Stroj na zakrucov\u00e1n\u00ed ocelov\u00fdch ty\u010d\u00ed pro kujn\u00e9 \u017eelezo"},"content":{"rendered":"","protected":false},"excerpt":{"rendered":"<p>Za\u0159\u00edzen\u00ed na zpracov\u00e1n\u00ed kov\u016f LC-DN25C stroj na zkroucen\u00ed ocelov\u00fdch ty\u010d\u00ed pro kujn\u00e9 \u017eelezo pou\u017e\u00edvan\u00e9 hlavn\u011b pro zpracov\u00e1n\u00ed \u017eeleza, jako je ploch\u00e9 \u017eelezo, kulat\u00e1 ocel, \u010dtvercov\u00e1 ocel, stroj m\u00e1 ru\u010dn\u00ed nastaven\u00ed a automatick\u00e9 funkce opakov\u00e1n\u00ed zpracov\u00e1n\u00ed, kter\u00e9 mohou zajistit jednotnost zpracov\u00e1n\u00ed produktu , sn\u00ed\u017een\u00ed pracovn\u00ed doby a pracovn\u00ed n\u00e1ro\u010dnosti, je jednoduch\u00e1 z\u00e1le\u017eitost vyrobit zpracov\u00e1n\u00ed kov\u016f stejn\u00fdch specifikac\u00ed v d\u00e1vk\u00e1ch.<br \/>\nRychlost v\u0159etena je rovnom\u011brn\u00e1, oh\u00fdb\u00e1n\u00ed je hrub\u00e9 a zaji\u0161\u0165uje, \u017ee men\u0161\u00ed profil a stroj m\u016f\u017ee vyvinout maxim\u00e1ln\u00ed pracovn\u00ed kapacitu. Zkrucovac\u00ed stroj n\u00e1hodn\u011b d\u00e1v\u00e1 9 sad voln\u00fdch forem a 5 minut sta\u010d\u00ed na v\u00fdm\u011bnu nov\u00e9 formy. Maxim\u00e1ln\u00ed zpracovatelsk\u00e1 kapacita skac\u00edho stroje Matel je 25x25mm \u010dtvercov\u00e1 ocel, 30x8mm ploch\u00e9 \u017eelezo.<br \/>\nTwist s d\u00e9lkou 200-800mm matel lze kroutit a ty s d\u00e9lkou v\u011bt\u0161\u00ed ne\u017e 800mm lze kroutit po \u010d\u00e1stech. Vysok\u00e1 efektivita v\u00fdroby, za hodinu lze zkroutit 600 kus\u016f \u010dtvercov\u00e9 oceli 12x12mm.<br \/>\n24 hodin online slu\u017eba, dejte n\u00e1m v\u011bd\u011bt, pokud m\u00e1te n\u011bjak\u00e9 dotazy!<br \/>\n<strong>TECHNICK\u00c9 PARAMETRY<br \/>\n<\/strong><strong>Model: LC-DN25C<br \/>\nMaxim\u00e1ln\u00ed pracovn\u00ed schopnost:<\/strong> D\u00e9lka\u2264200-800 mm<br \/>\n<strong>\u010ctvercov\u00e1 ocel<\/strong> \u226425\u00d725 mm<br \/>\n<strong>Ploch\u00e1 \u017eehli\u010dka<\/strong> \u226430x8mm<br \/>\n<strong>Nap\u00e1jen\u00ed:<\/strong> 4 kW<br \/>\n<strong>Za voln\u00e9 kostky:<\/strong>6 sad \u010dtvercov\u00fdch ocelov\u00fdch z\u00e1pustek, 3 sad ploch\u00fdch z\u00e1pustek<br \/>\n<strong>Nap\u011bt\u00ed:<\/strong>\u00a0220V\/380V\/415V<br \/>\n<strong>Rozm\u011br balen\u00ed:<\/strong> 1400\u00d7620\u00d71100 mm<br \/>\n<strong>NW (kg):<\/strong> 550\u00a0 \u00a0 \u00a0 <strong>GW (kg):<\/strong> 600<\/p>","protected":false},"featured_media":572,"template":"","meta":{"_kad_post_transparent":"default","_kad_post_title":"","_kad_post_layout":"default","_kad_post_sidebar_id":"","_kad_post_content_style":"default","_kad_post_vertical_padding":"default","_kad_post_feature":"","_kad_post_feature_position":"","_kad_post_header":false,"_kad_post_footer":false},"product_brand":[],"product_cat":[20,29],"product_tag":[113,112,107,108,109,110,111,106],"class_list":{"0":"post-552","1":"product","2":"type-product","3":"status-publish","4":"has-post-thumbnail","6":"product_cat-wrought-iron-twisting-machine","7":"product_cat-electric-wrought-iron-processing-machine","8":"product_tag-basket-iron-metal-twisting-machine","9":"product_tag-electric-twist-machine","10":"product_tag-electric-wrought-iron-end-folding-machine-for-sale","11":"product_tag-iron-bar-twisting-machine","12":"product_tag-torsion-and-twisting-machine","13":"product_tag-twisting-bending-machine","14":"product_tag-wrought-iron-machine","15":"product_tag-wrought-iron-picket-basket-twister-machine","17":"first","18":"instock","19":"shipping-taxable","20":"product-type-simple","21":"entry","22":"content-bg","23":"loop-entry"},"_links":{"self":[{"href":"https:\/\/zzlcmachinery.com\/cs\/wp-json\/wp\/v2\/product\/552","targetHints":{"allow":["GET"]}}],"collection":[{"href":"https:\/\/zzlcmachinery.com\/cs\/wp-json\/wp\/v2\/product"}],"about":[{"href":"https:\/\/zzlcmachinery.com\/cs\/wp-json\/wp\/v2\/types\/product"}],"version-history":[{"count":0,"href":"https:\/\/zzlcmachinery.com\/cs\/wp-json\/wp\/v2\/product\/552\/revisions"}],"wp:featuredmedia":[{"embeddable":true,"href":"https:\/\/zzlcmachinery.com\/cs\/wp-json\/wp\/v2\/media\/572"}],"wp:attachment":[{"href":"https:\/\/zzlcmachinery.com\/cs\/wp-json\/wp\/v2\/media?parent=552"}],"wp:term":[{"taxonomy":"product_brand","embeddable":true,"href":"https:\/\/zzlcmachinery.com\/cs\/wp-json\/wp\/v2\/product_brand?post=552"},{"taxonomy":"product_cat","embeddable":true,"href":"https:\/\/zzlcmachinery.com\/cs\/wp-json\/wp\/v2\/product_cat?post=552"},{"taxonomy":"product_tag","embeddable":true,"href":"https:\/\/zzlcmachinery.com\/cs\/wp-json\/wp\/v2\/product_tag?post=552"}],"curies":[{"name":"wp","href":"https:\/\/api.w.org\/{rel}","templated":true}]}}