{"id":544,"date":"2022-09-26T16:25:38","date_gmt":"2022-09-26T08:25:38","guid":{"rendered":"https:\/\/zzlcmachinery.com\/?post_type=product&#038;p=544"},"modified":"2023-02-09T20:13:17","modified_gmt":"2023-02-09T12:13:17","slug":"lc-c3-electric-hydraulic-pipe-bender-manufacturers-suppliers","status":"publish","type":"product","link":"https:\/\/zzlcmachinery.com\/cs\/produkt\/lc-c3-electric-hydraulic-pipe-bender-manufacturers-suppliers\/","title":{"rendered":"V\u00fdrobci a dodavatel\u00e9 elektrick\u00fdch hydraulick\u00fdch oh\u00fdba\u010dek trubek LC-C3"},"content":{"rendered":"","protected":false},"excerpt":{"rendered":"<p>Hlavn\u00edm zdrojem energie pro v\u00fdrobce a dodavatele elektrick\u00fdch hydraulicko-hydraulick\u00fdch oh\u00fdba\u010dek trubek LC-C3 je hydraulick\u00fd syst\u00e9m,<br \/>\nHlavn\u00ed funkc\u00ed je, \u017ee m\u016f\u017ee b\u00fdt pou\u017eit pro zpracov\u00e1n\u00ed zak\u0159iven\u00fdch \u010dtvercov\u00fdch a kulat\u00fdch trubek. Cel\u00fd stroj m\u016f\u017ee obsluhovat a ovl\u00e1dat pouze jedna osoba a formu lze vym\u011bnit za 5 minut, co\u017e \u0161et\u0159\u00ed n\u00e1klady na pracovn\u00ed s\u00edlu. Zpracovan\u00e9 produkty nach\u00e1zej\u00ed \u0161irok\u00e9 uplatn\u011bn\u00ed p\u0159i v\u00fdrob\u011b dve\u0159\u00ed, oken a z\u00e1bradl\u00ed. Stroj nepot\u0159ebuje pokl\u00e1dat z\u00e1klady a lze jej p\u0159emis\u0165ovat a p\u0159en\u00e1\u0161et, co\u017e m\u016f\u017ee vyhov\u011bt pot\u0159eb\u00e1m z\u00e1kazn\u00edk\u016f. Pou\u017eijte jej na r\u016fzn\u00fdch pracovi\u0161t\u00edch.<br \/>\nStroj nese sadu 9 kombinovan\u00fdch forem n\u00e1hodn\u011b a formy lze zdarma p\u0159izp\u016fsobit podle velikosti materi\u00e1lu z\u00e1kazn\u00edka.<br \/>\n24 hodin online slu\u017eba, dejte n\u00e1m v\u011bd\u011bt, pokud m\u00e1te n\u011bjak\u00e9 dotazy!<br \/>\n<strong>TECHNICK\u00c9 PARAMETRY<br \/>\n<\/strong><strong>Model: LC-C3<\/strong><br \/>\n<strong>Kulat\u00e1 ocel:<\/strong> \u03c616mm-76mm<br \/>\n<strong>\u010ctvercov\u00e1 ocel:<\/strong> \u226415\u00d715mm-80x80mm<br \/>\n<strong>Nap\u00e1jen\u00ed:<\/strong> 2,2 kW<br \/>\n<strong>Nap\u011bt\u00ed:<\/strong>\u00a0220V\/380V\/415V<br \/>\n<strong>Rozm\u011br balen\u00ed:<\/strong> 1000x700x1000 mm<br \/>\n<strong>NW (kg):<\/strong> 404<br \/>\n<strong>GW (kg):<\/strong> 450<\/p>","protected":false},"featured_media":546,"template":"","meta":{"_kad_post_transparent":"default","_kad_post_title":"","_kad_post_layout":"default","_kad_post_sidebar_id":"","_kad_post_content_style":"default","_kad_post_vertical_padding":"default","_kad_post_feature":"","_kad_post_feature_position":"","_kad_post_header":false,"_kad_post_footer":false},"product_brand":[],"product_cat":[30,26],"product_tag":[91,93,95,98,102,103,104,105],"class_list":{"0":"post-544","1":"product","2":"type-product","3":"status-publish","4":"has-post-thumbnail","6":"product_cat-electric-pipe-processing-machine","7":"product_cat-electric-pipe-bending-machine","8":"product_tag-electric-hydraulic-pipe-bender-manufacturers-suppliers","9":"product_tag-electric-pipe-bender","10":"product_tag-electric-pipe-benders-for-sale","11":"product_tag-hydraulic-pipe-bender-for-sale","12":"product_tag-round-pipe-and-square-tube-moulds-for-pipe-bending-machine","13":"product_tag-round-pipe-bending-machine-for-sale","14":"product_tag-square-tube-bender-for-sale","15":"product_tag-tube-pipe-bending-machine-withe-cheapest-price","17":"first","18":"instock","19":"shipping-taxable","20":"product-type-simple","21":"entry","22":"content-bg","23":"loop-entry"},"_links":{"self":[{"href":"https:\/\/zzlcmachinery.com\/cs\/wp-json\/wp\/v2\/product\/544","targetHints":{"allow":["GET"]}}],"collection":[{"href":"https:\/\/zzlcmachinery.com\/cs\/wp-json\/wp\/v2\/product"}],"about":[{"href":"https:\/\/zzlcmachinery.com\/cs\/wp-json\/wp\/v2\/types\/product"}],"version-history":[{"count":0,"href":"https:\/\/zzlcmachinery.com\/cs\/wp-json\/wp\/v2\/product\/544\/revisions"}],"wp:featuredmedia":[{"embeddable":true,"href":"https:\/\/zzlcmachinery.com\/cs\/wp-json\/wp\/v2\/media\/546"}],"wp:attachment":[{"href":"https:\/\/zzlcmachinery.com\/cs\/wp-json\/wp\/v2\/media?parent=544"}],"wp:term":[{"taxonomy":"product_brand","embeddable":true,"href":"https:\/\/zzlcmachinery.com\/cs\/wp-json\/wp\/v2\/product_brand?post=544"},{"taxonomy":"product_cat","embeddable":true,"href":"https:\/\/zzlcmachinery.com\/cs\/wp-json\/wp\/v2\/product_cat?post=544"},{"taxonomy":"product_tag","embeddable":true,"href":"https:\/\/zzlcmachinery.com\/cs\/wp-json\/wp\/v2\/product_tag?post=544"}],"curies":[{"name":"wp","href":"https:\/\/api.w.org\/{rel}","templated":true}]}}