{"id":518,"date":"2022-09-21T19:15:14","date_gmt":"2022-09-21T11:15:14","guid":{"rendered":"https:\/\/zzlcmachinery.com\/?post_type=product&#038;p=518"},"modified":"2022-11-22T16:37:52","modified_gmt":"2022-11-22T08:37:52","slug":"lc-f4-electric-multifunction-flat-steel-fishtail-end-forming-machine-for-metal-craft","status":"publish","type":"product","link":"https:\/\/zzlcmachinery.com\/cs\/produkt\/lc-f4-electric-multifunction-flat-steel-fishtail-end-forming-machine-for-metal-craft\/","title":{"rendered":"LC-F4 Elektrick\u00fd multifunk\u010dn\u00ed stroj na tvarov\u00e1n\u00ed konc\u016f ploch\u00fdch ocelov\u00fdch ocas\u016f pro kovov\u00e9 \u0159emesla"},"content":{"rendered":"","protected":false},"excerpt":{"rendered":"<p>Tento elektrick\u00fd multifunk\u010dn\u00ed stroj na tvarov\u00e1n\u00ed konc\u016f ryb\u00edch ocas\u016f LC-F4 pro kovov\u00e9 \u0159emeslo je multifunk\u010dn\u00ed stroj na zpracov\u00e1n\u00ed ryb\u00edch ocas\u016f, kter\u00fd dok\u00e1\u017ee nejen zpracovat ploch\u00e9 \u017eelezo, kulatou ocel, \u010dtvercovou ocel do tvaru ryb\u00edho ocasu (ryb\u00ed ocas s jemn\u00fdm vzorem nebo ryb\u00ed ocas s tlust\u00fd vzor), ale tak\u00e9 m\u016f\u017ee vytla\u010dit \u0161pi\u010dat\u00e9 a ploch\u00e9 vzory. Tento stroj je velmi cenov\u011b v\u00fdhodn\u00fd p\u0159i n\u00e1kupu stroj\u016f na obr\u00e1b\u011bn\u00ed ryb\u00edch ocas\u016f! Je t\u0159eba poznamenat, \u017ee tento stroj na zpracov\u00e1n\u00ed ryb\u00edho ocasu LC-F4 pot\u0159ebuje materi\u00e1l nejprve zah\u0159\u00e1t a pot\u00e9 zpracovat, co\u017e je lisovac\u00ed stroj za tepla.<br \/>\nTento stroj je navr\u017een se speci\u00e1ln\u00ed excentrickou h\u0159\u00eddelovou formou, \u017eivotnost je t\u0159ikr\u00e1t del\u0161\u00ed ne\u017e u stroje F3 fishtail.<br \/>\n24 hodin online slu\u017eba, dejte n\u00e1m v\u011bd\u011bt, pokud m\u00e1te n\u011bjak\u00e9 dotazy!<br \/>\n<strong>TECHNICK\u00c9 PARAMETRY<br \/>\n<\/strong><strong>Model: LC-F4<br \/>\n\u017dehli\u010dka:<\/strong> \u2264 8 \u00d7 50 mm<br \/>\n<strong>Kulat\u00e1 ocel:<\/strong> \u03c616 mm<br \/>\n<strong>\u010ctvercov\u00e1 ocel:<\/strong> \u2264 16 \u00d7 16 mm<br \/>\n<strong>Nap\u00e1jen\u00ed:<\/strong> 2,2 kW<br \/>\n<strong>Nap\u011bt\u00ed:<\/strong>\u00a0220V\/380V\/415V<br \/>\n<strong>Rozm\u011br balen\u00ed:<\/strong> 1220\u00d7600\u00d71250 mm<br \/>\n<strong>NW (kg):<\/strong> 290<br \/>\n<strong>GW (kg):<\/strong> 340<\/p>","protected":false},"featured_media":522,"template":"","meta":{"_kad_post_transparent":"default","_kad_post_title":"","_kad_post_layout":"default","_kad_post_sidebar_id":"","_kad_post_content_style":"default","_kad_post_vertical_padding":"default","_kad_post_feature":"","_kad_post_feature_position":"","_kad_post_header":false,"_kad_post_footer":false},"product_brand":[],"product_cat":[29,24],"product_tag":[79,86,87,90,80,88,85,83,89],"class_list":{"0":"post-518","1":"product","2":"type-product","3":"status-publish","4":"has-post-thumbnail","6":"product_cat-electric-wrought-iron-processing-machine","7":"product_cat-wrought-iron-fishtail-forging-machine","8":"product_tag-blacksmith-rolling-mill-for-sale","9":"product_tag-china-hot-roll-fishtail-making-mchine","10":"product_tag-die-for-wrought-iron-fishtail-making-machine","11":"product_tag-electric-multifunction-flat-steel-fishtail-end-forming-machine-for-metal-craft","12":"product_tag-fishtail-end-forging-machine","13":"product_tag-fishtail-machine-supplier-and-manufacturer-in-china","14":"product_tag-flat-steel-fishtail-end-forming-machine","15":"product_tag-hot-roll-fishtail-mill-machine","16":"product_tag-metal-fishtail-coining-machine-wrought-iron-machine","18":"first","19":"instock","20":"shipping-taxable","21":"product-type-simple","22":"entry","23":"content-bg","24":"loop-entry"},"_links":{"self":[{"href":"https:\/\/zzlcmachinery.com\/cs\/wp-json\/wp\/v2\/product\/518","targetHints":{"allow":["GET"]}}],"collection":[{"href":"https:\/\/zzlcmachinery.com\/cs\/wp-json\/wp\/v2\/product"}],"about":[{"href":"https:\/\/zzlcmachinery.com\/cs\/wp-json\/wp\/v2\/types\/product"}],"version-history":[{"count":0,"href":"https:\/\/zzlcmachinery.com\/cs\/wp-json\/wp\/v2\/product\/518\/revisions"}],"wp:featuredmedia":[{"embeddable":true,"href":"https:\/\/zzlcmachinery.com\/cs\/wp-json\/wp\/v2\/media\/522"}],"wp:attachment":[{"href":"https:\/\/zzlcmachinery.com\/cs\/wp-json\/wp\/v2\/media?parent=518"}],"wp:term":[{"taxonomy":"product_brand","embeddable":true,"href":"https:\/\/zzlcmachinery.com\/cs\/wp-json\/wp\/v2\/product_brand?post=518"},{"taxonomy":"product_cat","embeddable":true,"href":"https:\/\/zzlcmachinery.com\/cs\/wp-json\/wp\/v2\/product_cat?post=518"},{"taxonomy":"product_tag","embeddable":true,"href":"https:\/\/zzlcmachinery.com\/cs\/wp-json\/wp\/v2\/product_tag?post=518"}],"curies":[{"name":"wp","href":"https:\/\/api.w.org\/{rel}","templated":true}]}}