{"id":491,"date":"2022-09-18T23:48:30","date_gmt":"2022-09-18T15:48:30","guid":{"rendered":"https:\/\/zzlcmachinery.com\/?post_type=product&#038;p=491"},"modified":"2022-11-22T16:09:22","modified_gmt":"2022-11-22T08:09:22","slug":"lc-f3-decorative-automatic-blacksmith-fishtail-making-machine-for-sale","status":"publish","type":"product","link":"https:\/\/zzlcmachinery.com\/cs\/produkt\/lc-f3-decorative-automatic-blacksmith-fishtail-making-machine-for-sale\/","title":{"rendered":"LC-F3 Dekorativn\u00ed automatick\u00fd stroj na v\u00fdrobu ryb\u00edch ocas\u016f Kov\u00e1\u0159 na prodej"},"content":{"rendered":"","protected":false},"excerpt":{"rendered":"<p>LC-F3 Dekorativn\u00ed automatick\u00fd kov\u00e1\u0159sk\u00fd stroj na v\u00fdrobu ryb\u00edch ocas\u016f na prodej, Tento stroj lze p\u0159\u00edmo pou\u017e\u00edt ke zpracov\u00e1n\u00ed ploch\u00e9ho \u017eeleza, kulat\u00e9 oceli a \u010dtvercov\u00e9 oceli, bez nutnosti zplo\u0161t\u011bn\u00ed materi\u00e1lu, proto\u017ee zpracovan\u00fd produkt je podobn\u00fd ocasu ryby, tak se tomu \u0159\u00edk\u00e1 stroj na v\u00fdrobu ryb\u00edch ocas\u016f. Tento stroj na zpracov\u00e1n\u00ed ryb\u00edch ocas\u016f je vybaven cykl\u00f3nov\u00fdm reduktorem, kter\u00fd m\u00e1 velk\u00fd to\u010div\u00fd moment. Speci\u00e1ln\u00ed zp\u016fsob p\u0159enosu to\u010div\u00e9ho momentu mezi p\u0159evodovkou a pracovn\u00edm prostorem. Zajist\u011bte hladk\u00fd a spolehliv\u00fd provoz stroj\u016f. Stroj m\u00e1 polohovac\u00ed za\u0159\u00edzen\u00ed t\u0159menu a d\u00e9lku pod\u00e1v\u00e1n\u00ed lze nastavit podle pot\u0159eby. Dok\u00e1\u017ee vyrobit 300ks ryb\u00edch ocas\u016f 8x40mm za hodinu a vysok\u00e1 efektivita v\u00fdroby vytv\u00e1\u0159\u00ed nezbytn\u00e9 podm\u00ednky pro hromadnou v\u00fdrobu dve\u0159\u00ed a oken.<br \/>\n24 hodin online slu\u017eba, dejte n\u00e1m v\u011bd\u011bt, pokud m\u00e1te n\u011bjak\u00e9 dotazy!<br \/>\n<strong>TECHNICK\u00c9 PARAMETRY<br \/>\n<\/strong><strong>Model: LC-F3<br \/>\n\u017dehli\u010dka:<\/strong> \u2264 8 \u00d7 50 mm<br \/>\n<strong>Kulat\u00e1 ocel:<\/strong> \u03c616 mm<br \/>\n<strong>\u010ctvercov\u00e1 ocel:<\/strong> \u2264 16 \u00d7 16 mm<br \/>\n<strong>Nap\u00e1jen\u00ed:<\/strong> 2,2 kW<br \/>\n<strong>Nap\u011bt\u00ed:<\/strong>\u00a0220V\/380V\/415V<br \/>\n<strong>Rozm\u011br balen\u00ed:<\/strong> 1165\u00d7560\u00d71100 mm<br \/>\n<strong>NW (kg):<\/strong> 350<br \/>\n<strong>GW (kg):<\/strong> 400<\/p>","protected":false},"featured_media":507,"template":"","meta":{"_kad_post_transparent":"default","_kad_post_title":"","_kad_post_layout":"default","_kad_post_sidebar_id":"","_kad_post_content_style":"default","_kad_post_vertical_padding":"default","_kad_post_feature":"","_kad_post_feature_position":"","_kad_post_header":false,"_kad_post_footer":false},"product_brand":[],"product_cat":[29,24],"product_tag":[79,80,82,81,83,84],"class_list":{"0":"post-491","1":"product","2":"type-product","3":"status-publish","4":"has-post-thumbnail","6":"product_cat-electric-wrought-iron-processing-machine","7":"product_cat-wrought-iron-fishtail-forging-machine","8":"product_tag-blacksmith-rolling-mill-for-sale","9":"product_tag-fishtail-end-forging-machine","10":"product_tag-fishtail-machine","11":"product_tag-fishtail-machine-manufacturer-supplier","12":"product_tag-hot-roll-fishtail-mill-machine","13":"product_tag-wrought-iron-forging-fishtail-making-machine","15":"first","16":"instock","17":"shipping-taxable","18":"product-type-simple","19":"entry","20":"content-bg","21":"loop-entry"},"_links":{"self":[{"href":"https:\/\/zzlcmachinery.com\/cs\/wp-json\/wp\/v2\/product\/491","targetHints":{"allow":["GET"]}}],"collection":[{"href":"https:\/\/zzlcmachinery.com\/cs\/wp-json\/wp\/v2\/product"}],"about":[{"href":"https:\/\/zzlcmachinery.com\/cs\/wp-json\/wp\/v2\/types\/product"}],"version-history":[{"count":0,"href":"https:\/\/zzlcmachinery.com\/cs\/wp-json\/wp\/v2\/product\/491\/revisions"}],"wp:featuredmedia":[{"embeddable":true,"href":"https:\/\/zzlcmachinery.com\/cs\/wp-json\/wp\/v2\/media\/507"}],"wp:attachment":[{"href":"https:\/\/zzlcmachinery.com\/cs\/wp-json\/wp\/v2\/media?parent=491"}],"wp:term":[{"taxonomy":"product_brand","embeddable":true,"href":"https:\/\/zzlcmachinery.com\/cs\/wp-json\/wp\/v2\/product_brand?post=491"},{"taxonomy":"product_cat","embeddable":true,"href":"https:\/\/zzlcmachinery.com\/cs\/wp-json\/wp\/v2\/product_cat?post=491"},{"taxonomy":"product_tag","embeddable":true,"href":"https:\/\/zzlcmachinery.com\/cs\/wp-json\/wp\/v2\/product_tag?post=491"}],"curies":[{"name":"wp","href":"https:\/\/api.w.org\/{rel}","templated":true}]}}