{"id":476,"date":"2022-09-18T16:47:50","date_gmt":"2022-09-18T08:47:50","guid":{"rendered":"https:\/\/zzlcmachinery.com\/?post_type=product&#038;p=476"},"modified":"2022-11-22T16:06:50","modified_gmt":"2022-11-22T08:06:50","slug":"lc-dw16d-wrought-iron-metal-scroll-bender-automatic-scroll-bending-machine-for-processing-gate-and-windows","status":"publish","type":"product","link":"https:\/\/zzlcmachinery.com\/cs\/produkt\/lc-dw16d-wrought-iron-metal-scroll-bender-automatic-scroll-bending-machine-for-processing-gate-and-windows\/","title":{"rendered":"LC-DW16D Kovan\u00e1 kovov\u00e1 oh\u00fdba\u010dka svitk\u016f Automatick\u00e1 oh\u00fdba\u010dka svitk\u016f pro zpracov\u00e1n\u00ed vrat a oken"},"content":{"rendered":"","protected":false},"excerpt":{"rendered":"<p>Tato automatick\u00e1 oh\u00fdba\u010dka svitk\u016f z tepan\u00e9ho \u017eeleza LC-DW16D pro oh\u00fdb\u00e1n\u00ed vrat a oken je velmi vhodn\u00e1 pro \u0161\u00e9fy, kte\u0159\u00ed provozuj\u00ed kov\u00e1\u0159skou d\u00edlnu nebo vzd\u011bl\u00e1vac\u00ed instituci evropsk\u00e9ho typu pro za\u010d\u00e1te\u010dn\u00edky. Tento stroj je dod\u00e1v\u00e1n s 9 sadami bezplatn\u00fdch forem , z toho 6 sad forem slou\u017e\u00ed k oh\u00fdb\u00e1n\u00ed vzor\u016f \u201eC\u201c, \u201eP\u201c, \u201eS\u201c r\u016fzn\u00fdch velikost\u00ed a dal\u0161\u00ed 3 sady forem slou\u017e\u00ed ke zpracov\u00e1n\u00ed vzor\u016f speci\u00e1ln\u00edch tvar\u016f, jako jsou Oblouky, zak\u0159iven\u00e9 rohy , narovnan\u00e9, d\u00e1vkov\u011b zak\u0159iven\u00e9 mal\u00e9 kruhy atd.<br \/>\n24 hodin online slu\u017eba, \u010dek\u00e1me na v\u00e1\u0161 dotaz!<br \/>\n<strong>TECHNICK\u00c9 PARAMETRY<br \/>\n<\/strong><strong>Model: LC-DW16D<br \/>\n\u017dehli\u010dka:<\/strong> \u2264 8 \u00d7 50 mm<br \/>\n<strong>Kulat\u00e1 ocel:<\/strong> \u03c616 mm<br \/>\n<strong>\u010ctvercov\u00e1 ocel:<\/strong> \u2264 16 \u00d7 16 mm<br \/>\n<strong>Rychlost rolov\u00e1n\u00ed:<\/strong> 500 ks \/H<br \/>\n<strong>Nap\u00e1jen\u00ed:<\/strong> 2,2 kW<br \/>\n<strong>Nap\u011bt\u00ed:<\/strong>\u00a0220V\/380V\/415V<br \/>\n<strong>Rozm\u011br balen\u00ed:<\/strong> 1000\u00d7700\u00d71200 mm<br \/>\n<strong>NW (kg):<\/strong> 420<br \/>\n<strong>GW (kg):<\/strong> 450<\/p>","protected":false},"featured_media":478,"template":"","meta":{"_kad_post_transparent":"default","_kad_post_title":"","_kad_post_layout":"default","_kad_post_sidebar_id":"","_kad_post_content_style":"default","_kad_post_vertical_padding":"default","_kad_post_feature":"","_kad_post_feature_position":"","_kad_post_header":false,"_kad_post_footer":false},"product_brand":[],"product_cat":[29,27],"product_tag":[68,64,65,66,67,51],"class_list":{"0":"post-476","1":"product","2":"type-product","3":"status-publish","4":"has-post-thumbnail","6":"product_cat-electric-wrought-iron-processing-machine","7":"product_cat-electric-scroll-bending-machine","8":"product_tag-3-special-shaped-device-molds-for-electric-scroll-bending-machine","9":"product_tag-electric-metal-bender-for-sale","10":"product_tag-induction-forge-for-sale","11":"product_tag-metal-roller-bender-for-sale","12":"product_tag-scroll-bender","13":"product_tag-wrought-iron-bending-machine","15":"first","16":"instock","17":"shipping-taxable","18":"product-type-simple","19":"entry","20":"content-bg","21":"loop-entry"},"_links":{"self":[{"href":"https:\/\/zzlcmachinery.com\/cs\/wp-json\/wp\/v2\/product\/476","targetHints":{"allow":["GET"]}}],"collection":[{"href":"https:\/\/zzlcmachinery.com\/cs\/wp-json\/wp\/v2\/product"}],"about":[{"href":"https:\/\/zzlcmachinery.com\/cs\/wp-json\/wp\/v2\/types\/product"}],"version-history":[{"count":0,"href":"https:\/\/zzlcmachinery.com\/cs\/wp-json\/wp\/v2\/product\/476\/revisions"}],"wp:featuredmedia":[{"embeddable":true,"href":"https:\/\/zzlcmachinery.com\/cs\/wp-json\/wp\/v2\/media\/478"}],"wp:attachment":[{"href":"https:\/\/zzlcmachinery.com\/cs\/wp-json\/wp\/v2\/media?parent=476"}],"wp:term":[{"taxonomy":"product_brand","embeddable":true,"href":"https:\/\/zzlcmachinery.com\/cs\/wp-json\/wp\/v2\/product_brand?post=476"},{"taxonomy":"product_cat","embeddable":true,"href":"https:\/\/zzlcmachinery.com\/cs\/wp-json\/wp\/v2\/product_cat?post=476"},{"taxonomy":"product_tag","embeddable":true,"href":"https:\/\/zzlcmachinery.com\/cs\/wp-json\/wp\/v2\/product_tag?post=476"}],"curies":[{"name":"wp","href":"https:\/\/api.w.org\/{rel}","templated":true}]}}