{"id":456,"date":"2022-09-16T14:18:00","date_gmt":"2022-09-16T06:18:00","guid":{"rendered":"https:\/\/zzlcmachinery.com\/?post_type=product&#038;p=456"},"modified":"2022-09-21T21:59:14","modified_gmt":"2022-09-21T13:59:14","slug":"lc-dl60c-metal-tube-wrought-iron-cold-rolling-embossing-machine-for-sale","status":"publish","type":"product","link":"https:\/\/zzlcmachinery.com\/cs\/produkt\/lc-dl60c-metal-tube-wrought-iron-cold-rolling-embossing-machine-for-sale\/","title":{"rendered":"LC-DL60C Kovov\u00e9 trubky tepan\u00e9 \u017eelezo v\u00e1lcov\u00e1n\u00ed za studena embosovac\u00ed stroj na prodej"},"content":{"rendered":"","protected":false},"excerpt":{"rendered":"<p>Tento raz\u00edc\u00ed stroj LC-DL60C pro kovov\u00e9 trubky z tepan\u00e9ho \u017eeleza pro v\u00e1lcov\u00e1n\u00ed za studena na prodej je profesion\u00e1ln\u00ed za\u0159\u00edzen\u00ed pro v\u00e1lcov\u00e1n\u00ed za studena nebo kov\u00e1n\u00ed kovov\u00fdch materi\u00e1l\u016f. Nejv\u00fdznamn\u011bj\u0161\u00ed funkc\u00ed tohoto stroje je, \u017ee dok\u00e1\u017ee zpracovat trubky z\u00e1bradl\u00ed schodi\u0161t\u011b a p\u0159em\u011bnit oby\u010dejnou kruhovou trubku na z\u00e1bradl\u00ed schodi\u0161t\u011b deformac\u00ed kruhov\u00e9 trubky. tvar, n\u00e1hodn\u00e9 2 sady bezplatn\u00fdch forem na z\u00e1bradl\u00ed schodi\u0161t\u011b a 15 sad dal\u0161\u00edch bezplatn\u00fdch forem (formy na ploch\u00e9 \u017eelezo, \u010dtvercov\u00e1 ocel, kulat\u00e1 ocel, \u010dtvercov\u00e9 trubkov\u00e9 materi\u00e1ly), poskytujeme bezplatnou slu\u017ebu vlastn\u00ed formy, t\u011b\u0161\u00edme se na v\u00e1\u0161 dotaz!<br \/>\n<strong>TECHNICK\u00c9 PARAMETRY<br \/>\n<\/strong><strong>Model: LC-DL60C<\/strong><br \/>\n<strong>\u017dehli\u010dka:<\/strong>\u00a0\u2264 10 \u00d7 60 mm<br \/>\n<strong>\u010ctvercov\u00e1 ocel:<\/strong>\u00a0\u2264 25 \u00d7 25 mm<br \/>\n<strong>\u010ctvercov\u00e1 trubice:<\/strong>\u00a0\u226460\u00d760mm<br \/>\n<strong>Rychlost rolov\u00e1n\u00ed:<\/strong> 308 M\/H<br \/>\n<strong>Nap\u00e1jen\u00ed:<\/strong> 7,5 kW<br \/>\n<strong>Nap\u011bt\u00ed:<\/strong> 220V\/380V\/415V 50HZ<br \/>\n<strong>Rozm\u011br balen\u00ed:<\/strong>\u00a01900\u00d7710\u00d71420 mm<br \/>\n<strong>NW (kg):<\/strong> 1310<br \/>\n<strong>GW (kg):<\/strong> 1410<\/p>","protected":false},"featured_media":463,"template":"","meta":{"_kad_post_transparent":"default","_kad_post_title":"hide","_kad_post_layout":"fullwidth","_kad_post_sidebar_id":"","_kad_post_content_style":"unboxed","_kad_post_vertical_padding":"hide","_kad_post_feature":"hide","_kad_post_feature_position":"","_kad_post_header":false,"_kad_post_footer":false},"product_brand":[],"product_cat":[29,19],"product_tag":[47,62,61,63,45,60,58,59],"class_list":{"0":"post-456","1":"product","2":"type-product","3":"status-publish","4":"has-post-thumbnail","6":"product_cat-electric-wrought-iron-processing-machine","7":"product_cat-cold-rolling-embossing-machine","8":"product_tag-cold-rolling-embossing-machine","9":"product_tag-electric-wrought-iron-machine","10":"product_tag-iron-ornamental-embossing-machine","11":"product_tag-lc-dl60c-handrail-dies-options-for-round-pipe-embossing-machine","12":"product_tag-steel-pipe-roller-embossing-machine","13":"product_tag-the-round-tube-becomes-a-stair-handrail-after-being-processed-by-the-tube-embossing-machine","14":"product_tag-tube-embossing-machine","15":"product_tag-wrought-iron-cold-rolling-embossing-machine","17":"first","18":"instock","19":"shipping-taxable","20":"product-type-simple","21":"entry","22":"content-bg","23":"loop-entry"},"_links":{"self":[{"href":"https:\/\/zzlcmachinery.com\/cs\/wp-json\/wp\/v2\/product\/456","targetHints":{"allow":["GET"]}}],"collection":[{"href":"https:\/\/zzlcmachinery.com\/cs\/wp-json\/wp\/v2\/product"}],"about":[{"href":"https:\/\/zzlcmachinery.com\/cs\/wp-json\/wp\/v2\/types\/product"}],"version-history":[{"count":0,"href":"https:\/\/zzlcmachinery.com\/cs\/wp-json\/wp\/v2\/product\/456\/revisions"}],"wp:featuredmedia":[{"embeddable":true,"href":"https:\/\/zzlcmachinery.com\/cs\/wp-json\/wp\/v2\/media\/463"}],"wp:attachment":[{"href":"https:\/\/zzlcmachinery.com\/cs\/wp-json\/wp\/v2\/media?parent=456"}],"wp:term":[{"taxonomy":"product_brand","embeddable":true,"href":"https:\/\/zzlcmachinery.com\/cs\/wp-json\/wp\/v2\/product_brand?post=456"},{"taxonomy":"product_cat","embeddable":true,"href":"https:\/\/zzlcmachinery.com\/cs\/wp-json\/wp\/v2\/product_cat?post=456"},{"taxonomy":"product_tag","embeddable":true,"href":"https:\/\/zzlcmachinery.com\/cs\/wp-json\/wp\/v2\/product_tag?post=456"}],"curies":[{"name":"wp","href":"https:\/\/api.w.org\/{rel}","templated":true}]}}