{"id":446,"date":"2022-09-15T15:59:08","date_gmt":"2022-09-15T07:59:08","guid":{"rendered":"https:\/\/zzlcmachinery.com\/?post_type=product&#038;p=446"},"modified":"2022-09-21T21:54:50","modified_gmt":"2022-09-21T13:54:50","slug":"lc-dl60b-metalcraft-automatic-cold-rolling-embossing-machine","status":"publish","type":"product","link":"https:\/\/zzlcmachinery.com\/cs\/produkt\/lc-dl60b-metalcraft-automatic-cold-rolling-embossing-machine\/","title":{"rendered":"LC-DL60B Metalcraft automatick\u00fd embosovac\u00ed stroj v\u00e1lcov\u00e1n\u00ed za studena"},"content":{"rendered":"","protected":false},"excerpt":{"rendered":"<p>Automatick\u00fd embosovac\u00ed stroj LC-DL60B Metalcraft pro v\u00e1lcov\u00e1n\u00ed za studena je profesion\u00e1ln\u00ed za\u0159\u00edzen\u00ed pro v\u00fdrobu kovan\u00e9 oceli. Tento stroj je velmi rychl\u00fd zp\u016fsob, jak p\u0159idat materi\u00e1lu hodnotu pomoc\u00ed embosov\u00e1n\u00ed a texturov\u00e1n\u00ed kovov\u00fdch povrch\u016f. Dok\u00e1\u017ee zpracovat b\u011b\u017enou plochou ocel, \u010dtvercovou ocel, \u010dtvercovou trubku a kulatou ty\u010d na r\u016fzn\u00e9 kovac\u00ed materi\u00e1ly v\u00fdm\u011bnou r\u016fzn\u00fdch z\u00e1pustek. Nechte z\u00e1kazn\u00edky rychle zvl\u00e1dnout pou\u017e\u00edv\u00e1n\u00ed stroje a obsadit m\u00edstn\u00ed trh je zlat\u00fdm kl\u00ed\u010dem k vytvo\u0159en\u00ed bohatstv\u00ed.<br \/>\n<strong>TECHNICK\u00c9 PARAMETRY<br \/>\n<\/strong><strong>Model: LC-DL60B<\/strong><br \/>\n<strong>\u017dehli\u010dka:<\/strong>\u00a0\u2264 10 \u00d7 60 mm<br \/>\n<strong>\u010ctvercov\u00e1 ocel:<\/strong>\u00a0\u2264 25 \u00d7 25 mm<br \/>\n<strong>\u010ctvercov\u00e1 trubice:<\/strong>\u00a0\u226460\u00d760mm<br \/>\n<strong>Rychlost rolov\u00e1n\u00ed:<\/strong> 1-408 M\/H<br \/>\n<strong>Nap\u00e1jen\u00ed:<\/strong> 7,5 kW<br \/>\n<strong>Nap\u011bt\u00ed:<\/strong> 220V\/380V\/415V 50HZ<br \/>\n<strong>Rozm\u011br balen\u00ed:<\/strong>\u00a01900\u00d7710\u00d71420 mm<br \/>\n<strong>NW (kg):<\/strong> 1180<br \/>\n<strong>GW (kg):<\/strong> 1300<\/p>","protected":false},"featured_media":453,"template":"","meta":{"_kad_post_transparent":"default","_kad_post_title":"hide","_kad_post_layout":"fullwidth","_kad_post_sidebar_id":"","_kad_post_content_style":"unboxed","_kad_post_vertical_padding":"hide","_kad_post_feature":"hide","_kad_post_feature_position":"","_kad_post_header":false,"_kad_post_footer":false},"product_brand":[],"product_cat":[29,19],"product_tag":[56,55,57,54,53],"class_list":{"0":"post-446","1":"product","2":"type-product","3":"status-publish","4":"has-post-thumbnail","6":"product_cat-electric-wrought-iron-processing-machine","7":"product_cat-cold-rolling-embossing-machine","8":"product_tag-black-smith-ornamental-iron-machine","9":"product_tag-cold-rolling-embossing-machine-in-china","10":"product_tag-metal-cold-embossing-machine-adjustable-processing-speed","11":"product_tag-roller-embosser-machine-for-sale","12":"product_tag-wrought-iron-machine-for-iron-work","14":"first","15":"instock","16":"shipping-taxable","17":"product-type-simple","18":"entry","19":"content-bg","20":"loop-entry"},"_links":{"self":[{"href":"https:\/\/zzlcmachinery.com\/cs\/wp-json\/wp\/v2\/product\/446","targetHints":{"allow":["GET"]}}],"collection":[{"href":"https:\/\/zzlcmachinery.com\/cs\/wp-json\/wp\/v2\/product"}],"about":[{"href":"https:\/\/zzlcmachinery.com\/cs\/wp-json\/wp\/v2\/types\/product"}],"version-history":[{"count":0,"href":"https:\/\/zzlcmachinery.com\/cs\/wp-json\/wp\/v2\/product\/446\/revisions"}],"wp:featuredmedia":[{"embeddable":true,"href":"https:\/\/zzlcmachinery.com\/cs\/wp-json\/wp\/v2\/media\/453"}],"wp:attachment":[{"href":"https:\/\/zzlcmachinery.com\/cs\/wp-json\/wp\/v2\/media?parent=446"}],"wp:term":[{"taxonomy":"product_brand","embeddable":true,"href":"https:\/\/zzlcmachinery.com\/cs\/wp-json\/wp\/v2\/product_brand?post=446"},{"taxonomy":"product_cat","embeddable":true,"href":"https:\/\/zzlcmachinery.com\/cs\/wp-json\/wp\/v2\/product_cat?post=446"},{"taxonomy":"product_tag","embeddable":true,"href":"https:\/\/zzlcmachinery.com\/cs\/wp-json\/wp\/v2\/product_tag?post=446"}],"curies":[{"name":"wp","href":"https:\/\/api.w.org\/{rel}","templated":true}]}}