{"id":433,"date":"2022-09-14T17:37:52","date_gmt":"2022-09-14T09:37:52","guid":{"rendered":"https:\/\/zzlcmachinery.com\/?post_type=product&#038;p=433"},"modified":"2022-11-22T16:02:54","modified_gmt":"2022-11-22T08:02:54","slug":"lc-dw16c-electric-scroll-bending-machine-wrought-iron-machine","status":"publish","type":"product","link":"https:\/\/zzlcmachinery.com\/cs\/produkt\/lc-dw16c-electric-scroll-bending-machine-wrought-iron-machine\/","title":{"rendered":"Elektrick\u00e1 oh\u00fdba\u010dka svitk\u016f LC-DW16C Kujn\u00fd stroj"},"content":{"rendered":"","protected":false},"excerpt":{"rendered":"<p>Tento elektrick\u00fd kovan\u00fd oh\u00fdbac\u00ed stroj LC-DW16C je vhodn\u00fd pro v\u00fdrobu \u017eelezn\u00fdch bran, plot\u016f a schod\u016f. Tento stroj dok\u00e1\u017ee zpracov\u00e1vat r\u016fzn\u00e9 vzorov\u00e9 formy, podporuje vlastn\u00ed formy a obsahuje 6 sad n\u00e1hodn\u00fdch p\u00e1sov\u00fdch forem p\u0159i dod\u00e1n\u00ed. M\u00e1 v\u00fdkonn\u00e9 funkce a dok\u00e1\u017ee oh\u00fdbat r\u016fzn\u00e9 specifikace vzor\u016f \u201eC\u201c, \u201eP\u201c, \u201eS\u201c, je vhodn\u00fd pro zpracov\u00e1n\u00ed vzor\u016f produkt\u016f r\u016fzn\u00fdch velikost\u00ed. Pokud m\u00e1te n\u011bjak\u00e9 dotazy, m\u016f\u017eete n\u00e1m zanechat zpr\u00e1vu!<br \/>\n<strong>TECHNICK\u00c9 PARAMETRY<br \/>\n<\/strong><strong>Model: LC-DW16C<br \/>\n\u017dehli\u010dka:<\/strong> \u2264 8 \u00d7 50 mm<br \/>\n<strong>Kulat\u00e1 ocel:<\/strong> \u03c616 mm<br \/>\n<strong>\u010ctvercov\u00e1 ocel:<\/strong> \u2264 16 \u00d7 16 mm<br \/>\n<strong>Rychlost rolov\u00e1n\u00ed:<\/strong>\u00a0380 M\/H<br \/>\n<strong>Nap\u00e1jen\u00ed:<\/strong> 2,2 kW<br \/>\n<strong>Nap\u011bt\u00ed:<\/strong>\u00a0220V\/380V\/415V<br \/>\n<strong>Rozm\u011br balen\u00ed:<\/strong> 1000\u00d7700\u00d71200 mm<br \/>\n<strong>NW (kg):<\/strong> 310<br \/>\n<strong>GW (kg):<\/strong> 370<\/p>","protected":false},"featured_media":435,"template":"","meta":{"_kad_post_transparent":"default","_kad_post_title":"","_kad_post_layout":"default","_kad_post_sidebar_id":"","_kad_post_content_style":"default","_kad_post_vertical_padding":"default","_kad_post_feature":"","_kad_post_feature_position":"","_kad_post_header":false,"_kad_post_footer":false},"product_brand":[],"product_cat":[29,27],"product_tag":[49,52,51,50],"class_list":{"0":"post-433","1":"product","2":"type-product","3":"status-publish","4":"has-post-thumbnail","6":"product_cat-electric-wrought-iron-processing-machine","7":"product_cat-electric-scroll-bending-machine","8":"product_tag-electric-scroll-bending-machine","9":"product_tag-wrought-iron-bender","10":"product_tag-wrought-iron-bending-machine","11":"product_tag-wrought-iron-processing-machine","13":"first","14":"instock","15":"shipping-taxable","16":"product-type-simple","17":"entry","18":"content-bg","19":"loop-entry"},"_links":{"self":[{"href":"https:\/\/zzlcmachinery.com\/cs\/wp-json\/wp\/v2\/product\/433","targetHints":{"allow":["GET"]}}],"collection":[{"href":"https:\/\/zzlcmachinery.com\/cs\/wp-json\/wp\/v2\/product"}],"about":[{"href":"https:\/\/zzlcmachinery.com\/cs\/wp-json\/wp\/v2\/types\/product"}],"version-history":[{"count":0,"href":"https:\/\/zzlcmachinery.com\/cs\/wp-json\/wp\/v2\/product\/433\/revisions"}],"wp:featuredmedia":[{"embeddable":true,"href":"https:\/\/zzlcmachinery.com\/cs\/wp-json\/wp\/v2\/media\/435"}],"wp:attachment":[{"href":"https:\/\/zzlcmachinery.com\/cs\/wp-json\/wp\/v2\/media?parent=433"}],"wp:term":[{"taxonomy":"product_brand","embeddable":true,"href":"https:\/\/zzlcmachinery.com\/cs\/wp-json\/wp\/v2\/product_brand?post=433"},{"taxonomy":"product_cat","embeddable":true,"href":"https:\/\/zzlcmachinery.com\/cs\/wp-json\/wp\/v2\/product_cat?post=433"},{"taxonomy":"product_tag","embeddable":true,"href":"https:\/\/zzlcmachinery.com\/cs\/wp-json\/wp\/v2\/product_tag?post=433"}],"curies":[{"name":"wp","href":"https:\/\/api.w.org\/{rel}","templated":true}]}}