{"id":389,"date":"2022-08-29T23:20:10","date_gmt":"2022-08-29T15:20:10","guid":{"rendered":"https:\/\/zzlcmachinery.com\/?post_type=product&#038;p=389"},"modified":"2022-12-02T18:43:20","modified_gmt":"2022-12-02T10:43:20","slug":"hydraulic-cold-rolling-metal-wrought-iron-embossing-machine","status":"publish","type":"product","link":"https:\/\/zzlcmachinery.com\/cs\/produkt\/hydraulic-cold-rolling-metal-wrought-iron-embossing-machine\/","title":{"rendered":"Hydraulick\u00fd embosovac\u00ed stroj z tepan\u00e9ho \u017eeleza v\u00e1lcov\u00e1n\u00ed za studena"},"content":{"rendered":"","protected":false},"excerpt":{"rendered":"<p>Tento hydraulick\u00fd razic\u00ed stroj pro v\u00e1lcov\u00e1n\u00ed kov\u016f za studena je profesion\u00e1ln\u00ed za\u0159\u00edzen\u00ed pro v\u00e1lcov\u00e1n\u00ed a kov\u00e1n\u00ed materi\u00e1l\u016f za studena. Tento stroj dok\u00e1\u017ee zpracov\u00e1vat stavebn\u00ed materi\u00e1ly s mezin\u00e1rodn\u00edmi b\u011b\u017en\u00fdmi rozm\u011bry, jako je ploch\u00e9 \u017eelezo, \u010dtvercov\u00e1 trubka, \u010dtvercov\u00e1 ocel, kruhov\u00e1 trubka a kruhov\u00e1 ocel.<\/p>\n<p><strong>TECHNICK\u00c9 PARAMETRY<br \/>\nModel: LC-DL60A<\/strong><br \/>\n<strong>\u017dehli\u010dka:<\/strong>\u00a0\u2264 10 \u00d7 60 mm<br \/>\n<strong>\u010ctvercov\u00e1 ocel:<\/strong>\u00a0\u2264 25 \u00d7 25 mm<br \/>\n<strong>\u010ctvercov\u00e1 trubice:<\/strong>\u00a0\u226460\u00d760mm<br \/>\n<strong>Rychlost rolov\u00e1n\u00ed:<\/strong>\u00a0380 M\/H<br \/>\n<strong>Nap\u00e1jen\u00ed:<\/strong>\u00a05,5 kW<br \/>\n<strong>Nap\u011bt\u00ed:<\/strong>\u00a0220V\/380V\/415V<br \/>\n<strong>Rozm\u011br balen\u00ed:<\/strong>\u00a01900\u00d7710\u00d71420 mm<br \/>\n<strong>NW (kg):<\/strong>\u00a0950<br \/>\n<strong>GW (kg):<\/strong>\u00a01050<\/p>","protected":false},"featured_media":390,"template":"","meta":{"_kad_post_transparent":"default","_kad_post_title":"hide","_kad_post_layout":"fullwidth","_kad_post_sidebar_id":"","_kad_post_content_style":"unboxed","_kad_post_vertical_padding":"hide","_kad_post_feature":"hide","_kad_post_feature_position":"","_kad_post_header":false,"_kad_post_footer":false},"product_brand":[],"product_cat":[29,19],"product_tag":[48,47,46,45,44],"class_list":{"0":"post-389","1":"product","2":"type-product","3":"status-publish","4":"has-post-thumbnail","6":"product_cat-electric-wrought-iron-processing-machine","7":"product_cat-cold-rolling-embossing-machine","8":"product_tag-buy-steel-embossing-machine","9":"product_tag-cold-rolling-embossing-machine","10":"product_tag-roller-embosser-machine","11":"product_tag-steel-pipe-roller-embossing-machine","12":"product_tag-wrought-iron-embossing-machine","14":"first","15":"instock","16":"shipping-taxable","17":"product-type-simple","18":"entry","19":"content-bg","20":"loop-entry"},"_links":{"self":[{"href":"https:\/\/zzlcmachinery.com\/cs\/wp-json\/wp\/v2\/product\/389","targetHints":{"allow":["GET"]}}],"collection":[{"href":"https:\/\/zzlcmachinery.com\/cs\/wp-json\/wp\/v2\/product"}],"about":[{"href":"https:\/\/zzlcmachinery.com\/cs\/wp-json\/wp\/v2\/types\/product"}],"version-history":[{"count":0,"href":"https:\/\/zzlcmachinery.com\/cs\/wp-json\/wp\/v2\/product\/389\/revisions"}],"wp:featuredmedia":[{"embeddable":true,"href":"https:\/\/zzlcmachinery.com\/cs\/wp-json\/wp\/v2\/media\/390"}],"wp:attachment":[{"href":"https:\/\/zzlcmachinery.com\/cs\/wp-json\/wp\/v2\/media?parent=389"}],"wp:term":[{"taxonomy":"product_brand","embeddable":true,"href":"https:\/\/zzlcmachinery.com\/cs\/wp-json\/wp\/v2\/product_brand?post=389"},{"taxonomy":"product_cat","embeddable":true,"href":"https:\/\/zzlcmachinery.com\/cs\/wp-json\/wp\/v2\/product_cat?post=389"},{"taxonomy":"product_tag","embeddable":true,"href":"https:\/\/zzlcmachinery.com\/cs\/wp-json\/wp\/v2\/product_tag?post=389"}],"curies":[{"name":"wp","href":"https:\/\/api.w.org\/{rel}","templated":true}]}}