{"id":361,"date":"2022-12-14T00:01:11","date_gmt":"2022-12-13T16:01:11","guid":{"rendered":"https:\/\/zzlcmachinery.com\/?post_type=product&#038;p=361"},"modified":"2022-12-14T00:41:27","modified_gmt":"2022-12-13T16:41:27","slug":"jk-100-metal-sheet-embossing-machine-manufacturers-suppliers","status":"publish","type":"product","link":"https:\/\/zzlcmachinery.com\/cs\/produkt\/jk-100-metal-sheet-embossing-machine-manufacturers-suppliers\/","title":{"rendered":"V\u00fdrobci a dodavatel\u00e9 embosovac\u00edch stroj\u016f JK-100"},"content":{"rendered":"","protected":false},"excerpt":{"rendered":"<p>Tento v\u00fdrobce a dodavatel embosovac\u00edho stroje JK-100 Metal je profesion\u00e1ln\u00ed stroj pro zpracov\u00e1n\u00ed \u017eelezn\u00e9ho plechu. Materi\u00e1ly, kter\u00e9 lze zpracov\u00e1vat, jsou: \u017eelezn\u00fd plech, hlin\u00edkov\u00fd plech, m\u011bd\u011bn\u00fd plech, nerezov\u00fd plech a tak d\u00e1le. M\u00e1 mnoho v\u00fdhod, kter\u00e9 z n\u011bj \u010din\u00ed z\u00e1kladn\u00ed volbu stroje pro kovan\u00e9 pr\u00e1ce:<br \/>\n1. Vzor lze vybrat voln\u011b, poskytujeme slu\u017ebu p\u0159izp\u016fsoben\u00ed formy.<br \/>\n2. Rychlost zpracov\u00e1n\u00ed stroje lze upravit.<br \/>\n3. Plech v\u00e1lcovan\u00fd za studena, vzor je vynikaj\u00edc\u00ed a nebude se deformovat.<br \/>\n4. \u0160\u00ed\u0159ku a tlou\u0161\u0165ku zpracovatelsk\u00e9ho materi\u00e1lu stroje lze p\u0159izp\u016fsobit podle materi\u00e1lu z\u00e1kazn\u00edka.<br \/>\n5. Levn\u00e1 cena vysok\u00e1 kvalita, mal\u00e9 CBM a levn\u00e9 n\u00e1kladn\u00ed.<br \/>\n<strong>TECHNICK\u00c9 PARAMETRY<\/strong><br \/>\n<strong>Materi\u00e1l:<\/strong>\u00a0\u017delezn\u00fd plech, Hlin\u00edkov\u00fd plech, M\u011bd\u011bn\u00fd plech, Plech z nerezov\u00e9 oceli<br \/>\n<strong>\u0160\u00ed\u0159ka materi\u00e1lu: 100<\/strong>mm<br \/>\n<strong>Tlou\u0161\u0165ka materi\u00e1lu<\/strong>: maxim\u00e1ln\u011b 2 mm<br \/>\n<strong>Nap\u00e1jen\u00ed:<\/strong> 2,2KW (podle \u0161\u00ed\u0159ky a tlou\u0161\u0165ky v\u00e1lcovan\u00e9ho materi\u00e1lu podle skute\u010dn\u00fdch pot\u0159eb z\u00e1kazn\u00edk\u016f)<br \/>\n<strong>Nap\u011bt\u00ed:<\/strong>\u00a0220V\/380V\/415V<br \/>\n<strong>Rozm\u011br balen\u00ed:<\/strong>\u00a01500 \u00d7 710 \u00d7 800 mm<br \/>\n<strong>NW (kg):<\/strong>\u00a0350<br \/>\n<strong>GW (kg):<\/strong>\u00a0400<\/p>","protected":false},"featured_media":1542,"template":"","meta":{"_kad_post_transparent":"default","_kad_post_title":"","_kad_post_layout":"default","_kad_post_sidebar_id":"","_kad_post_content_style":"default","_kad_post_vertical_padding":"default","_kad_post_feature":"","_kad_post_feature_position":"","_kad_post_header":false,"_kad_post_footer":false},"product_brand":[],"product_cat":[19,29],"product_tag":[528,526,525,527,529,520,524,523],"class_list":{"0":"post-361","1":"product","2":"type-product","3":"status-publish","4":"has-post-thumbnail","6":"product_cat-cold-rolling-embossing-machine","7":"product_cat-electric-wrought-iron-processing-machine","8":"product_tag-china-metal-sheet-embossing-machine-factory-suppliers","9":"product_tag-low-price-automatic-metal-sheet-embossing-machine","10":"product_tag-metal-embossing-machine-line","11":"product_tag-metal-sheet-embossing-machine","12":"product_tag-metal-sheet-embossing-machine-at-best-price","13":"product_tag-metal-sheet-embossing-machine-manufacturers-suppliers","14":"product_tag-sheet-metal-embossing-machine","15":"product_tag-sheet-metal-manufacturing","17":"first","18":"instock","19":"shipping-taxable","20":"product-type-simple","21":"entry","22":"content-bg","23":"loop-entry"},"_links":{"self":[{"href":"https:\/\/zzlcmachinery.com\/cs\/wp-json\/wp\/v2\/product\/361","targetHints":{"allow":["GET"]}}],"collection":[{"href":"https:\/\/zzlcmachinery.com\/cs\/wp-json\/wp\/v2\/product"}],"about":[{"href":"https:\/\/zzlcmachinery.com\/cs\/wp-json\/wp\/v2\/types\/product"}],"version-history":[{"count":0,"href":"https:\/\/zzlcmachinery.com\/cs\/wp-json\/wp\/v2\/product\/361\/revisions"}],"wp:featuredmedia":[{"embeddable":true,"href":"https:\/\/zzlcmachinery.com\/cs\/wp-json\/wp\/v2\/media\/1542"}],"wp:attachment":[{"href":"https:\/\/zzlcmachinery.com\/cs\/wp-json\/wp\/v2\/media?parent=361"}],"wp:term":[{"taxonomy":"product_brand","embeddable":true,"href":"https:\/\/zzlcmachinery.com\/cs\/wp-json\/wp\/v2\/product_brand?post=361"},{"taxonomy":"product_cat","embeddable":true,"href":"https:\/\/zzlcmachinery.com\/cs\/wp-json\/wp\/v2\/product_cat?post=361"},{"taxonomy":"product_tag","embeddable":true,"href":"https:\/\/zzlcmachinery.com\/cs\/wp-json\/wp\/v2\/product_tag?post=361"}],"curies":[{"name":"wp","href":"https:\/\/api.w.org\/{rel}","templated":true}]}}