{"id":1552,"date":"2022-12-14T00:42:52","date_gmt":"2022-12-13T16:42:52","guid":{"rendered":"https:\/\/zzlcmachinery.com\/?post_type=product&#038;p=1552"},"modified":"2023-03-08T12:35:05","modified_gmt":"2023-03-08T04:35:05","slug":"jk-300-factory-directly-automatic-metal-sheet-embossing-machine","status":"publish","type":"product","link":"https:\/\/zzlcmachinery.com\/cs\/produkt\/jk-300-factory-directly-automatic-metal-sheet-embossing-machine\/","title":{"rendered":"JK-300 Factory p\u0159\u00edmo automatick\u00fd embosovac\u00ed stroj na plech"},"content":{"rendered":"","protected":false},"excerpt":{"rendered":"<p>Tento p\u0159\u00edmo automatick\u00fd embosovac\u00ed stroj JK-300 Factory dok\u00e1\u017ee zpracov\u00e1vat za studena v\u00e1lcovan\u00e9 plechov\u00e9 plechy, hlin\u00edkov\u00e9 plechy, plechov\u00e9 nerezov\u00e9 plechy a plechov\u00e9 m\u011bd\u011bn\u00e9 plechy podle vzor\u016f, kter\u00e9 si z\u00e1kazn\u00edci p\u0159ej\u00ed. Se strojem je n\u00e1hodn\u011b dod\u00e1v\u00e1na sada forem. N\u00e1\u0161 technick\u00fd t\u00fdm m\u016f\u017ee poskytnout bezplatn\u00e9 slu\u017eby vlastn\u00edho n\u00e1vrhu forem. Rozmanitost vzor\u016f rozhodn\u011b umo\u017en\u00ed z\u00e1kazn\u00edk\u016fm konkurovat na nel\u00edtostn\u00e9m m\u00edstn\u00edm trhu. Od konkurence vy\u010dn\u00edv\u00e1 sv\u00fdm jedine\u010dn\u00fdm vzorem.<br \/>\nZpracovan\u00fd hotov\u00fd v\u00fdrobek lze d\u00e1le vylisovat do tvaru, kter\u00fd si z\u00e1kazn\u00edk p\u0159eje na z\u00e1rube\u0148, m\u0159\u00ed\u017e, okenn\u00ed r\u00e1m, v\u00fdpl\u0148 dve\u0159\u00ed, zelen\u00e9 z\u00e1bradl\u00ed atd. V\u0161e lze pou\u017e\u00edt do tenk\u00fdch \u017eelezn\u00fdch pl\u00e1t\u016f se vzory.<br \/>\n<strong>TECHNICK\u00c9 PARAMETRY<\/strong><br \/>\n<strong>Materi\u00e1l:<\/strong>\u00a0\u017delezn\u00fd plech, Hlin\u00edkov\u00fd plech, M\u011bd\u011bn\u00fd plech, Plech z nerezov\u00e9 oceli<br \/>\n<strong>\u0160\u00ed\u0159ka materi\u00e1lu: 300<\/strong>mm<br \/>\n<strong>Tlou\u0161\u0165ka materi\u00e1lu<\/strong>: maxim\u00e1ln\u011b 2 mm<br \/>\n<strong>Nap\u00e1jen\u00ed:<\/strong> 4KW (podle \u0161\u00ed\u0159ky a tlou\u0161\u0165ky v\u00e1lcovan\u00e9ho materi\u00e1lu dle skute\u010dn\u00fdch pot\u0159eb z\u00e1kazn\u00edk\u016f)<br \/>\n<strong>Nap\u011bt\u00ed:<\/strong>\u00a0220V\/380V\/415V<br \/>\n<strong>Rozm\u011br balen\u00ed:<\/strong>\u00a01500 \u00d7 710 \u00d7 800 mm<br \/>\n<strong>NW (kg):<\/strong>\u00a0350<br \/>\n<strong>GW (kg):<\/strong>\u00a0400<\/p>","protected":false},"featured_media":1562,"template":"","meta":{"_kad_post_transparent":"default","_kad_post_title":"hide","_kad_post_layout":"fullwidth","_kad_post_sidebar_id":"","_kad_post_content_style":"unboxed","_kad_post_vertical_padding":"hide","_kad_post_feature":"hide","_kad_post_feature_position":"","_kad_post_header":false,"_kad_post_footer":false},"product_brand":[],"product_cat":[19,29],"product_tag":[537,535,533,531,530,536,532,538,534],"class_list":{"0":"post-1552","1":"product","2":"type-product","3":"status-publish","4":"has-post-thumbnail","6":"product_cat-cold-rolling-embossing-machine","7":"product_cat-electric-wrought-iron-processing-machine","8":"product_tag-aluminum-sheet-cold-embossing-machine","9":"product_tag-buy-cold-steel-sheet-embossing-machine","10":"product_tag-cold-roll-former-line","11":"product_tag-copper-sheet-embossing-machine","12":"product_tag-factory-directly-automatic-metal-sheet-embossing-machine","13":"product_tag-iron-sheet-cold-embossing-machine","14":"product_tag-roll-forming-machine-manufacturer","15":"product_tag-stainless-steel-sheet-cold-embossing-machine","16":"product_tag-steel-plate-embossing-machinery","18":"first","19":"instock","20":"shipping-taxable","21":"product-type-simple","22":"entry","23":"content-bg","24":"loop-entry"},"_links":{"self":[{"href":"https:\/\/zzlcmachinery.com\/cs\/wp-json\/wp\/v2\/product\/1552","targetHints":{"allow":["GET"]}}],"collection":[{"href":"https:\/\/zzlcmachinery.com\/cs\/wp-json\/wp\/v2\/product"}],"about":[{"href":"https:\/\/zzlcmachinery.com\/cs\/wp-json\/wp\/v2\/types\/product"}],"version-history":[{"count":0,"href":"https:\/\/zzlcmachinery.com\/cs\/wp-json\/wp\/v2\/product\/1552\/revisions"}],"wp:featuredmedia":[{"embeddable":true,"href":"https:\/\/zzlcmachinery.com\/cs\/wp-json\/wp\/v2\/media\/1562"}],"wp:attachment":[{"href":"https:\/\/zzlcmachinery.com\/cs\/wp-json\/wp\/v2\/media?parent=1552"}],"wp:term":[{"taxonomy":"product_brand","embeddable":true,"href":"https:\/\/zzlcmachinery.com\/cs\/wp-json\/wp\/v2\/product_brand?post=1552"},{"taxonomy":"product_cat","embeddable":true,"href":"https:\/\/zzlcmachinery.com\/cs\/wp-json\/wp\/v2\/product_cat?post=1552"},{"taxonomy":"product_tag","embeddable":true,"href":"https:\/\/zzlcmachinery.com\/cs\/wp-json\/wp\/v2\/product_tag?post=1552"}],"curies":[{"name":"wp","href":"https:\/\/api.w.org\/{rel}","templated":true}]}}