{"id":867,"date":"2022-11-10T00:20:57","date_gmt":"2022-11-09T16:20:57","guid":{"rendered":"https:\/\/zzlcmachinery.com\/?post_type=product&#038;p=867"},"modified":"2022-12-13T13:42:15","modified_gmt":"2022-12-13T05:42:15","slug":"jk-30-sheet-iron-plate-cold-embossing-machine","status":"publish","type":"product","link":"https:\/\/zzlcmachinery.com\/af\/product\/jk-30-sheet-iron-plate-cold-embossing-machine\/","title":{"rendered":"JK-30 Sheet Yster Plaat Koue Bosseleermasjien"},"content":{"rendered":"","protected":false},"excerpt":{"rendered":"<p>JK-30 &#039;n Plaatplaat-koue bosseleermasjien is &#039;n tipe masjien wat gebruik word om patrone of ontwerpe op metaalplate te bosseleer sonder die gebruik van hitte. Dit word gedoen deur die metaalplaat tussen twee matryse te druk wat \u00f3f met die verlangde patroon gegraveer is \u00f3f gemaak is van &#039;n vorm van die ontwerp vir die kli\u00ebnt se behoefte. Die masjien oefen druk op die metaalplaat uit, wat veroorsaak dat dit die vorm van die matryse aanneem en &#039;n reli\u00ebfpatroon op die oppervlak van die metaal skep. Koue bosseleerwerk is &#039;n algemene tegniek wat gebruik word in die vervaardiging van produkte soos metaaltekens, dekoratiewe panele en ander produkte wat reli\u00ebfpatrone op metaalplate vereis. Koue bosseleerwerk word dikwels bo warm bosseleerwerk verkies omdat dit nie die gebruik van hitte behels nie, wat die metaal kan beskadig of verwring.<br \/>\nDie breedte van die ysterplaat en die patroon van die vorm kan gratis aangepas word!<br \/>\n<strong>TEGNIESE PARAMETER<\/strong><br \/>\n<strong>Materiaal:<\/strong> Ysterplaat, aluminiumplaat, koperplaat, vlekvrye staalplaat<br \/>\n<strong>Materiaal breedte:<\/strong>30 mm<br \/>\n<strong>Materiaal dikte<\/strong>: maksimum 2 mm<br \/>\n<strong>Krag:<\/strong> 2.2KW (Volgens die breedte en dikte van die gerolde materiaal volgens die werklike behoeftes van kli\u00ebnte)<br \/>\n<strong>Spanning:<\/strong>\u00a0220V\/380V\/415V<br \/>\n<strong>Verpakking afmeting:<\/strong> 1500\u00d7710\u00d7800 mm<br \/>\n<strong>NW (kg):<\/strong> 350<br \/>\n<strong>GW (kg):<\/strong> 400<\/p>","protected":false},"featured_media":1535,"template":"","meta":{"_kad_post_transparent":"default","_kad_post_title":"hide","_kad_post_layout":"fullwidth","_kad_post_sidebar_id":"","_kad_post_content_style":"unboxed","_kad_post_vertical_padding":"hide","_kad_post_feature":"hide","_kad_post_feature_position":"","_kad_post_header":false,"_kad_post_footer":false},"product_brand":[],"product_cat":[29,19],"product_tag":[47,521,519,518,520,517,522],"class_list":{"0":"post-867","1":"product","2":"type-product","3":"status-publish","4":"has-post-thumbnail","6":"product_cat-electric-wrought-iron-processing-machine","7":"product_cat-cold-rolling-embossing-machine","8":"product_tag-cold-rolling-embossing-machine","9":"product_tag-cold-rolling-sheet-embossing-machine-manufacturers","10":"product_tag-iorn-sheet-embossing-machine","11":"product_tag-iron-plate-cold-embossing-machine","12":"product_tag-metal-sheet-embossing-machine-manufacturers-suppliers","13":"product_tag-sheet-iron-plate-cold-embossing-machine","14":"product_tag-sheet-iron-plate-embossing-machine","16":"first","17":"instock","18":"shipping-taxable","19":"product-type-simple","20":"entry","21":"content-bg","22":"loop-entry"},"_links":{"self":[{"href":"https:\/\/zzlcmachinery.com\/af\/wp-json\/wp\/v2\/product\/867","targetHints":{"allow":["GET"]}}],"collection":[{"href":"https:\/\/zzlcmachinery.com\/af\/wp-json\/wp\/v2\/product"}],"about":[{"href":"https:\/\/zzlcmachinery.com\/af\/wp-json\/wp\/v2\/types\/product"}],"version-history":[{"count":0,"href":"https:\/\/zzlcmachinery.com\/af\/wp-json\/wp\/v2\/product\/867\/revisions"}],"wp:featuredmedia":[{"embeddable":true,"href":"https:\/\/zzlcmachinery.com\/af\/wp-json\/wp\/v2\/media\/1535"}],"wp:attachment":[{"href":"https:\/\/zzlcmachinery.com\/af\/wp-json\/wp\/v2\/media?parent=867"}],"wp:term":[{"taxonomy":"product_brand","embeddable":true,"href":"https:\/\/zzlcmachinery.com\/af\/wp-json\/wp\/v2\/product_brand?post=867"},{"taxonomy":"product_cat","embeddable":true,"href":"https:\/\/zzlcmachinery.com\/af\/wp-json\/wp\/v2\/product_cat?post=867"},{"taxonomy":"product_tag","embeddable":true,"href":"https:\/\/zzlcmachinery.com\/af\/wp-json\/wp\/v2\/product_tag?post=867"}],"curies":[{"name":"wp","href":"https:\/\/api.w.org\/{rel}","templated":true}]}}