{"id":608,"date":"2022-10-18T17:16:42","date_gmt":"2022-10-18T09:16:42","guid":{"rendered":"https:\/\/zzlcmachinery.com\/?post_type=product&#038;p=608"},"modified":"2022-11-22T17:02:01","modified_gmt":"2022-11-22T09:02:01","slug":"iron-efficient-power-heater-for-wrought-iron","status":"publish","type":"product","link":"https:\/\/zzlcmachinery.com\/af\/product\/iron-efficient-power-heater-for-wrought-iron\/","title":{"rendered":"Yster Doeltreffende Kragverwarmer Vir Smeedyster"},"content":{"rendered":"","protected":false},"excerpt":{"rendered":"<p>Ysterdoeltreffende kragverwarmer vir yster van fabriek vir metaalvaartuie.<br \/>\nMetaal induksie verwarmer is &#039;n vinnige, veilige en doeltreffende verhitting metode wat wyd gebruik word in die metaal verwerking en smee industrie. Die toerusting gebruik ho\u00ebfrekwensie-induksieverhitting, sirkulerende waterverkoeling, waaierverkoeling en ander tegnologie\u00eb om die masjien in staat te stel om vir &#039;n lang tyd voortdurend te verhit. Ho\u00ebfrekwensie verwarmingsmasjien word wyd gebruik in metaalsmee, soos verhitting van plat yster, vierkantige staal, ronde staal in ysterkuns verwarmingsingenieurswese, verhitting van dele in blusproses,<br \/>\nDie grootste voordeel van hierdie masjien is dat dit die verhitting van 16x16mm vierkante staal in 5 sekondes kan voltooi, met minder kragverbruik, vinnige verhitting, veiligheidsbeskerming en spaarverhittingsspoele. Dit is baie geliefd onder smede en deur- en vensterverwerkingsfabrieke<br \/>\n24 uur aanlyn diens, laat weet ons as u enige vrae het!<br \/>\n<strong>TEGNIESE PARAMETER<br \/>\n<\/strong><strong>Model: LC-GPIV36<br \/>\nMaksimum werksvermo\u00eb:<\/strong> Platyster\u226410x50mm<br \/>\nVierkantige staal \u226420X20mm<br \/>\nAnder werkstuk deursnee\u226430mm<br \/>\n<strong>Krag:<\/strong>uitsetstuwing elektriese stroom: 300A-1400A<br \/>\nInvoer elektriese stroom:4-36A<br \/>\n<strong>Spanning:<\/strong> Die reeks insetspanning: 320-420v 50HZ<br \/>\n<strong>Verpakking afmeting:<\/strong> 1050\u00d7680\u00d71520mm<br \/>\n<strong>NW (kg):<\/strong> 230\u00a0 \u00a0 \u00a0<strong>GW (kg):<\/strong> 260<\/p>","protected":false},"featured_media":610,"template":"","meta":{"_kad_post_transparent":"default","_kad_post_title":"","_kad_post_layout":"default","_kad_post_sidebar_id":"","_kad_post_content_style":"default","_kad_post_vertical_padding":"default","_kad_post_feature":"","_kad_post_feature_position":"","_kad_post_header":false,"_kad_post_footer":false},"product_brand":[],"product_cat":[29,32],"product_tag":[140,136,138,142,137,144,139,141,143],"class_list":{"0":"post-608","1":"product","2":"type-product","3":"status-publish","4":"has-post-thumbnail","6":"product_cat-electric-wrought-iron-processing-machine","7":"product_cat-power-of-iron-effcient-heater","8":"product_tag-china-the-power-of-iron-efficient-heate","9":"product_tag-high-frequency-heating-machine","10":"product_tag-iron-efficient-power-heater","11":"product_tag-metal-craft-machines","12":"product_tag-ornamental-iron-machine","13":"product_tag-reliable-quality-iron-effcient-heater","14":"product_tag-the-power-of-iron-efficienet-heater","15":"product_tag-wholesale-el-gp-iv-36-the-power-machine-of-iron-efficient-heater","16":"product_tag-wrought-iron-heating-machine","18":"first","19":"instock","20":"shipping-taxable","21":"product-type-simple","22":"entry","23":"content-bg","24":"loop-entry"},"_links":{"self":[{"href":"https:\/\/zzlcmachinery.com\/af\/wp-json\/wp\/v2\/product\/608","targetHints":{"allow":["GET"]}}],"collection":[{"href":"https:\/\/zzlcmachinery.com\/af\/wp-json\/wp\/v2\/product"}],"about":[{"href":"https:\/\/zzlcmachinery.com\/af\/wp-json\/wp\/v2\/types\/product"}],"version-history":[{"count":0,"href":"https:\/\/zzlcmachinery.com\/af\/wp-json\/wp\/v2\/product\/608\/revisions"}],"wp:featuredmedia":[{"embeddable":true,"href":"https:\/\/zzlcmachinery.com\/af\/wp-json\/wp\/v2\/media\/610"}],"wp:attachment":[{"href":"https:\/\/zzlcmachinery.com\/af\/wp-json\/wp\/v2\/media?parent=608"}],"wp:term":[{"taxonomy":"product_brand","embeddable":true,"href":"https:\/\/zzlcmachinery.com\/af\/wp-json\/wp\/v2\/product_brand?post=608"},{"taxonomy":"product_cat","embeddable":true,"href":"https:\/\/zzlcmachinery.com\/af\/wp-json\/wp\/v2\/product_cat?post=608"},{"taxonomy":"product_tag","embeddable":true,"href":"https:\/\/zzlcmachinery.com\/af\/wp-json\/wp\/v2\/product_tag?post=608"}],"curies":[{"name":"wp","href":"https:\/\/api.w.org\/{rel}","templated":true}]}}